{"id":443,"date":"2024-07-17T15:24:09","date_gmt":"2024-07-17T12:24:09","guid":{"rendered":"https:\/\/texus.fi\/?post_type=product&#038;p=443"},"modified":"2025-03-05T14:22:10","modified_gmt":"2025-03-05T11:22:10","slug":"seraphim-nebula-series-182mm-lightweight-dual-glass-modules","status":"publish","type":"product","link":"https:\/\/texus.fi\/fi\/seraphim-nebula-series-182mm-lightweight-dual-glass-modules\/","title":{"rendered":"Seraphim &#8211; Nebula-sarja &#8211; 182mm kevyet kaksilasiset moduulit"},"content":{"rendered":"<div id=\"eluide9f87a2f\" class=\"eluide9f87a2f col-md-6 col-sm-6 znColumnElement\">\n<div class=\"znColumnElement-innerWrapper-eluide9f87a2f znColumnElement-innerWrapper znColumnElement-innerWrapper--valign-center znColumnElement-innerWrapper--halign-left \">\n<div class=\"znColumnElement-innerContent\">\n<div class=\"kl-title-block clearfix tbk--text- tbk--left text-left tbk-symbol-- tbk-icon-pos--after-title eluid01d1d723 \">\n<div class=\"tbk__subtitle\"><span data-sheets-root=\"1\">Seraphim on tuonut markkinoille uuden Nebula-sarjan kevyen kaksoislasimoduulin, joka on 54-soluinen ja 60-soluinen moduuli, joka perustuu 182 mm:n piikiekkoon. Moduulin teho kattaa 400-460W, mik\u00e4 vastaa erityyppisten kattojen tarpeita. Uudessa kevyess\u00e4 kaksilasimoduulissa on k\u00e4ytetty 1,6 mm + 1,6 mm:n bifacial-kaksilasirakennetta, joka on ohuempi, kevyempi ja tehokkaampi. Ohuempi bifacial-muotoilu yhdess\u00e4 28 mm:n eritt\u00e4in kapean kehyksen kanssa voi v\u00e4hent\u00e4\u00e4 huomattavasti moduulien painoa.<\/span><\/div>\n<\/div>\n<\/div>\n<\/div>\n<\/div>\n<p class=\"tbk__subtitle\"><strong>Tietolehti:<\/strong><\/p>\n<p><a href=\"https:\/\/texus.fi\/wp-content\/uploads\/2024\/07\/SRP-400-415-BMD-HV_182_28-Frame_EN_2024V1.0-min.pdf\">SRP-(400-415)-BMD-HV_182_28 Frame_EN_2024V1.0-min<\/a><\/p>\n<p><a href=\"https:\/\/texus.fi\/wp-content\/uploads\/2024\/07\/SRP-390-405-BMD-Full-Black-BG_28-Frame_182_EN_2024V1.0-min.pdf\">SRP-(390-405)-BMD-Full Black-BG_28 Frame_182_EN_2024V1.0-min<\/a><\/p>\n<p><a href=\"https:\/\/texus.fi\/wp-content\/uploads\/2024\/07\/SRP-390-405-BMD-Full-Black-HV_28-Frame_182_EN_2024V1.0-min.pdf\">SRP-(390-405)-BMD-Full Black-HV_28 Frame_182_EN_2024V1.0-min<\/a><\/p>\n<p><a href=\"https:\/\/texus.fi\/wp-content\/uploads\/2024\/07\/SRP-400-415-BMD-BG_182_28-Frame_EN_2024V1.0-min.pdf\">SRP-(400-415)-BMD-BG_182_28 Frame_EN_2024V1.0-min<\/a><\/p>\n<p><a href=\"https:\/\/texus.fi\/wp-content\/uploads\/2024\/07\/SRP-415-430-BTD-Full-Black-BG_28-Frame_182_EN_2024V1.1-min.pdf\">SRP-(415-430)-BTD-Full Black-BG_28 Frame_182_EN_2024V1.1-min<\/a><\/p>\n<p><a href=\"https:\/\/texus.fi\/wp-content\/uploads\/2024\/07\/SRP-425-440-BTD-BG_182_28-Frame_EN_2024V1.1-min.pdf\">SRP-(425-440)-BTD-BG_182_28 Frame_EN_2024V1.1-min<\/a><\/p>\n<p>&nbsp;<\/p>\n<p>&nbsp;<\/p>\n<p>&nbsp;<\/p>\n","protected":false},"excerpt":{"rendered":"<p><span data-sheets-root=\"1\">Seraphim on tuonut markkinoille uuden Nebula-sarjan kevyen kaksoislasimoduulin, joka on 54-soluinen ja 60-soluinen moduuli, joka perustuu 182 mm:n piikiekkoon. Moduulin teho kattaa 400-460W, mik\u00e4 vastaa erityyppisten kattojen tarpeita. Uudessa kevyess\u00e4 kaksilasimoduulissa on k\u00e4ytetty 1,6 mm + 1,6 mm:n bifacial-kaksilasirakennetta, joka on ohuempi, kevyempi ja tehokkaampi. Ohuempi bifacial-muotoilu yhdess\u00e4 28 mm:n eritt\u00e4in kapean kehyksen kanssa voi v\u00e4hent\u00e4\u00e4 huomattavasti moduulien painoa.<\/span><\/p>\n","protected":false},"featured_media":3254,"comment_status":"open","ping_status":"closed","template":"","meta":[],"product_brand":[],"product_cat":[27,28,15],"product_tag":[],"class_list":{"0":"post-443","1":"product","2":"type-product","3":"status-publish","4":"has-post-thumbnail","6":"product_cat-aurinkopaneelit","7":"product_cat-bifacial","8":"product_cat-products","9":"pa_brands-seraphim","11":"first","12":"outofstock","13":"taxable","14":"shipping-taxable","15":"product-type-simple"},"_links":{"self":[{"href":"https:\/\/texus.fi\/fi\/wp-json\/wp\/v2\/product\/443","targetHints":{"allow":["GET"]}}],"collection":[{"href":"https:\/\/texus.fi\/fi\/wp-json\/wp\/v2\/product"}],"about":[{"href":"https:\/\/texus.fi\/fi\/wp-json\/wp\/v2\/types\/product"}],"replies":[{"embeddable":true,"href":"https:\/\/texus.fi\/fi\/wp-json\/wp\/v2\/comments?post=443"}],"wp:featuredmedia":[{"embeddable":true,"href":"https:\/\/texus.fi\/fi\/wp-json\/wp\/v2\/media\/3254"}],"wp:attachment":[{"href":"https:\/\/texus.fi\/fi\/wp-json\/wp\/v2\/media?parent=443"}],"wp:term":[{"taxonomy":"product_brand","embeddable":true,"href":"https:\/\/texus.fi\/fi\/wp-json\/wp\/v2\/product_brand?post=443"},{"taxonomy":"product_cat","embeddable":true,"href":"https:\/\/texus.fi\/fi\/wp-json\/wp\/v2\/product_cat?post=443"},{"taxonomy":"product_tag","embeddable":true,"href":"https:\/\/texus.fi\/fi\/wp-json\/wp\/v2\/product_tag?post=443"}],"curies":[{"name":"wp","href":"https:\/\/api.w.org\/{rel}","templated":true}]}}