{"id":4430,"date":"2025-06-02T15:22:12","date_gmt":"2025-06-02T12:22:12","guid":{"rendered":"https:\/\/texus.fi\/?post_type=product&#038;p=4430"},"modified":"2026-01-23T12:26:30","modified_gmt":"2026-01-23T09:26:30","slug":"ecoflow-delta-pro-400w-aurinkopaneeli","status":"publish","type":"product","link":"https:\/\/texus.fi\/fi\/ecoflow-delta-pro-400w-aurinkopaneeli\/","title":{"rendered":"EcoFlow DELTA Pro + 400W Aurinkopaneeli"},"content":{"rendered":"<p><strong>EcoFlow DELTA Pro + 400W Aurinkopaneeli &#8211;\u00a0<\/strong>Paketti sinulle joka olet jatkuvasti liikkeell\u00e4, eik\u00e4 verkkovirtaa ole aina saatavilla. Erinomainen valinta retkeily-\/matkailuautoon, m\u00f6kille tai veneeseen. EcoFlow Delta Pro virta-aseman 3600Wh virtakapasiteetill\u00e4 p\u00e4rj\u00e4\u00e4 jo itsess\u00e4\u00e4n pitk\u00e4\u00e4n, mutta aurinkopaneeli yhdistelm\u00e4ll\u00e4 nostat p\u00e4ivitt\u00e4isen virrantuotto kapasiteetin yli 11000 wattituntiin. Paketti sis\u00e4lt\u00e4\u00e4 kaiken tarvittavan jokap\u00e4iv\u00e4iseen k\u00e4ytt\u00f6\u00f6n.<\/p>\n<p><strong>Paketin ominaisuuksia<br \/>\n<\/strong>\u2022 Tuottaa jopa 11,2 kWh p\u00e4iv\u00e4ss\u00e4<br \/>\n\u2022 3600 W AC-l\u00e4ht\u00f6<br \/>\n\u2022 23 % hy\u00f6tysuhde takaa nopean aurinkolatausnopeuden: 0-100 % 3,5 tunnissa (3 paneelia), 5,5 tunnissa (2 paneelia) ja 11 tunnissa (1 paneelia)<br \/>\n\u2022 IP68 p\u00f6ly- ja vesitiivis<br \/>\n\u2022 Ohjausmahdollisuus EcoFlow-puhelinsovelluksella<br \/>\n\u2022 5 vuoden takuu DELTA Prolle ja 24 kuukauden takuu 400 W:n kannettavalle aurinkopaneelille<\/p>\n<p>Valittavissa olevat setit<br \/>\n\u2022 +1kpl aurinkopaneeli<br \/>\n\u2022 +2kpl aurinkopaneeli<br \/>\n\u2022 +3kpl aurinkopaneeli<\/p>\n<p>EcoFlow 400W aurinkopaneelin ominaisuuksia<br \/>\n\u2022 Eritt\u00e4in tehokas &#8211; T\u00e4m\u00e4 yksiosainen, kokoontaitettava 400 W:n aurinkopaneeli sopii t\u00e4ydellisesti kotiin, retkeilyyn ja verkkovapaaseen el\u00e4m\u00e4\u00e4n. Suuren aurinkotehon ja parannetun 23 %:n hy\u00f6tysuhteen ansiosta voit ladata kannettavan virta-asemasi entist\u00e4 nopeammin.<br \/>\n\u2022 Itsekantava &#8211; Suojakotelo taittuu k\u00e4tev\u00e4sti ulos vakaaksi jalustaksi, jota voidaan s\u00e4\u00e4t\u00e4\u00e4 40-80\u00b0:n v\u00e4lill\u00e4, jolloin joustava aurinkopaneeli voidaan s\u00e4\u00e4t\u00e4\u00e4 optimaaliseen asentoon aurinkoon n\u00e4hden.<br \/>\n\u2022 Kest\u00e4v\u00e4 ja kevyt &#8211;\u00a0Valmistettu taipuisan EVA:n ja kest\u00e4v\u00e4n lasikuidun kerroksista, joissa yhdistyv\u00e4t joustavien aurinkopaneelien monipuolisuus ja j\u00e4ykkien aurinkopaneelien lujuus. Vain 16 kg:n paino, kevyt rakenne ja sis\u00e4\u00e4nrakennettu olkahihna tekev\u00e4t siit\u00e4 ihanteellisen ulkoseikkailijoille.<br \/>\n\u2022 S\u00e4\u00e4nkest\u00e4v\u00e4 &#8211;\u00a0Jokainen yksikiteinen piikenno on p\u00e4\u00e4llystetty ETFE-kalvolla, joka suojaa roskilta, lialta ja vedelt\u00e4. IP68-vedenpit\u00e4vyysluokituksen ansiosta t\u00e4m\u00e4 kannettava aurinkopaneeli toimii turvallisesti kaikenlaisissa s\u00e4\u00e4olosuhteissa, ja se sopii erinomaisesti retkeilyyn ja kattok\u00e4ytt\u00f6\u00f6n.<br \/>\n\u2022 Kokoontaitettava ja kannettava &#8211; Kompakti muotoilu, t\u00e4m\u00e4 400W aurinkopaneeli s\u00e4\u00e4st\u00e4\u00e4 tilaa matkoilla ja s\u00e4ilytyksess\u00e4. Helppo asentaa lataamaan kannettavaa s\u00e4hk\u00f6asemaa. Kun olet valmis l\u00e4htem\u00e4\u00e4n, taita paneeli nopeasti kokoon, liu&#8217;uta se suojakoteloon ja pakkaa mukaan vaikka matkailuautoon.<\/p>\n<p><strong>EcoFlow Delta Pro virta-asema &#8211;\u00a0<\/strong>Delta sarjan lippulaiva 3600W kapasiteetillaan. Eritt\u00e4in monipuolisilla toiminnoillaan sek\u00e4 laajennusmahdollisuuksillaan t\u00e4m\u00e4 yksil\u00f6 on nykyaikaisten virta-asemien ykk\u00f6nen.<\/p>\n<p>EcoFlow Delta Pro ominaisuuksia<br \/>\n\u2022 Ensimm\u00e4inen kannettava virta-asema, joka on suunniteltu niin kotik\u00e4ytt\u00f6\u00f6n kuin matkailu-\/retkeilyauto k\u00e4ytt\u00f6\u00f6n<br \/>\n\u2022 3,6-25 kWh laajennettavissa oleva kapasiteetti<br \/>\n\u2022 3600W\u20137200W AC-l\u00e4ht\u00f6 99 %:lle laitteista<br \/>\n\u2022 Helppo ja k\u00e4tev\u00e4 liikutella rullien ansiosta<br \/>\n\u2022 Uskomaton 6500W MultiCharge, 2,7 tunnin vaihtovirtalataus<br \/>\n\u2022 Lataa asuntoautosi ja s\u00e4hk\u00f6autosi milloin tahansa ja miss\u00e4 tahansa<br \/>\n\u2022 Latausmahdollisuus tuhansilla s\u00e4hk\u00f6autoasemilla maailmanlaajuisesti<br \/>\n\u2022 Pitk\u00e4kestoinen LFP-akku tukee jopa 10 vuotta<br \/>\n\u2022 Yhdistett\u00e4viss\u00e4 EcoFlow Smart Generaattoriin<br \/>\n\u2022 Ohjattavissa EcoFlow puhelinsovelluksella<\/p>\n<p>EcoFlow Delta Pro teknisi\u00e4 tietoja<br \/>\n\u2022 Paino: 45kg<br \/>\n\u2022 Koko: 63,5 x 28,4 x 42 cm<br \/>\n\u2022 Kapasiteetti: 3600 Wh<br \/>\n\u2022 Optio lis\u00e4akulle: Tukee kahta DELTA Pro Smart Extra -akkua sek\u00e4 yht\u00e4 Smart Generaattoria<br \/>\n\u2022 AC-l\u00e4ht\u00f6: 4 pistorasiaa, 230V\/16A, yhteens\u00e4 3600W (Surge 7200W)<br \/>\n\u2022 X-Boostin tukema laitteiden enimm\u00e4isteho: 4500W<br \/>\n\u2022 USB-A-l\u00e4ht\u00f6: 2 porttia, 5V, 2,4A, 12W Max per portti<br \/>\n\u2022 USB-A-pikalataus: 2 porttia, 5V, 2.4A \/ 9V, 2A \/ 12V, 1.5A, 18W Max porttia kohden<br \/>\n\u2022 USB-C-l\u00e4ht\u00f6: 2 porttia, 5\/9\/12\/15\/20V, 5A, 100W Max porttia kohti<br \/>\n\u2022 Autolataus: 12,6 V, 10 A, 126 W Max<br \/>\n\u2022 DC5521 l\u00e4ht\u00f6: 2 porttia, 12.6V, 3A, 38W Max per portti<br \/>\n\u2022 Anderson Portti: 12,6V, 30A<br \/>\n\u2022 AC-lataustulo: Max 2900W, 230V ~ 12,5A<br \/>\n\u2022 Aurinkoenergian lataustulo: Max 1600W, 11-150V, 15A<br \/>\n\u2022 Auton lataussis\u00e4\u00e4ntulo: Tukee 12V\/24V akkua, 8A<br \/>\n\u2022 Akkutyyppi: LFP<br \/>\n\u2022 Lataussyklit: 3 500 latausta = 80 % kapasiteettiin, 6 500 latausta = 50 % kapasiteettiin<br \/>\n\u2022 Yhteys: Wi-Fi, Bluetooth, langallinen<\/p>\n","protected":false},"excerpt":{"rendered":"<p data-start=\"0\" data-end=\"374\"><strong>EcoFlow DELTA Pro + 400W Aurinkopaneeli &#8211;\u00a0<\/strong>Paketti sinulle joka olet jatkuvasti liikkeell\u00e4, eik\u00e4 verkkovirtaa ole aina saatavilla. Erinomainen valinta retkeily-\/matkailuautoon, m\u00f6kille tai veneeseen. EcoFlow Delta Pro virta-aseman 3600Wh virtakapasiteetill\u00e4 p\u00e4rj\u00e4\u00e4 jo itsess\u00e4\u00e4n pitk\u00e4\u00e4n, mutta aurinkopaneeli yhdistelm\u00e4ll\u00e4 nostat p\u00e4ivitt\u00e4isen virrantuotto kapasiteetin yli 11000 wattituntiin. Paketti sis\u00e4lt\u00e4\u00e4 kaiken tarvittavan jokap\u00e4iv\u00e4iseen k\u00e4ytt\u00f6\u00f6n.<\/p>\n<p><strong>Paketin ominaisuuksia<br \/>\n<\/strong>\u2022 Tuottaa jopa 11,2 kWh p\u00e4iv\u00e4ss\u00e4<br \/>\n\u2022 3600 W AC-l\u00e4ht\u00f6<br \/>\n\u2022 23 % hy\u00f6tysuhde takaa nopean aurinkolatausnopeuden: 0-100 % 3,5 tunnissa (3 paneelia), 5,5 tunnissa (2 paneelia) ja 11 tunnissa (1 paneelia)<br \/>\n\u2022 IP68 p\u00f6ly- ja vesitiivis<br \/>\n\u2022 Ohjausmahdollisuus EcoFlow-puhelinsovelluksella<br \/>\n\u2022 5 vuoden takuu DELTA Prolle ja 24 kuukauden takuu 400 W:n kannettavalle aurinkopaneelille<\/p>\n<p>Valittavissa olevat setit<br \/>\n\u2022 +1kpl aurinkopaneeli<br \/>\n\u2022 +2kpl aurinkopaneeli<br \/>\n\u2022 +3kpl aurinkopaneeli<\/p>\n","protected":false},"featured_media":4434,"comment_status":"open","ping_status":"closed","template":"","meta":[],"product_brand":[],"product_cat":[35,121,15,34],"product_tag":[],"class_list":{"0":"post-4430","1":"product","2":"type-product","3":"status-publish","4":"has-post-thumbnail","6":"product_cat-ess-ratkaisut","7":"product_cat-muut-tuotteet","8":"product_cat-products","9":"product_cat-virta-asemat","10":"product_shipping_class-campaign-shipping","11":"pa_brands-ecoflow","13":"first","14":"onbackorder","15":"taxable","16":"shipping-taxable","17":"purchasable","18":"product-type-variable"},"_links":{"self":[{"href":"https:\/\/texus.fi\/fi\/wp-json\/wp\/v2\/product\/4430","targetHints":{"allow":["GET"]}}],"collection":[{"href":"https:\/\/texus.fi\/fi\/wp-json\/wp\/v2\/product"}],"about":[{"href":"https:\/\/texus.fi\/fi\/wp-json\/wp\/v2\/types\/product"}],"replies":[{"embeddable":true,"href":"https:\/\/texus.fi\/fi\/wp-json\/wp\/v2\/comments?post=4430"}],"wp:featuredmedia":[{"embeddable":true,"href":"https:\/\/texus.fi\/fi\/wp-json\/wp\/v2\/media\/4434"}],"wp:attachment":[{"href":"https:\/\/texus.fi\/fi\/wp-json\/wp\/v2\/media?parent=4430"}],"wp:term":[{"taxonomy":"product_brand","embeddable":true,"href":"https:\/\/texus.fi\/fi\/wp-json\/wp\/v2\/product_brand?post=4430"},{"taxonomy":"product_cat","embeddable":true,"href":"https:\/\/texus.fi\/fi\/wp-json\/wp\/v2\/product_cat?post=4430"},{"taxonomy":"product_tag","embeddable":true,"href":"https:\/\/texus.fi\/fi\/wp-json\/wp\/v2\/product_tag?post=4430"}],"curies":[{"name":"wp","href":"https:\/\/api.w.org\/{rel}","templated":true}]}}