{"id":4516,"date":"2025-06-23T17:36:03","date_gmt":"2025-06-23T14:36:03","guid":{"rendered":"https:\/\/texus.fi\/?post_type=product&#038;p=4516"},"modified":"2025-10-14T10:44:15","modified_gmt":"2025-10-14T07:44:15","slug":"brc-solar-m600-m-jarjestelma","status":"publish","type":"product","link":"https:\/\/texus.fi\/fi\/brc-solar-m600-m-jarjestelma\/","title":{"rendered":"BRC Solar &#8211; M600-M j\u00e4rjestelm\u00e4"},"content":{"rendered":"<p><a href=\"https:\/\/texus.fi\/?attachment_id=4512\" rel=\"attachment wp-att-4512\"><img fetchpriority=\"high\" decoding=\"async\" class=\"aligncenter size-full wp-image-4512\" src=\"https:\/\/texus.fi\/wp-content\/uploads\/2025\/06\/Brc.png\" alt=\"\" width=\"1800\" height=\"1708\" srcset=\"https:\/\/texus.fi\/wp-content\/uploads\/2025\/06\/Brc.png 1800w, https:\/\/texus.fi\/wp-content\/uploads\/2025\/06\/Brc-300x285.png 300w, https:\/\/texus.fi\/wp-content\/uploads\/2025\/06\/Brc-1024x972.png 1024w, https:\/\/texus.fi\/wp-content\/uploads\/2025\/06\/Brc-768x729.png 768w, https:\/\/texus.fi\/wp-content\/uploads\/2025\/06\/Brc-1536x1457.png 1536w, https:\/\/texus.fi\/wp-content\/uploads\/2025\/06\/Brc-13x12.png 13w, https:\/\/texus.fi\/wp-content\/uploads\/2025\/06\/Brc-600x569.png 600w\" sizes=\"(max-width: 1800px) 100vw, 1800px\" \/><\/a><\/p>\n<p><span data-sheets-root=\"1\">Maksimaalinen joustavuus<\/span><\/p>\n<ul>\n<li><span data-sheets-root=\"1\">Osittainen asennus valvonnalla on mahdollista, my\u00f6s t\u00e4yden takuun piiriss\u00e4 (valvonta edellytt\u00e4\u00e4 v\u00e4hint\u00e4\u00e4n 4 ja enint\u00e4\u00e4n 25 optimoijaa per ketju).<\/span><\/li>\n<\/ul>\n<p><span data-sheets-root=\"1\">Kustannuss\u00e4\u00e4st\u00f6t ja kannattavuuden parantaminen<\/span><\/p>\n<ul>\n<li><span data-sheets-root=\"1\">Kustannuss\u00e4\u00e4st\u00f6t noin 2 tunnin ajans\u00e4\u00e4st\u00f6n ansiosta 20 kW:n j\u00e4rjestelm\u00e4n asennuksessa<\/span><\/li>\n<li><span data-sheets-root=\"1\">Seurantaan tarvitaan vain yksi lis\u00e4komponentti (BRConnect).<\/span><\/li>\n<li><span data-sheets-root=\"1\">BRConnect asennetaan taajuusmuuttajaan.<\/span><\/li>\n<li><span data-sheets-root=\"1\">Tehokkain tekniikka (patentoitu automaattinen sammutustoiminto \u2013 optimointitoiminto ei ole k\u00e4yt\u00f6ss\u00e4, kun optimointia ei tarvita)<\/span><\/li>\n<li><span data-sheets-root=\"1\">20 kertaa nopeampi kytkent\u00e4 (korkealaatuisempien transistorien ansiosta \u2192 GaN-FET-transistorit)<\/span><\/li>\n<\/ul>\n<p><span data-sheets-root=\"1\">Suurin mahdollinen yksinkertaisuus ja turvallisuus<\/span><\/p>\n<ul>\n<li><span data-sheets-root=\"1\">Yksinkertainen k\u00e4ytt\u00f6\u00f6notto ilman keskeytyksi\u00e4 (asetusten m\u00e4\u00e4ritt\u00e4minen ja tiedonsiirto s\u00e4hk\u00f6verkon\/tasavirtajohdon kautta, ei langattomasti)<\/span><\/li>\n<li><span data-sheets-root=\"1\">BRConnect- ja M600-M-optimointilaitteen liit\u00e4nt\u00f6jen v\u00e4lisen viestinn\u00e4n muodostaminen (kontaktiton tiedonkeruu BRConnect-laitteessa toroidisten kelojen avulla)<\/span><\/li>\n<\/ul>\n<p><span data-sheets-root=\"1\">Korkein laatu<\/span><\/p>\n<ul>\n<li><span data-sheets-root=\"1\">Saksalaista laatua kohtuulliseen hintaan<\/span><\/li>\n<li><span data-sheets-root=\"1\">Pitk\u00e4ik\u00e4inen elektroniikka (saksalainen huipputekniikka)<\/span><\/li>\n<li><span data-sheets-root=\"1\">T\u00e4ydellinen kapselointi optimointilaitteessa<\/span><\/li>\n<\/ul>\n<p><span data-sheets-root=\"1\">Maksimaalinen tietoturva<\/span><\/p>\n<ul>\n<li><span data-sheets-root=\"1\">Tietojen tallentaminen vain eurooppalaisille palvelimille<\/span><\/li>\n<\/ul>\n<h2><strong>BRConnect<\/strong><\/h2>\n<p><span data-sheets-root=\"1\">BRConnect voi lukea jopa kolmea s\u00e4iett\u00e4 aurinkos\u00e4hk\u00f6j\u00e4rjestelm\u00e4st\u00e4si.<\/span><\/p>\n<p><span data-sheets-root=\"1\">Seuranta moduulitasolla<\/span><\/p>\n<p><span data-sheets-root=\"1\">Ilman radioyhteytt\u00e4<\/span><\/p>\n<p><span data-sheets-root=\"1\">Yksinkertainen asennus<\/span><\/p>\n<h2><span data-sheets-root=\"1\">BRC Power Manager<\/span><\/h2>\n<p><span data-sheets-root=\"1\">Pysy aina ajan tasalla siit\u00e4, miten tehokkaasti aurinkos\u00e4hk\u00f6j\u00e4rjestelm\u00e4si toimii ja millaisen tuoton saavutat.<\/span><\/p>\n<p><span data-sheets-root=\"1\">J\u00e4rjestelm\u00e4n valvonta<\/span><\/p>\n<p><span data-sheets-root=\"1\">Yksinkertainen asennus<\/span><\/p>\n<p><span data-sheets-root=\"1\">Sovelluksena ja verkossa<\/span><\/p>\n","protected":false},"excerpt":{"rendered":"<p><span data-sheets-root=\"1\">Maksimaalinen joustavuus<\/span><\/p>\n<ul>\n<li><span data-sheets-root=\"1\">Osittainen asennus valvonnalla on mahdollista, my\u00f6s t\u00e4yden takuun piiriss\u00e4 (valvonta edellytt\u00e4\u00e4 v\u00e4hint\u00e4\u00e4n 4 ja enint\u00e4\u00e4n 25 optimoijaa per ketju).<\/span><\/li>\n<\/ul>\n<p><span data-sheets-root=\"1\">Kustannuss\u00e4\u00e4st\u00f6t ja kannattavuuden parantaminen<\/span><\/p>\n<ul>\n<li><span data-sheets-root=\"1\">Kustannuss\u00e4\u00e4st\u00f6t noin 2 tunnin ajans\u00e4\u00e4st\u00f6n ansiosta 20 kW:n j\u00e4rjestelm\u00e4n asennuksessa<\/span><\/li>\n<li><span data-sheets-root=\"1\">Seurantaan tarvitaan vain yksi lis\u00e4komponentti (BRConnect).<\/span><\/li>\n<li><span data-sheets-root=\"1\">BRConnect asennetaan taajuusmuuttajaan.<\/span><\/li>\n<li><span data-sheets-root=\"1\">Tehokkain tekniikka (patentoitu automaattinen sammutustoiminto \u2013 optimointitoiminto ei ole k\u00e4yt\u00f6ss\u00e4, kun optimointia ei tarvita)<\/span><\/li>\n<li><span data-sheets-root=\"1\">20 kertaa nopeampi kytkent\u00e4 (korkealaatuisempien transistorien ansiosta \u2192 GaN-FET-transistorit)<\/span><\/li>\n<\/ul>\n","protected":false},"featured_media":4526,"comment_status":"open","ping_status":"closed","template":"","meta":[],"product_brand":[],"product_cat":[161,15],"product_tag":[],"class_list":{"0":"post-4516","1":"product","2":"type-product","3":"status-publish","4":"has-post-thumbnail","6":"product_cat-power-optimizer","7":"product_cat-products","8":"product_shipping_class-campaign-shipping","9":"pa_brands-brc","11":"first","12":"instock","13":"sale","14":"taxable","15":"shipping-taxable","16":"purchasable","17":"product-type-variable"},"_links":{"self":[{"href":"https:\/\/texus.fi\/fi\/wp-json\/wp\/v2\/product\/4516","targetHints":{"allow":["GET"]}}],"collection":[{"href":"https:\/\/texus.fi\/fi\/wp-json\/wp\/v2\/product"}],"about":[{"href":"https:\/\/texus.fi\/fi\/wp-json\/wp\/v2\/types\/product"}],"replies":[{"embeddable":true,"href":"https:\/\/texus.fi\/fi\/wp-json\/wp\/v2\/comments?post=4516"}],"wp:featuredmedia":[{"embeddable":true,"href":"https:\/\/texus.fi\/fi\/wp-json\/wp\/v2\/media\/4526"}],"wp:attachment":[{"href":"https:\/\/texus.fi\/fi\/wp-json\/wp\/v2\/media?parent=4516"}],"wp:term":[{"taxonomy":"product_brand","embeddable":true,"href":"https:\/\/texus.fi\/fi\/wp-json\/wp\/v2\/product_brand?post=4516"},{"taxonomy":"product_cat","embeddable":true,"href":"https:\/\/texus.fi\/fi\/wp-json\/wp\/v2\/product_cat?post=4516"},{"taxonomy":"product_tag","embeddable":true,"href":"https:\/\/texus.fi\/fi\/wp-json\/wp\/v2\/product_tag?post=4516"}],"curies":[{"name":"wp","href":"https:\/\/api.w.org\/{rel}","templated":true}]}}