{"id":456,"date":"2024-07-17T15:45:24","date_gmt":"2024-07-17T12:45:24","guid":{"rendered":"https:\/\/texus.fi\/?post_type=product&#038;p=456"},"modified":"2025-03-05T14:22:08","modified_gmt":"2025-03-05T11:22:08","slug":"seraphim-seco-series-182mm-modules","status":"publish","type":"product","link":"https:\/\/texus.fi\/fi\/seraphim-seco-series-182mm-modules\/","title":{"rendered":"Seraphim &#8211; Seco-sarja &#8211; 182mm moduulit"},"content":{"rendered":"<div id=\"eluide9f87a2f\" class=\"eluide9f87a2f col-md-6 col-sm-6 znColumnElement\">\n<div class=\"znColumnElement-innerWrapper-eluide9f87a2f znColumnElement-innerWrapper znColumnElement-innerWrapper--valign-center znColumnElement-innerWrapper--halign-left \">\n<div class=\"znColumnElement-innerContent\">\n<div class=\"kl-title-block clearfix tbk--text- tbk--left text-left tbk-symbol-- tbk-icon-pos--after-title eluid01d1d723 \">\n<div class=\"tbk__subtitle\"><span data-sheets-root=\"1\">Seraphim keskittyy arvonluontiin ja tuo talvella 2020 markkinoille uuden sukupolven korkean hy\u00f6tysuhteen aurinkos\u00e4hk\u00f6moduulit, Seco 182mm -sarjan. Uudessa sarjassa yhdistyv\u00e4t 182 mm:n suurikokoiset piikiekot, PERC-, moniv\u00e4yl\u00e4- ja puolikennotekniikat sek\u00e4 tihe\u00e4 kapselointi. Teknologian integroinnin ansiosta Seco 182mm -sarjan moduulien hy\u00f6tysuhde nousee 21,1 prosenttiin ja maksimiteho 540 W:iin.<\/span><\/div>\n<\/div>\n<\/div>\n<\/div>\n<\/div>\n<p class=\"tbk__subtitle\"><strong>Tietolehti:<\/strong><\/p>\n<p><a href=\"https:\/\/texus.fi\/wp-content\/uploads\/2024\/07\/SRP-445-460-BMB-HV_182_EN_2024V1.0-min.pdf\">SRP-(445-460)-BMB-HV_182_EN_2024V1.0-min<\/a><\/p>\n<p><a href=\"https:\/\/texus.fi\/wp-content\/uploads\/2024\/07\/SRP-400-415-BMD-BG_182_EN_2024V1.0-min.pdf\">SRP-(400-415)-BMD-BG_182_EN_2024V1.0-min<\/a><\/p>\n<p><a href=\"https:\/\/texus.fi\/wp-content\/uploads\/2024\/07\/SRP-400-415-BMD-HV_182_EN_2024V1.0-min.pdf\">SRP-(400-415)-BMD-HV_182_EN_2024V1.0-min<\/a><\/p>\n<p><a href=\"https:\/\/texus.fi\/wp-content\/uploads\/2024\/07\/SRP-445-460-BMB-BG_182_EN_2024V1.0-min.pdf\">SRP-(445-460)-BMB-BG_182_EN_2024V1.0-min<\/a><\/p>\n<p><a href=\"https:\/\/texus.fi\/wp-content\/uploads\/2024\/07\/SRP-540-555-BMA-BG_182_EN_2024V1.0-min.pdf\">SRP-(540-555)-BMA-BG_182_EN_2024V1.0-min<\/a><\/p>\n<p><a href=\"https:\/\/texus.fi\/wp-content\/uploads\/2024\/07\/SRP-540-555-BMA-HV_182_EN_2024V1.0-min.pdf\">SRP-(540-555)-BMA-HV_182_EN_2024V1.0-min<\/a><\/p>\n","protected":false},"excerpt":{"rendered":"<p><span data-sheets-root=\"1\">Seraphim keskittyy arvonluontiin ja tuo talvella 2020 markkinoille uuden sukupolven korkean hy\u00f6tysuhteen aurinkos\u00e4hk\u00f6moduulit, Seco 182mm -sarjan. Uudessa sarjassa yhdistyv\u00e4t 182 mm:n suurikokoiset piikiekot, PERC-, moniv\u00e4yl\u00e4- ja puolikennotekniikat sek\u00e4 tihe\u00e4 kapselointi. Teknologian integroinnin ansiosta Seco 182mm -sarjan moduulien hy\u00f6tysuhde nousee 21,1 prosenttiin ja maksimiteho 540 W:iin.<\/span><\/p>\n","protected":false},"featured_media":3257,"comment_status":"open","ping_status":"closed","template":"","meta":[],"product_brand":[],"product_cat":[27,28,15],"product_tag":[],"class_list":{"0":"post-456","1":"product","2":"type-product","3":"status-publish","4":"has-post-thumbnail","6":"product_cat-aurinkopaneelit","7":"product_cat-bifacial","8":"product_cat-products","9":"pa_brands-seraphim","11":"first","12":"outofstock","13":"taxable","14":"shipping-taxable","15":"product-type-simple"},"_links":{"self":[{"href":"https:\/\/texus.fi\/fi\/wp-json\/wp\/v2\/product\/456","targetHints":{"allow":["GET"]}}],"collection":[{"href":"https:\/\/texus.fi\/fi\/wp-json\/wp\/v2\/product"}],"about":[{"href":"https:\/\/texus.fi\/fi\/wp-json\/wp\/v2\/types\/product"}],"replies":[{"embeddable":true,"href":"https:\/\/texus.fi\/fi\/wp-json\/wp\/v2\/comments?post=456"}],"wp:featuredmedia":[{"embeddable":true,"href":"https:\/\/texus.fi\/fi\/wp-json\/wp\/v2\/media\/3257"}],"wp:attachment":[{"href":"https:\/\/texus.fi\/fi\/wp-json\/wp\/v2\/media?parent=456"}],"wp:term":[{"taxonomy":"product_brand","embeddable":true,"href":"https:\/\/texus.fi\/fi\/wp-json\/wp\/v2\/product_brand?post=456"},{"taxonomy":"product_cat","embeddable":true,"href":"https:\/\/texus.fi\/fi\/wp-json\/wp\/v2\/product_cat?post=456"},{"taxonomy":"product_tag","embeddable":true,"href":"https:\/\/texus.fi\/fi\/wp-json\/wp\/v2\/product_tag?post=456"}],"curies":[{"name":"wp","href":"https:\/\/api.w.org\/{rel}","templated":true}]}}