{"id":464,"date":"2024-07-17T15:52:29","date_gmt":"2024-07-17T12:52:29","guid":{"rendered":"https:\/\/texus.fi\/?post_type=product&#038;p=464"},"modified":"2025-03-05T14:22:07","modified_gmt":"2025-03-05T11:22:07","slug":"seraphim-seco-series-210mm-modules","status":"publish","type":"product","link":"https:\/\/texus.fi\/fi\/seraphim-seco-series-210mm-modules\/","title":{"rendered":"Seraphim &#8211; Seco-sarja &#8211; 210mm moduulit"},"content":{"rendered":"<div id=\"eluide9f87a2f\" class=\"eluide9f87a2f col-md-6 col-sm-6 znColumnElement\">\n<div class=\"znColumnElement-innerWrapper-eluide9f87a2f znColumnElement-innerWrapper znColumnElement-innerWrapper--valign-center znColumnElement-innerWrapper--halign-left \">\n<div class=\"znColumnElement-innerContent\">\n<div class=\"kl-title-block clearfix tbk--text- tbk--left text-left tbk-symbol-- tbk-icon-pos--after-title eluid01d1d723 \">\n<div class=\"tbk__subtitle\">\n<section id=\"eluid6df5e733\" class=\"zn_section eluid6df5e733 section-sidemargins section--no \">\n<div class=\"zn_section_size full_width zn-section-height--auto zn-section-content_algn--top \">\n<div class=\"row \">\n<div id=\"eluid69119c16\" class=\"eluid69119c16 col-md-6 col-sm-6 znColumnElement\">\n<div class=\"znColumnElement-innerWrapper-eluid69119c16 znColumnElement-innerWrapper znColumnElement-innerWrapper--valign-center znColumnElement-innerWrapper--halign-left \">\n<div class=\"znColumnElement-innerContent\">\n<div class=\"zn_custom_container eluid54e1c8cb smart-cnt--default clearfix\">\n<div class=\"zn_col_eq_last\">\n<div class=\"row zn_col_container-smart_container \">\n<div id=\"eluida10b3083\" class=\"eluida10b3083 col-md-12 col-sm-12 znColumnElement\">\n<div class=\"znColumnElement-innerWrapper-eluida10b3083 znColumnElement-innerWrapper znColumnElement-innerWrapper--valign-top znColumnElement-innerWrapper--halign-left \">\n<div class=\"znColumnElement-innerContent\">\n<div class=\"kl-title-block clearfix tbk--text- tbk--left text-left tbk-symbol-- tbk-icon-pos--after-title eluid59070d4c \">\n<div class=\"tbk__subtitle\"><span data-sheets-root=\"1\">Kustannustehokkaan tuotteen aikaansaamiseksi Seraphim lanseerasi uuden sukupolven eritt\u00e4in korkean hy\u00f6tysuhteen moduuleja, Seco 210mm -sarjan. Uudessa sarjassa k\u00e4ytet\u00e4\u00e4n 210 mm:n piikiekkoja, PERC- ja moniv\u00e4yl\u00e4kennotekniikkaa sek\u00e4 tihe\u00e4\u00e4 kapselointia, mik\u00e4 nostaa moduulin hy\u00f6tysuhteen jopa 21,6 prosenttiin. Molempien formaattien, 60 ja 66, teho on virallisesti siirtynyt yli 600 W:n aikakauteen.<\/span><\/div>\n<\/div>\n<\/div>\n<\/div>\n<\/div>\n<\/div>\n<\/div>\n<\/div>\n<\/div>\n<\/div>\n<\/div>\n<\/div>\n<\/div>\n<\/section>\n<\/div>\n<\/div>\n<\/div>\n<\/div>\n<\/div>\n<p class=\"tbk__subtitle\"><strong>Tietolehti:<\/strong><\/p>\n<p><a href=\"https:\/\/texus.fi\/wp-content\/uploads\/2024\/07\/SRP-655-670-BMC-BG_210_EN_2024V1.1-min.pdf\">SRP-(655-670)-BMC-BG_210_EN_2024V1.1-min<\/a><\/p>\n<p><a href=\"https:\/\/texus.fi\/wp-content\/uploads\/2024\/07\/SRP-595-610-BMB-BG_210_EN_2024V1.1-min.pdf\">SRP-(595-610)-BMB-BG_210_EN_2024V1.1-min<\/a><\/p>\n<p><a href=\"https:\/\/texus.fi\/wp-content\/uploads\/2024\/07\/SRP-595-610-BMB-HV_210_EN_2024V1.1.pdf\">SRP-(595-610)-BMB-HV_210_EN_2024V1.1<\/a><\/p>\n<p><a href=\"https:\/\/texus.fi\/wp-content\/uploads\/2024\/07\/SRP-655-670-BMC-HV_210_EN_2024V1.1-min.pdf\">SRP-(655-670)-BMC-HV_210_EN_2024V1.1-min<\/a><\/p>\n","protected":false},"excerpt":{"rendered":"<section id=\"eluid6df5e733\" class=\"zn_section eluid6df5e733 section-sidemargins section--no \">\n<div class=\"zn_section_size full_width zn-section-height--auto zn-section-content_algn--top \">\n<div class=\"row \">\n<div id=\"eluid69119c16\" class=\"eluid69119c16 col-md-6 col-sm-6 znColumnElement\">\n<div class=\"znColumnElement-innerWrapper-eluid69119c16 znColumnElement-innerWrapper znColumnElement-innerWrapper--valign-center znColumnElement-innerWrapper--halign-left \">\n<div class=\"znColumnElement-innerContent\">\n<div class=\"zn_custom_container eluid54e1c8cb smart-cnt--default clearfix\">\n<div class=\"zn_col_eq_last\">\n<div class=\"row zn_col_container-smart_container \">\n<div id=\"eluida10b3083\" class=\"eluida10b3083 col-md-12 col-sm-12 znColumnElement\">\n<div class=\"znColumnElement-innerWrapper-eluida10b3083 znColumnElement-innerWrapper znColumnElement-innerWrapper--valign-top znColumnElement-innerWrapper--halign-left \">\n<div class=\"znColumnElement-innerContent\">\n<div class=\"kl-title-block clearfix tbk--text- tbk--left text-left tbk-symbol-- tbk-icon-pos--after-title eluid59070d4c \">\n<div class=\"tbk__subtitle\"><span data-sheets-root=\"1\">Kustannustehokkaan tuotteen aikaansaamiseksi Seraphim lanseerasi uuden sukupolven eritt\u00e4in korkean hy\u00f6tysuhteen moduuleja, Seco 210mm -sarjan. Uudessa sarjassa k\u00e4ytet\u00e4\u00e4n 210 mm:n piikiekkoja, PERC- ja moniv\u00e4yl\u00e4kennotekniikkaa sek\u00e4 tihe\u00e4\u00e4 kapselointia, mik\u00e4 nostaa moduulin hy\u00f6tysuhteen jopa 21,6 prosenttiin. Molempien formaattien, 60 ja 66, teho on virallisesti siirtynyt yli 600 W:n aikakauteen.<\/span><\/div>\n<\/div>\n<\/div>\n<\/div>\n<\/div>\n<\/div>\n<\/div>\n<\/div>\n<\/div>\n<\/div>\n<\/div>\n<\/div>\n<\/div>\n<\/section>\n<section id=\"eluidaaf05afd\" class=\"zn_section eluidaaf05afd section-sidemargins zn_section--relative section--no \">\n<div class=\"zn-bgSource \"><\/div>\n<\/section>\n","protected":false},"featured_media":471,"comment_status":"open","ping_status":"closed","template":"","meta":[],"product_brand":[],"product_cat":[27,28,29,15],"product_tag":[],"class_list":{"0":"post-464","1":"product","2":"type-product","3":"status-publish","4":"has-post-thumbnail","6":"product_cat-aurinkopaneelit","7":"product_cat-bifacial","8":"product_cat-monofacial","9":"product_cat-products","10":"pa_brands-seraphim","12":"first","13":"outofstock","14":"taxable","15":"shipping-taxable","16":"product-type-simple"},"_links":{"self":[{"href":"https:\/\/texus.fi\/fi\/wp-json\/wp\/v2\/product\/464","targetHints":{"allow":["GET"]}}],"collection":[{"href":"https:\/\/texus.fi\/fi\/wp-json\/wp\/v2\/product"}],"about":[{"href":"https:\/\/texus.fi\/fi\/wp-json\/wp\/v2\/types\/product"}],"replies":[{"embeddable":true,"href":"https:\/\/texus.fi\/fi\/wp-json\/wp\/v2\/comments?post=464"}],"wp:featuredmedia":[{"embeddable":true,"href":"https:\/\/texus.fi\/fi\/wp-json\/wp\/v2\/media\/471"}],"wp:attachment":[{"href":"https:\/\/texus.fi\/fi\/wp-json\/wp\/v2\/media?parent=464"}],"wp:term":[{"taxonomy":"product_brand","embeddable":true,"href":"https:\/\/texus.fi\/fi\/wp-json\/wp\/v2\/product_brand?post=464"},{"taxonomy":"product_cat","embeddable":true,"href":"https:\/\/texus.fi\/fi\/wp-json\/wp\/v2\/product_cat?post=464"},{"taxonomy":"product_tag","embeddable":true,"href":"https:\/\/texus.fi\/fi\/wp-json\/wp\/v2\/product_tag?post=464"}],"curies":[{"name":"wp","href":"https:\/\/api.w.org\/{rel}","templated":true}]}}