{"id":4642,"date":"2024-06-24T14:55:15","date_gmt":"2024-06-24T11:55:15","guid":{"rendered":"https:\/\/texus.fi\/?post_type=product&#038;p=4642"},"modified":"2025-06-24T14:56:21","modified_gmt":"2025-06-24T11:56:21","slug":"puoliautomaattiset-tahti-kolmio-kytkimet-230v","status":"publish","type":"product","link":"https:\/\/texus.fi\/fi\/puoliautomaattiset-tahti-kolmio-kytkimet-230v\/","title":{"rendered":"Puoliautomaattiset t\u00e4hti\/kolmio-kytkimet, 230V"},"content":{"rendered":"<div class=\"tabs-panel panel-smart\">\n<div class=\"tab-content clearfix\">\n<div id=\"tab-description\" class=\"tab-pane active\">\n<div class=\"tabs-panel panel-smart\">\n<div class=\"tab-content clearfix\">\n<div id=\"tab-description\" class=\"tab-pane active\">\n<div class=\"tabs-panel panel-smart\">\n<div class=\"tab-content clearfix\">\n<div id=\"tab-description\" class=\"tab-pane active\">\n<div class=\"tabs-panel panel-smart\">\n<div class=\"tab-content clearfix\">\n<div id=\"tab-description\" class=\"tab-pane active\">\n<div class=\"tabs-panel panel-smart\">\n<div class=\"tab-content clearfix\">\n<div id=\"tab-description\" class=\"tab-pane active\">\n<div class=\"tabs-panel panel-smart\">\n<div class=\"tab-content clearfix\">\n<div id=\"tab-description\" class=\"tab-pane active\">\n<div class=\"tabs-panel panel-smart\">\n<div class=\"tab-content clearfix\">\n<div id=\"tab-description\" class=\"tab-pane active\">\n<div class=\"tabs-panel panel-smart\">\n<div class=\"tab-content clearfix\">\n<div id=\"tab-description\" class=\"tab-pane active\">\n<div class=\"tabs-panel panel-smart\">\n<div class=\"tab-content clearfix\">\n<div id=\"tab-description\" class=\"tab-pane active\">K\u00e4sik\u00e4ytt\u00f6inen t\u00e4hti\/kolmio-kytkimet, jossa kontaktori 0-j\u00e4nnitelaukaisua<br \/>\nvarten. Asennettu muovikoteloon, kytkin ja palautuspainike etulevyss\u00e4.<br \/>\nToimituksessa mukana ylivirtarele, joka on asetettava arvoon<br \/>\n0,58 x moottorin nimellisvirta.<\/div>\n<\/div>\n<\/div>\n<div class=\"product-info-box\"><\/div>\n<\/div>\n<\/div>\n<\/div>\n<div class=\"product-info-box\"><\/div>\n<\/div>\n<\/div>\n<\/div>\n<\/div>\n<\/div>\n<\/div>\n<\/div>\n<\/div>\n<\/div>\n<\/div>\n<\/div>\n<\/div>\n<\/div>\n<\/div>\n<\/div>\n<\/div>\n<\/div>\n<\/div>\n<\/div>\n<\/div>\n<\/div>\n","protected":false},"excerpt":{"rendered":"<div class=\"tabs-panel panel-smart\">\n<div class=\"tab-content clearfix\">\n<div id=\"tab-description\" class=\"tab-pane active\">\n<div class=\"tabs-panel panel-smart\">\n<div class=\"tab-content clearfix\">\n<div id=\"tab-description\" class=\"tab-pane active\">\n<div class=\"tabs-panel panel-smart\">\n<div class=\"tab-content clearfix\">\n<div id=\"tab-description\" class=\"tab-pane active\">\n<div class=\"tabs-panel panel-smart\">\n<div class=\"tab-content clearfix\">\n<div id=\"tab-description\" class=\"tab-pane active\">\n<div class=\"tabs-panel panel-smart\">\n<div class=\"tab-content clearfix\">\n<div id=\"tab-description\" class=\"tab-pane active\">\n<div class=\"tabs-panel panel-smart\">\n<div class=\"tab-content clearfix\">\n<div id=\"tab-description\" class=\"tab-pane active\">\n<div class=\"tabs-panel panel-smart\">\n<div class=\"tab-content clearfix\">\n<div id=\"tab-description\" class=\"tab-pane active\">K\u00e4sik\u00e4ytt\u00f6inen t\u00e4hti\/kolmio-kytkimet, jossa kontaktori 0-j\u00e4nnitelaukaisua<br \/>\nvarten. Asennettu muovikoteloon, kytkin ja palautuspainike etulevyss\u00e4.<br \/>\nToimituksessa mukana ylivirtarele, joka on asetettava arvoon<br \/>\n0,58 x moottorin nimellisvirta.<\/div>\n<\/div>\n<\/div>\n<div class=\"product-info-box\"><\/div>\n<\/div>\n<\/div>\n<\/div>\n<div class=\"product-info-box\"><\/div>\n<\/div>\n<\/div>\n<\/div>\n<\/div>\n<\/div>\n<\/div>\n<div class=\"product-info-box\"><\/div>\n<\/div>\n<\/div>\n<\/div>\n<div class=\"product-info-box\"><\/div>\n<\/div>\n<\/div>\n<\/div>\n<div class=\"product-info-box\"><\/div>\n<\/div>\n<\/div>\n<\/div>\n","protected":false},"featured_media":4638,"comment_status":"open","ping_status":"closed","template":"","meta":[],"product_brand":[],"product_cat":[131,133,141],"product_tag":[],"class_list":{"0":"post-4642","1":"product","2":"type-product","3":"status-publish","4":"has-post-thumbnail","6":"product_cat-automaatio","7":"product_cat-kontaktorit-kaynnistimet","8":"product_cat-tahtikolmiok-suunnanvaih","9":"product_shipping_class-standard-delivery","10":"pa_brands-malmbergs","12":"first","13":"instock","14":"taxable","15":"shipping-taxable","16":"purchasable","17":"product-type-simple"},"_links":{"self":[{"href":"https:\/\/texus.fi\/fi\/wp-json\/wp\/v2\/product\/4642","targetHints":{"allow":["GET"]}}],"collection":[{"href":"https:\/\/texus.fi\/fi\/wp-json\/wp\/v2\/product"}],"about":[{"href":"https:\/\/texus.fi\/fi\/wp-json\/wp\/v2\/types\/product"}],"replies":[{"embeddable":true,"href":"https:\/\/texus.fi\/fi\/wp-json\/wp\/v2\/comments?post=4642"}],"wp:featuredmedia":[{"embeddable":true,"href":"https:\/\/texus.fi\/fi\/wp-json\/wp\/v2\/media\/4638"}],"wp:attachment":[{"href":"https:\/\/texus.fi\/fi\/wp-json\/wp\/v2\/media?parent=4642"}],"wp:term":[{"taxonomy":"product_brand","embeddable":true,"href":"https:\/\/texus.fi\/fi\/wp-json\/wp\/v2\/product_brand?post=4642"},{"taxonomy":"product_cat","embeddable":true,"href":"https:\/\/texus.fi\/fi\/wp-json\/wp\/v2\/product_cat?post=4642"},{"taxonomy":"product_tag","embeddable":true,"href":"https:\/\/texus.fi\/fi\/wp-json\/wp\/v2\/product_tag?post=4642"}],"curies":[{"name":"wp","href":"https:\/\/api.w.org\/{rel}","templated":true}]}}