{"id":4701,"date":"2024-06-24T15:49:25","date_gmt":"2024-06-24T12:49:25","guid":{"rendered":"https:\/\/texus.fi\/?post_type=product&#038;p=4701"},"modified":"2025-06-24T15:50:45","modified_gmt":"2025-06-24T12:50:45","slug":"apukosketinlohko-iskra-paalle-1-s-1-a","status":"publish","type":"product","link":"https:\/\/texus.fi\/fi\/apukosketinlohko-iskra-paalle-1-s-1-a\/","title":{"rendered":"Apukosketinlohko, Iskra, P\u00e4\u00e4lle, 1 s + 1 a"},"content":{"rendered":"<div class=\"tabs-panel panel-smart\">\n<div class=\"tab-content clearfix\">\n<div id=\"tab-description\" class=\"tab-pane active\">\n<div class=\"tabs-panel panel-smart\">\n<div class=\"tab-content clearfix\">\n<div id=\"tab-description\" class=\"tab-pane active\">\n<div class=\"tabs-panel panel-smart\">\n<div class=\"tab-content clearfix\">\n<div id=\"tab-description\" class=\"tab-pane active\">\n<div class=\"tabs-panel panel-smart\">\n<div class=\"tab-content clearfix\">\n<div id=\"tab-description\" class=\"tab-pane active\">\n<div class=\"tabs-panel panel-smart\">\n<div class=\"tab-content clearfix\">\n<div id=\"tab-description\" class=\"tab-pane active\">\n<div class=\"tabs-panel panel-smart\">\n<div class=\"tab-content clearfix\">\n<div id=\"tab-description\" class=\"tab-pane active\">\n<div class=\"tabs-panel panel-smart\">\n<div class=\"tab-content clearfix\">\n<div id=\"tab-description\" class=\"tab-pane active\">\n<div class=\"tabs-panel panel-smart\">\n<div class=\"tab-content clearfix\">\n<div id=\"tab-description\" class=\"tab-pane active\">\n<div class=\"tabs-panel panel-smart\">\n<div class=\"tab-content clearfix\">\n<div id=\"tab-description\" class=\"tab-pane active\">\n<div class=\"tabs-panel panel-smart\">\n<div class=\"tab-content clearfix\">\n<div id=\"tab-description\" class=\"tab-pane active\">P\u00e4\u00e4lle asennettavat lohkot sopivat kontaktoreille 9-63A AC3, sivulle asennettavat lohkot 9-30A AC3 kontaktoreihin. Soveltuvat hyvin k\u00e4ytett\u00e4viksi yht\u00e4 aikaisesti.<\/div>\n<\/div>\n<\/div>\n<div class=\"product-info-box\"><\/div>\n<\/div>\n<\/div>\n<\/div>\n<div class=\"product-info-box\"><\/div>\n<\/div>\n<\/div>\n<\/div>\n<div class=\"product-info-box\"><\/div>\n<\/div>\n<\/div>\n<\/div>\n<\/div>\n<\/div>\n<\/div>\n<\/div>\n<\/div>\n<\/div>\n<\/div>\n<\/div>\n<\/div>\n<\/div>\n<\/div>\n<\/div>\n<\/div>\n<\/div>\n<\/div>\n<\/div>\n<\/div>\n<\/div>\n","protected":false},"excerpt":{"rendered":"<div class=\"tabs-panel panel-smart\">\n<div class=\"tab-content clearfix\">\n<div id=\"tab-description\" class=\"tab-pane active\">\n<div class=\"tabs-panel panel-smart\">\n<div class=\"tab-content clearfix\">\n<div id=\"tab-description\" class=\"tab-pane active\">\n<div class=\"tabs-panel panel-smart\">\n<div class=\"tab-content clearfix\">\n<div id=\"tab-description\" class=\"tab-pane active\">\n<div class=\"tabs-panel panel-smart\">\n<div class=\"tab-content clearfix\">\n<div id=\"tab-description\" class=\"tab-pane active\">\n<div class=\"tabs-panel panel-smart\">\n<div class=\"tab-content clearfix\">\n<div id=\"tab-description\" class=\"tab-pane active\">\n<div class=\"tabs-panel panel-smart\">\n<div class=\"tab-content clearfix\">\n<div id=\"tab-description\" class=\"tab-pane active\">\n<div class=\"tabs-panel panel-smart\">\n<div class=\"tab-content clearfix\">\n<div id=\"tab-description\" class=\"tab-pane active\">\n<div class=\"tabs-panel panel-smart\">\n<div class=\"tab-content clearfix\">\n<div id=\"tab-description\" class=\"tab-pane active\">P\u00e4\u00e4lle asennettavat lohkot sopivat kontaktoreille 9-63A AC3, sivulle asennettavat lohkot 9-30A AC3 kontaktoreihin. Soveltuvat hyvin k\u00e4ytett\u00e4viksi yht\u00e4 aikaisesti.<\/div>\n<\/div>\n<\/div>\n<div class=\"product-info-box\"><\/div>\n<\/div>\n<\/div>\n<\/div>\n<div class=\"product-info-box\"><\/div>\n<\/div>\n<\/div>\n<\/div>\n<div class=\"product-info-box\"><\/div>\n<\/div>\n<\/div>\n<\/div>\n<\/div>\n<\/div>\n<\/div>\n<div class=\"product-info-box\"><\/div>\n<\/div>\n<\/div>\n<\/div>\n<div class=\"product-info-box\"><\/div>\n<\/div>\n<\/div>\n<\/div>\n<div class=\"product-info-box\"><\/div>\n<\/div>\n<\/div>\n<\/div>\n","protected":false},"featured_media":4703,"comment_status":"open","ping_status":"closed","template":"","meta":[],"product_brand":[],"product_cat":[131,140,133],"product_tag":[],"class_list":{"0":"post-4701","1":"product","2":"type-product","3":"status-publish","4":"has-post-thumbnail","6":"product_cat-automaatio","7":"product_cat-kontaktorit-iskra","8":"product_cat-kontaktorit-kaynnistimet","9":"product_shipping_class-standard-delivery","10":"pa_brands-malmbergs","12":"first","13":"instock","14":"taxable","15":"shipping-taxable","16":"purchasable","17":"product-type-simple"},"_links":{"self":[{"href":"https:\/\/texus.fi\/fi\/wp-json\/wp\/v2\/product\/4701","targetHints":{"allow":["GET"]}}],"collection":[{"href":"https:\/\/texus.fi\/fi\/wp-json\/wp\/v2\/product"}],"about":[{"href":"https:\/\/texus.fi\/fi\/wp-json\/wp\/v2\/types\/product"}],"replies":[{"embeddable":true,"href":"https:\/\/texus.fi\/fi\/wp-json\/wp\/v2\/comments?post=4701"}],"wp:featuredmedia":[{"embeddable":true,"href":"https:\/\/texus.fi\/fi\/wp-json\/wp\/v2\/media\/4703"}],"wp:attachment":[{"href":"https:\/\/texus.fi\/fi\/wp-json\/wp\/v2\/media?parent=4701"}],"wp:term":[{"taxonomy":"product_brand","embeddable":true,"href":"https:\/\/texus.fi\/fi\/wp-json\/wp\/v2\/product_brand?post=4701"},{"taxonomy":"product_cat","embeddable":true,"href":"https:\/\/texus.fi\/fi\/wp-json\/wp\/v2\/product_cat?post=4701"},{"taxonomy":"product_tag","embeddable":true,"href":"https:\/\/texus.fi\/fi\/wp-json\/wp\/v2\/product_tag?post=4701"}],"curies":[{"name":"wp","href":"https:\/\/api.w.org\/{rel}","templated":true}]}}