{"id":473,"date":"2024-07-17T16:26:44","date_gmt":"2024-07-17T13:26:44","guid":{"rendered":"https:\/\/texus.fi\/?post_type=product&#038;p=473"},"modified":"2025-03-05T14:22:00","modified_gmt":"2025-03-05T11:22:00","slug":"megasol-m430-hc108-b-bifacial-glass-glass-full-black-module","status":"publish","type":"product","link":"https:\/\/texus.fi\/fi\/megasol-m430-hc108-b-bifacial-glass-glass-full-black-module\/","title":{"rendered":"Megasol &#8211; M430-HC108-b, Bifacial Glass-Glass, T\u00e4ysin musta moduuli"},"content":{"rendered":"<ul>\n<li>n-tyypin HiR-puolileikkaustekniikka<\/li>\n<li>Lis\u00e4tuotot tehostetun bifacial-kertoimen ansiosta<\/li>\n<li>Korkean suorituskyvyn vakaus ja maksimaalinen tehokkuus<\/li>\n<li>T\u00e4ytt\u00e4\u00e4 korkeimmat esteettiset vaatimukset<\/li>\n<li>Eritt\u00e4in korkea kest\u00e4vyys lasi-lasitekniikan ansiosta.<\/li>\n<li>Kaikkien raaka-aineiden t\u00e4ydellinen j\u00e4ljitett\u00e4vyys<\/li>\n<li>Sveitsin kehitys ja takuu<\/li>\n<\/ul>\n<p><strong>Tietolehti:<\/strong><\/p>\n<p><a href=\"https:\/\/texus.fi\/wp-content\/uploads\/2024\/07\/0322.1586-M430-HC108-b-BF-GG-U30b_EN.pdf\">0322.1586 M430-HC108-b BF GG U30b_EN<\/a><\/p>\n","protected":false},"excerpt":{"rendered":"<ul>\n<li>n-tyypin HiR-puolileikkaustekniikka<\/li>\n<li>Lis\u00e4tuotot tehostetun bifacial-kertoimen ansiosta<\/li>\n<li>Korkean suorituskyvyn vakaus ja maksimaalinen tehokkuus<\/li>\n<li>T\u00e4ytt\u00e4\u00e4 korkeimmat esteettiset vaatimukset<\/li>\n<li>Eritt\u00e4in korkea kest\u00e4vyys lasi-lasitekniikan ansiosta.<\/li>\n<li>Kaikkien raaka-aineiden t\u00e4ydellinen j\u00e4ljitett\u00e4vyys<\/li>\n<li>Sveitsin kehitys ja takuu<\/li>\n<\/ul>\n","protected":false},"featured_media":3242,"comment_status":"open","ping_status":"closed","template":"","meta":[],"product_brand":[],"product_cat":[27,28,15],"product_tag":[],"class_list":{"0":"post-473","1":"product","2":"type-product","3":"status-publish","4":"has-post-thumbnail","6":"product_cat-aurinkopaneelit","7":"product_cat-bifacial","8":"product_cat-products","9":"pa_brands-megasol","11":"first","12":"onbackorder","13":"taxable","14":"shipping-taxable","15":"product-type-simple"},"_links":{"self":[{"href":"https:\/\/texus.fi\/fi\/wp-json\/wp\/v2\/product\/473","targetHints":{"allow":["GET"]}}],"collection":[{"href":"https:\/\/texus.fi\/fi\/wp-json\/wp\/v2\/product"}],"about":[{"href":"https:\/\/texus.fi\/fi\/wp-json\/wp\/v2\/types\/product"}],"replies":[{"embeddable":true,"href":"https:\/\/texus.fi\/fi\/wp-json\/wp\/v2\/comments?post=473"}],"wp:featuredmedia":[{"embeddable":true,"href":"https:\/\/texus.fi\/fi\/wp-json\/wp\/v2\/media\/3242"}],"wp:attachment":[{"href":"https:\/\/texus.fi\/fi\/wp-json\/wp\/v2\/media?parent=473"}],"wp:term":[{"taxonomy":"product_brand","embeddable":true,"href":"https:\/\/texus.fi\/fi\/wp-json\/wp\/v2\/product_brand?post=473"},{"taxonomy":"product_cat","embeddable":true,"href":"https:\/\/texus.fi\/fi\/wp-json\/wp\/v2\/product_cat?post=473"},{"taxonomy":"product_tag","embeddable":true,"href":"https:\/\/texus.fi\/fi\/wp-json\/wp\/v2\/product_tag?post=473"}],"curies":[{"name":"wp","href":"https:\/\/api.w.org\/{rel}","templated":true}]}}