{"id":4730,"date":"2024-06-24T16:11:30","date_gmt":"2024-06-24T13:11:30","guid":{"rendered":"https:\/\/texus.fi\/?post_type=product&#038;p=4730"},"modified":"2025-06-24T16:12:40","modified_gmt":"2025-06-24T13:12:40","slug":"kelat-iskra-24-vac-9-30a","status":"publish","type":"product","link":"https:\/\/texus.fi\/fi\/kelat-iskra-24-vac-9-30a\/","title":{"rendered":"Kelat, Iskra, 24 VAC, 9-30A"},"content":{"rendered":"<div class=\"tabs-panel panel-smart\">\n<div class=\"tab-content clearfix\">\n<div id=\"tab-description\" class=\"tab-pane active\">\n<div class=\"tabs-panel panel-smart\">\n<div class=\"tab-content clearfix\">\n<div id=\"tab-description\" class=\"tab-pane active\">\n<div class=\"tabs-panel panel-smart\">\n<div class=\"tab-content clearfix\">\n<div id=\"tab-description\" class=\"tab-pane active\">\n<div class=\"tabs-panel panel-smart\">\n<div class=\"tab-content clearfix\">\n<div id=\"tab-description\" class=\"tab-pane active\">\n<div class=\"tabs-panel panel-smart\">\n<div class=\"tab-content clearfix\">\n<div id=\"tab-description\" class=\"tab-pane active\">\n<div class=\"tabs-panel panel-smart\">\n<div class=\"tab-content clearfix\">\n<div id=\"tab-description\" class=\"tab-pane active\">\n<div class=\"tabs-panel panel-smart\">\n<div class=\"tab-content clearfix\">\n<div id=\"tab-description\" class=\"tab-pane active\">\n<div class=\"tabs-panel panel-smart\">\n<div class=\"tab-content clearfix\">\n<div id=\"tab-description\" class=\"tab-pane active\">\n<div class=\"tabs-panel panel-smart\">\n<div class=\"tab-content clearfix\">\n<div id=\"tab-description\" class=\"tab-pane active\">\n<div class=\"tabs-panel panel-smart\">\n<div class=\"tab-content clearfix\">\n<div id=\"tab-description\" class=\"tab-pane active\">\n<div class=\"tabs-panel panel-smart\">\n<div class=\"tab-content clearfix\">\n<div id=\"tab-description\" class=\"tab-pane active\">\n<div>Vaihdettaviksi 24V AC k\u00e4ytt\u00f6\u00f6n tai varaosiksi.<\/div>\n<\/div>\n<\/div>\n<\/div>\n<div class=\"product-info-box\"><\/div>\n<\/div>\n<\/div>\n<\/div>\n<div class=\"product-info-box\"><\/div>\n<\/div>\n<\/div>\n<\/div>\n<div class=\"product-info-box\"><\/div>\n<\/div>\n<\/div>\n<\/div>\n<div class=\"product-info-box\"><\/div>\n<\/div>\n<\/div>\n<\/div>\n<\/div>\n<\/div>\n<\/div>\n<\/div>\n<\/div>\n<\/div>\n<\/div>\n<\/div>\n<\/div>\n<\/div>\n<\/div>\n<\/div>\n<\/div>\n<\/div>\n<\/div>\n<\/div>\n<\/div>\n<\/div>\n","protected":false},"excerpt":{"rendered":"<div class=\"tabs-panel panel-smart\">\n<div class=\"tab-content clearfix\">\n<div id=\"tab-description\" class=\"tab-pane active\">\n<div class=\"tabs-panel panel-smart\">\n<div class=\"tab-content clearfix\">\n<div id=\"tab-description\" class=\"tab-pane active\">\n<div class=\"tabs-panel panel-smart\">\n<div class=\"tab-content clearfix\">\n<div id=\"tab-description\" class=\"tab-pane active\">\n<div class=\"tabs-panel panel-smart\">\n<div class=\"tab-content clearfix\">\n<div id=\"tab-description\" class=\"tab-pane active\">\n<div class=\"tabs-panel panel-smart\">\n<div class=\"tab-content clearfix\">\n<div id=\"tab-description\" class=\"tab-pane active\">\n<div class=\"tabs-panel panel-smart\">\n<div class=\"tab-content clearfix\">\n<div id=\"tab-description\" class=\"tab-pane active\">\n<div class=\"tabs-panel panel-smart\">\n<div class=\"tab-content clearfix\">\n<div id=\"tab-description\" class=\"tab-pane active\">\n<div class=\"tabs-panel panel-smart\">\n<div class=\"tab-content clearfix\">\n<div id=\"tab-description\" class=\"tab-pane active\">\n<div class=\"tabs-panel panel-smart\">\n<div class=\"tab-content clearfix\">\n<div id=\"tab-description\" class=\"tab-pane active\">\n<div>Vaihdettaviksi 24V AC k\u00e4ytt\u00f6\u00f6n tai varaosiksi.<\/div>\n<\/div>\n<\/div>\n<\/div>\n<div class=\"product-info-box\"><\/div>\n<\/div>\n<\/div>\n<\/div>\n<div class=\"product-info-box\"><\/div>\n<\/div>\n<\/div>\n<\/div>\n<div class=\"product-info-box\"><\/div>\n<\/div>\n<\/div>\n<\/div>\n<div class=\"product-info-box\"><\/div>\n<\/div>\n<\/div>\n<\/div>\n<\/div>\n<\/div>\n<\/div>\n<div class=\"product-info-box\"><\/div>\n<\/div>\n<\/div>\n<\/div>\n<div class=\"product-info-box\"><\/div>\n<\/div>\n<\/div>\n<\/div>\n<div class=\"product-info-box\"><\/div>\n<\/div>\n<\/div>\n<\/div>\n","protected":false},"featured_media":4731,"comment_status":"open","ping_status":"closed","template":"","meta":[],"product_brand":[],"product_cat":[131,140,133],"product_tag":[],"class_list":{"0":"post-4730","1":"product","2":"type-product","3":"status-publish","4":"has-post-thumbnail","6":"product_cat-automaatio","7":"product_cat-kontaktorit-iskra","8":"product_cat-kontaktorit-kaynnistimet","9":"product_shipping_class-standard-delivery","10":"pa_brands-malmbergs","12":"first","13":"instock","14":"taxable","15":"shipping-taxable","16":"purchasable","17":"product-type-simple"},"_links":{"self":[{"href":"https:\/\/texus.fi\/fi\/wp-json\/wp\/v2\/product\/4730","targetHints":{"allow":["GET"]}}],"collection":[{"href":"https:\/\/texus.fi\/fi\/wp-json\/wp\/v2\/product"}],"about":[{"href":"https:\/\/texus.fi\/fi\/wp-json\/wp\/v2\/types\/product"}],"replies":[{"embeddable":true,"href":"https:\/\/texus.fi\/fi\/wp-json\/wp\/v2\/comments?post=4730"}],"wp:featuredmedia":[{"embeddable":true,"href":"https:\/\/texus.fi\/fi\/wp-json\/wp\/v2\/media\/4731"}],"wp:attachment":[{"href":"https:\/\/texus.fi\/fi\/wp-json\/wp\/v2\/media?parent=4730"}],"wp:term":[{"taxonomy":"product_brand","embeddable":true,"href":"https:\/\/texus.fi\/fi\/wp-json\/wp\/v2\/product_brand?post=4730"},{"taxonomy":"product_cat","embeddable":true,"href":"https:\/\/texus.fi\/fi\/wp-json\/wp\/v2\/product_cat?post=4730"},{"taxonomy":"product_tag","embeddable":true,"href":"https:\/\/texus.fi\/fi\/wp-json\/wp\/v2\/product_tag?post=4730"}],"curies":[{"name":"wp","href":"https:\/\/api.w.org\/{rel}","templated":true}]}}