{"id":476,"date":"2024-07-17T16:27:19","date_gmt":"2024-07-17T13:27:19","guid":{"rendered":"https:\/\/texus.fi\/?post_type=product&#038;p=476"},"modified":"2025-03-05T14:21:59","modified_gmt":"2025-03-05T11:21:59","slug":"megasol-m400-hc120-b-bifacial-glass-glass-totally-black-module","status":"publish","type":"product","link":"https:\/\/texus.fi\/fi\/megasol-m400-hc120-b-bifacial-glass-glass-totally-black-module\/","title":{"rendered":"Megasol &#8211; M400-HC120-b, Bifacial lasi-lasi, t\u00e4ysin musta moduuli"},"content":{"rendered":"<ul>\n<li>HiR RearCon -kennotekniikka<\/li>\n<li>T\u00e4ysin musta korkeimpia esteettisi\u00e4 vaatimuksia varten<\/li>\n<li>Lis\u00e4tuotot bifacial-j\u00e4rjestelm\u00e4ll\u00e4<\/li>\n<li>Paras suorituskyvyn vakaus ja maksimaalinen tehokkuus<\/li>\n<li>Eritt\u00e4in korkea kest\u00e4vyys lasi-lasitekniikan ansiosta.<\/li>\n<li>Kaikkien raaka-aineiden t\u00e4ydellinen j\u00e4ljitett\u00e4vyys<\/li>\n<li>Sveitsin kehitys ja takuu<\/li>\n<\/ul>\n<p><strong>Tietolehti:<\/strong><\/p>\n<p><a href=\"https:\/\/texus.fi\/wp-content\/uploads\/2024\/07\/0322.1548-M400-HC120-b-RC-GG-U30b_EN.pdf\">0322.1548 M400-HC120-b RC GG U30b_EN<\/a><\/p>\n","protected":false},"excerpt":{"rendered":"<ul>\n<li>HiR RearCon -kennotekniikka<\/li>\n<li>T\u00e4ysin musta korkeimpia esteettisi\u00e4 vaatimuksia varten<\/li>\n<li>Lis\u00e4tuotot bifacial-j\u00e4rjestelm\u00e4ll\u00e4<\/li>\n<li>Paras suorituskyvyn vakaus ja maksimaalinen tehokkuus<\/li>\n<li>Eritt\u00e4in korkea kest\u00e4vyys lasi-lasitekniikan ansiosta.<\/li>\n<li>Kaikkien raaka-aineiden t\u00e4ydellinen j\u00e4ljitett\u00e4vyys<\/li>\n<li>Sveitsin kehitys ja takuu<\/li>\n<\/ul>\n","protected":false},"featured_media":3239,"comment_status":"open","ping_status":"closed","template":"","meta":[],"product_brand":[],"product_cat":[27,28,15],"product_tag":[],"class_list":{"0":"post-476","1":"product","2":"type-product","3":"status-publish","4":"has-post-thumbnail","6":"product_cat-aurinkopaneelit","7":"product_cat-bifacial","8":"product_cat-products","9":"pa_brands-megasol","11":"first","12":"onbackorder","13":"taxable","14":"shipping-taxable","15":"product-type-simple"},"_links":{"self":[{"href":"https:\/\/texus.fi\/fi\/wp-json\/wp\/v2\/product\/476","targetHints":{"allow":["GET"]}}],"collection":[{"href":"https:\/\/texus.fi\/fi\/wp-json\/wp\/v2\/product"}],"about":[{"href":"https:\/\/texus.fi\/fi\/wp-json\/wp\/v2\/types\/product"}],"replies":[{"embeddable":true,"href":"https:\/\/texus.fi\/fi\/wp-json\/wp\/v2\/comments?post=476"}],"wp:featuredmedia":[{"embeddable":true,"href":"https:\/\/texus.fi\/fi\/wp-json\/wp\/v2\/media\/3239"}],"wp:attachment":[{"href":"https:\/\/texus.fi\/fi\/wp-json\/wp\/v2\/media?parent=476"}],"wp:term":[{"taxonomy":"product_brand","embeddable":true,"href":"https:\/\/texus.fi\/fi\/wp-json\/wp\/v2\/product_brand?post=476"},{"taxonomy":"product_cat","embeddable":true,"href":"https:\/\/texus.fi\/fi\/wp-json\/wp\/v2\/product_cat?post=476"},{"taxonomy":"product_tag","embeddable":true,"href":"https:\/\/texus.fi\/fi\/wp-json\/wp\/v2\/product_tag?post=476"}],"curies":[{"name":"wp","href":"https:\/\/api.w.org\/{rel}","templated":true}]}}