{"id":479,"date":"2024-07-17T16:38:14","date_gmt":"2024-07-17T13:38:14","guid":{"rendered":"https:\/\/texus.fi\/?post_type=product&#038;p=479"},"modified":"2025-03-05T14:21:57","modified_gmt":"2025-03-05T11:21:57","slug":"megasol-level-roof-integrated-system","status":"publish","type":"product","link":"https:\/\/texus.fi\/fi\/megasol-level-roof-integrated-system\/","title":{"rendered":"Megasol &#8211; LEVEL kattoon integroitu j\u00e4rjestelm\u00e4"},"content":{"rendered":"<div class=\"wpb_text_column wpb_content_element vc_custom_1624890171234\">\n<div class=\"wpb_wrapper\">\n<p><strong>Joustavuus<\/strong><\/p>\n<p><span data-sheets-root=\"1\">J\u00e4rjestelm\u00e4n vakiokomponentteihin kuuluvat ulkon\u00e4\u00f6lt\u00e4\u00e4n samanlaiset puoli- ja nelj\u00e4nnesmoduulit. Peruspaletti sis\u00e4lt\u00e4\u00e4 kolme v\u00e4riversiota. Monimutkaisemmat suunnitteluvaatimukset (v\u00e4ri, pinta) voidaan toteuttaa yksil\u00f6llisesti suunnitelluilla aurinkopaneeleilla.<\/span><\/p>\n<\/div>\n<\/div>\n<div class=\"wpb_text_column wpb_content_element \">\n<div class=\"wpb_wrapper\">\n<p><strong>Yhteensopivuus<\/strong><\/p>\n<p><span data-sheets-root=\"1\">LEVEL-kattoj\u00e4rjestelm\u00e4 voidaan helposti yhdist\u00e4\u00e4 kaikkiin tavallisiin kattopinnoitteisiin, kuten kattotiileihin, kattopellille tai alumiinikomposiittipaneeleihin. Erityisesti LEVEL-kattoj\u00e4rjestelm\u00e4\u00e4n kehitetty kattoikkuna (Wenger Fenster) mahdollistaa saumattoman integroinnin. LEVEL voidaan varustaa integroidulla lumensuojalla.<\/span><\/p>\n<p>&nbsp;<\/p>\n<p><iframe title=\"Megasol LEVEL Indachsystem\" width=\"800\" height=\"450\" src=\"https:\/\/www.youtube.com\/embed\/ZYKL_vILJpw?start=101&#038;feature=oembed\" frameborder=\"0\" allow=\"accelerometer; autoplay; clipboard-write; encrypted-media; gyroscope; picture-in-picture; web-share\" referrerpolicy=\"strict-origin-when-cross-origin\" allowfullscreen><\/iframe><\/p>\n<p>&nbsp;<\/p>\n<\/div>\n<\/div>\n","protected":false},"excerpt":{"rendered":"<div class=\"wpb_text_column wpb_content_element vc_custom_1624890171234\">\n<div class=\"wpb_wrapper\">\n<p><strong>Joustavuus<\/strong><\/p>\n<p><span data-sheets-root=\"1\">J\u00e4rjestelm\u00e4n vakiokomponentteihin kuuluvat ulkon\u00e4\u00f6lt\u00e4\u00e4n samanlaiset puoli- ja nelj\u00e4nnesmoduulit. Peruspaletti sis\u00e4lt\u00e4\u00e4 kolme v\u00e4riversiota. Monimutkaisemmat suunnitteluvaatimukset (v\u00e4ri, pinta) voidaan toteuttaa yksil\u00f6llisesti suunnitelluilla aurinkopaneeleilla.<\/span><\/p>\n<\/div>\n<\/div>\n<div class=\"wpb_text_column wpb_content_element \">\n<div class=\"wpb_wrapper\">\n<p><strong>Yhteensopivuus<\/strong><\/p>\n<p><span data-sheets-root=\"1\">LEVEL-kattoj\u00e4rjestelm\u00e4 voidaan helposti yhdist\u00e4\u00e4 kaikkiin tavallisiin kattopinnoitteisiin, kuten kattotiileihin, kattopellille tai alumiinikomposiittipaneeleihin. Erityisesti LEVEL-kattoj\u00e4rjestelm\u00e4\u00e4n kehitetty kattoikkuna (Wenger Fenster) mahdollistaa saumattoman integroinnin. LEVEL voidaan varustaa integroidulla lumensuojalla.<\/span><\/p>\n<\/div>\n<\/div>\n","protected":false},"featured_media":480,"comment_status":"open","ping_status":"closed","template":"","meta":[],"product_brand":[],"product_cat":[27,29,15],"product_tag":[],"class_list":{"0":"post-479","1":"product","2":"type-product","3":"status-publish","4":"has-post-thumbnail","6":"product_cat-aurinkopaneelit","7":"product_cat-monofacial","8":"product_cat-products","9":"pa_brands-megasol","11":"first","12":"onbackorder","13":"taxable","14":"shipping-taxable","15":"product-type-simple"},"_links":{"self":[{"href":"https:\/\/texus.fi\/fi\/wp-json\/wp\/v2\/product\/479","targetHints":{"allow":["GET"]}}],"collection":[{"href":"https:\/\/texus.fi\/fi\/wp-json\/wp\/v2\/product"}],"about":[{"href":"https:\/\/texus.fi\/fi\/wp-json\/wp\/v2\/types\/product"}],"replies":[{"embeddable":true,"href":"https:\/\/texus.fi\/fi\/wp-json\/wp\/v2\/comments?post=479"}],"wp:featuredmedia":[{"embeddable":true,"href":"https:\/\/texus.fi\/fi\/wp-json\/wp\/v2\/media\/480"}],"wp:attachment":[{"href":"https:\/\/texus.fi\/fi\/wp-json\/wp\/v2\/media?parent=479"}],"wp:term":[{"taxonomy":"product_brand","embeddable":true,"href":"https:\/\/texus.fi\/fi\/wp-json\/wp\/v2\/product_brand?post=479"},{"taxonomy":"product_cat","embeddable":true,"href":"https:\/\/texus.fi\/fi\/wp-json\/wp\/v2\/product_cat?post=479"},{"taxonomy":"product_tag","embeddable":true,"href":"https:\/\/texus.fi\/fi\/wp-json\/wp\/v2\/product_tag?post=479"}],"curies":[{"name":"wp","href":"https:\/\/api.w.org\/{rel}","templated":true}]}}