{"id":4948,"date":"2025-02-27T13:10:43","date_gmt":"2025-02-27T10:10:43","guid":{"rendered":"https:\/\/texus.fi\/?post_type=product&#038;p=4948"},"modified":"2025-12-10T09:33:57","modified_gmt":"2025-12-10T06:33:57","slug":"aiko-neostar-2s-double-glass-full-black-465w-copy","status":"publish","type":"product","link":"https:\/\/texus.fi\/fi\/aiko-neostar-2s-double-glass-full-black-465w-copy\/","title":{"rendered":"AIKO Neostar 2s+ Double Glass &#8211;  Full Black 460W"},"content":{"rendered":"<p><strong>Tuotenimi:<\/strong><\/p>\n<p>Aiko Solar A460-MAH54Db Aurinkopaneeli<\/p>\n<p><strong>Kuvaus:<\/strong><\/p>\n<p>Aiko Solarin A460-MAH54Db on suorituskykyinen aurinkopaneeli, joka tarjoaa tehokasta ja luotettavaa energiantuotantoa. Paneeli kuuluu Neostar-sarjaan ja hy\u00f6dynt\u00e4\u00e4 kehittynytt\u00e4 N-tyypin ABC-tekniikkaa erinomaisen suorituskyvyn ja kest\u00e4vyyden varmistamiseksi.<\/p>\n<p><strong>Ominaisuudet:<\/strong><\/p>\n<p>\u2022 Teho: 460 wattia (Wp)<br \/>\n\u2022 Tyyppi: Lasi-Lasi \/ T\u00e4ysin musta N-tyypin ABC<br \/>\n\u2022 Puolitetut kennot: 108 kpl<br \/>\n\u2022 Hy\u00f6tysuhde: 23,1%<br \/>\n\u2022 Kehyksen materiaali: Mustaksi anodisoitu alumiini<br \/>\n\u2022 Mitat: 1757 x 1134 x 30mm<br \/>\n\u2022 Paino: 24,5 kg<br \/>\n\u2022 Yhteensopiva MC4 EVO2 -liittimien kanssa<br \/>\n\u2022 25 vuoden tuotetakuu, 30 vuoden tehotakuu<\/p>\n<p><strong>Edut:<\/strong><\/p>\n<p>\u2022 Tuottaa enemm\u00e4n tehoa neli\u00f6metri\u00e4 kohden kuin perinteiset paneelit<br \/>\n\u2022 V\u00e4hemm\u00e4n herkkyytt\u00e4 heikkenemiselle, pitk\u00e4 k\u00e4ytt\u00f6ik\u00e4<br \/>\n\u2022 Pidempi tuotetakuu tuo lis\u00e4turvaa<\/p>\n<p><strong>K\u00e4ytt\u00f6kohteet:<\/strong><\/p>\n<p>T\u00e4m\u00e4 aurinkopaneeli soveltuu sek\u00e4 kaupallisiin ett\u00e4 yksityisiin asennuksiin, mukaan lukien asuinrakennusten katot, yritysrakennukset ja off-grid-j\u00e4rjestelm\u00e4t.<\/p>\n","protected":false},"excerpt":{"rendered":"<p>Aiko Solarin A460-MAH54Db on suorituskykyinen aurinkopaneeli, joka tarjoaa tehokasta ja luotettavaa energiantuotantoa. Paneeli kuuluu Neostar-sarjaan ja hy\u00f6dynt\u00e4\u00e4 kehittynytt\u00e4 N-tyypin ABC-tekniikkaa erinomaisen suorituskyvyn ja kest\u00e4vyyden varmistamiseksi.<\/p>\n<p>&nbsp;<\/p>\n","protected":false},"featured_media":4949,"comment_status":"open","ping_status":"closed","template":"","meta":[],"product_brand":[],"product_cat":[27,28,15],"product_tag":[],"class_list":{"0":"post-4948","1":"product","2":"type-product","3":"status-publish","4":"has-post-thumbnail","6":"product_cat-aurinkopaneelit","7":"product_cat-bifacial","8":"product_cat-products","9":"product_shipping_class-standard-delivery","10":"pa_brands-aiko","12":"first","13":"outofstock","14":"sale","15":"taxable","16":"shipping-taxable","17":"purchasable","18":"product-type-simple"},"_links":{"self":[{"href":"https:\/\/texus.fi\/fi\/wp-json\/wp\/v2\/product\/4948","targetHints":{"allow":["GET"]}}],"collection":[{"href":"https:\/\/texus.fi\/fi\/wp-json\/wp\/v2\/product"}],"about":[{"href":"https:\/\/texus.fi\/fi\/wp-json\/wp\/v2\/types\/product"}],"replies":[{"embeddable":true,"href":"https:\/\/texus.fi\/fi\/wp-json\/wp\/v2\/comments?post=4948"}],"wp:featuredmedia":[{"embeddable":true,"href":"https:\/\/texus.fi\/fi\/wp-json\/wp\/v2\/media\/4949"}],"wp:attachment":[{"href":"https:\/\/texus.fi\/fi\/wp-json\/wp\/v2\/media?parent=4948"}],"wp:term":[{"taxonomy":"product_brand","embeddable":true,"href":"https:\/\/texus.fi\/fi\/wp-json\/wp\/v2\/product_brand?post=4948"},{"taxonomy":"product_cat","embeddable":true,"href":"https:\/\/texus.fi\/fi\/wp-json\/wp\/v2\/product_cat?post=4948"},{"taxonomy":"product_tag","embeddable":true,"href":"https:\/\/texus.fi\/fi\/wp-json\/wp\/v2\/product_tag?post=4948"}],"curies":[{"name":"wp","href":"https:\/\/api.w.org\/{rel}","templated":true}]}}