{"id":4959,"date":"2025-07-18T15:53:37","date_gmt":"2025-07-18T12:53:37","guid":{"rendered":"https:\/\/texus.fi\/?post_type=product&#038;p=4959"},"modified":"2025-10-07T08:11:20","modified_gmt":"2025-10-07T05:11:20","slug":"studer-next1","status":"publish","type":"product","link":"https:\/\/texus.fi\/fi\/studer-next1\/","title":{"rendered":"Studer &#8211; next1"},"content":{"rendered":"<p><a href=\"https:\/\/texus.fi\/?attachment_id=4967\" rel=\"attachment wp-att-4967\"><img fetchpriority=\"high\" decoding=\"async\" class=\"aligncenter size-full wp-image-4967\" src=\"https:\/\/texus.fi\/wp-content\/uploads\/2025\/07\/next1-synoptic-1.gif\" alt=\"\" width=\"1920\" height=\"1080\"><\/a><\/p>\n<p class=\"p1\">Uusi \u00e4lyk\u00e4s invertteri-latauslaite verkkoon kytkettyihin ja verkkoon kytkettyihin sovelluksiin 38 vuoden kokemuksemme perint\u00f6. Yksivaiheinen 6500VA tai 4500VA invertterilaturi, jossa on matalataajuustopologia, joka takaa parhaan ylikuormituskyvyn, kest\u00e4vyyden ja pienimm\u00e4n mahdollisen valmiustilan kulutuksen alhaisen TCO:n saavuttamiseksi.<\/p>\n<p class=\"p1\"><strong>Alhainen TCO<\/strong><\/p>\n<p class=\"p1\">Luotettavuus tarkoittaa v\u00e4hemm\u00e4n huoltoja ja kiireellisi\u00e4 h\u00e4t\u00e4toimenpiteit\u00e4.<\/p>\n<p class=\"p1\">Hyv\u00e4 hy\u00f6tysuhde s\u00e4\u00e4st\u00e4\u00e4 energiaa.<\/p>\n<p class=\"p1\">Kehittynyt akunhallinta suojaa j\u00e4rjestelmien kalleinta osaa.<\/p>\n<p class=\"p1\"><strong>Kest\u00e4vyys<\/strong><\/p>\n<p class=\"p1\">IP65 k\u00e4ytett\u00e4v\u00e4ksi kaikissa mahdollisissa ymp\u00e4rist\u00f6iss\u00e4.<\/p>\n<p class=\"p1\">Suunniteltu, koottu ja testattu Sveitsiss\u00e4.<\/p>\n<p class=\"p1\">Asenna kerran voittoa vuosikymmenen ajan laadukkaiden komponenttien ansiosta.<\/p>\n<p class=\"p1\"><strong>Puhdas siniaalto<\/strong><\/p>\n<p class=\"p1\">Off\/on grid-invertteri 6500VA\/4500VA.<\/p>\n<p class=\"p1\">T\u00e4ysi varavoima.<\/p>\n<p class=\"p1\">Pys\u00e4ytt\u00e4m\u00e4t\u00f6n huipputeho 12kVA\/10,5kVA 5 sekunnin ajan.<\/p>\n<p class=\"p1\"><strong>10 vuoden takuu<\/strong><\/p>\n<p class=\"p4\"><strong>Ei huolta ymp\u00e4rist\u00f6olosuhteista<\/strong><\/p>\n<p class=\"p4\">Next1 on suunniteltu kest\u00e4m\u00e4\u00e4n vaativimmissakin ymp\u00e4rist\u00f6iss\u00e4, ja se toimii t\u00e4ydellisesti olosuhteista riippumatta:<br \/>\n&#8211; Kova kuumuus<br \/>\n&#8211; \u00e4\u00e4rimm\u00e4inen kylmyys<br \/>\n&#8211; korkea kosteus<\/p>\n<p class=\"p4\">next1 tuottaa 80 % nimellistehostaan 45\u00b0 C:ssa ja toimii jopa 60\u00b0 C:ssa.<\/p>\n<p class=\"p4\">IP65-suojauksen ansiosta se kest\u00e4\u00e4 sadetta, p\u00f6ly\u00e4 ja jopa 100 %:n kosteutta, mik\u00e4 takaa luotettavan toiminnan kaikissa ymp\u00e4rist\u00f6iss\u00e4. T\u00e4m\u00e4 invertteri<span class=\"Apple-converted-space\">\u00a0 <\/span>jatkaa toimintaansa ilman kompromisseja riippumatta siit\u00e4, miss\u00e4 asennuksesi sijaitsee.<\/p>\n<p class=\"p4\"><strong>Sveitsiss\u00e4 valmistettu\u00a0<img decoding=\"async\" class=\"wp-image-4966 alignnone\" style=\"font-family: -apple-system, BlinkMacSystemFont, &#039;Segoe UI&#039;, Roboto, &#039;Helvetica Neue&#039;, Arial, &#039;Noto Sans&#039;, sans-serif, &#039;Apple Color Emoji&#039;, &#039;Segoe UI Emoji&#039;, &#039;Segoe UI Symbol&#039;, &#039;Noto Color Emoji&#039;;\" src=\"https:\/\/texus.fi\/wp-content\/uploads\/2025\/07\/Swiss-150x150.png\" alt=\"\" width=\"23\" height=\"23\" srcset=\"https:\/\/texus.fi\/wp-content\/uploads\/2025\/07\/Swiss-150x150.png 150w, https:\/\/texus.fi\/wp-content\/uploads\/2025\/07\/Swiss-300x300.png 300w, https:\/\/texus.fi\/wp-content\/uploads\/2025\/07\/Swiss-1024x1024.png 1024w, https:\/\/texus.fi\/wp-content\/uploads\/2025\/07\/Swiss-768x768.png 768w, https:\/\/texus.fi\/wp-content\/uploads\/2025\/07\/Swiss-12x12.png 12w, https:\/\/texus.fi\/wp-content\/uploads\/2025\/07\/Swiss-600x600.png 600w, https:\/\/texus.fi\/wp-content\/uploads\/2025\/07\/Swiss-100x100.png 100w, https:\/\/texus.fi\/wp-content\/uploads\/2025\/07\/Swiss.png 1080w\" sizes=\"(max-width: 23px) 100vw, 23px\" \/><\/strong><\/p>\n<p class=\"p4\">Suunniteltu, koottu ja testattu Sveitsiss\u00e4, mik\u00e4 takaa korkeimmat laatu- ja luotettavuusstandardit. Jokainen yksikk\u00f6 l\u00e4p\u00e4isee tiukat tarkastukset varmistaakseen poikkeuksellisen suorituskyvyn, pitk\u00e4aikaisen kest\u00e4vyyden ja saumattoman toiminnan vaativimmissakin ymp\u00e4rist\u00f6iss\u00e4. Sveitsil\u00e4isvalmisteisen huippuosaamisen ansiosta voit luottaa siihen, ett\u00e4 next1 tarjoaa t\u00e4ydellisen sinuksen ja luotettavuuden vuosiksi eteenp\u00e4in.<\/p>\n<p class=\"p1\"><strong>T\u00e4ydellinen ja puhdas sinus<\/strong><\/p>\n<p class=\"p1\">next1 tuottaa poikkeuksellisen puhtaan siniaallon, joten se sopii erinomaisesti sovelluksiin, jotka vaativat virheet\u00f6nt\u00e4 signaalia.<\/p>\n<p class=\"p1\">T\u00e4m\u00e4 tarkkuustaso on niin korkea, ett\u00e4 jotkut asiakkaamme k\u00e4ytt\u00e4v\u00e4t Studer-taajuusmuuttajia verkon ulkopuolella \u00e4\u00e4nitysstudioissa eliminoidakseen huonosta s\u00e4hk\u00f6verkosta johtuvat s\u00e4hk\u00f6h\u00e4iri\u00f6t ja h\u00e4iri\u00f6t ja varmistaakseen tinkim\u00e4tt\u00f6m\u00e4n \u00e4\u00e4nenlaadun loistavan sinuksen ansiosta.<\/p>\n<p class=\"p1\"><strong>Pys\u00e4ytt\u00e4m\u00e4t\u00f6n huipputeho 12kVA nx1 6500-48:lle 5 sekunnin ajan.<\/strong><\/p>\n<p class=\"p1\">Rakennettu antamaan virtaa kaikille kuormille, kuten pumpuille, kompressoreille ja muille. Hy\u00f6kk\u00e4ysvirrat ja huipputehot tehd\u00e4\u00e4n huomaamattomiksi, t\u00e4ydellisesti verkon ulkopuolisiin sovelluksiin.<\/p>\n<p class=\"p1\"><strong>Tehovirran jakelulaite\u00ae<\/strong><\/p>\n<p class=\"p1\">J\u00e4rjestelm\u00e4keskeinen Power flow dispatcher\u00ae<span class=\"Apple-converted-space\">\u00a0 <\/span>on teko\u00e4lyalgoritmimme, joka koordinoi koko j\u00e4rjestelm\u00e4n energianhallintaa. Tarjoaa sinulle parhaan mahdollisen energiantuotannon hallinnan.<\/p>\n<p class=\"p1\"><strong>T\u00e4st\u00e4 l\u00e4htien kaikki sis\u00e4ltyy next1:een.<\/strong><\/p>\n<p class=\"p1\">nextOS, k\u00e4ytt\u00f6j\u00e4rjestelm\u00e4mme j\u00e4rjestelm\u00e4n konfigurointiin, ohjaukseen ja analysointiin, on integroitu suoraan laitteeseen, joten ulkoista ohjausn\u00e4ytt\u00f6\u00e4 ei tarvita. nx-liit\u00e4nt\u00e4 on edelleen saatavana lis\u00e4varusteena, jos asiakkaasi haluaa fyysisen n\u00e4ytt\u00f6liittym\u00e4n.<\/p>\n<p class=\"p1\">K\u00e4ytt\u00f6liittym\u00e4\u00e4n p\u00e4\u00e4see k\u00e4siksi internetin kautta.<\/p>\n<p class=\"p1\">Sis\u00e4\u00e4nrakennetut liit\u00e4nn\u00e4t: Acess Point, wlan ja ethernet, web-k\u00e4ytt\u00f6liittym\u00e4, CAN BMS, Modbus RTU\/TCP, USB ja paljon muuta.<\/p>\n<p class=\"p1\"><strong>Helppo valvonta ja konfigurointi sovelluksen kautta<\/strong><\/p>\n<p class=\"p1\"><span class=\"s1\">J\u00e4rjestelm\u00e4n <\/span>tietojen seurantaan suunniteltu Studer-valvontasovellus on t\u00e4ydellinen, kun haluat saada j\u00e4rjestelm\u00e4\u00e4si koskevia tietoja yhdell\u00e4 silm\u00e4yksell\u00e4. Sen avulla voit muodostaa yhteyden suoraan next1-verkkok\u00e4ytt\u00f6liittym\u00e4\u00e4n puhelimestasi wlan-verkkosi kautta. Kaikki tiedot tallennetaan eurooppalaisille palvelimille.<\/p>\n<p class=\"p1\">T\u00e4m\u00e4n sovelluksen avulla asentajien on helppo asentaa ja konfiguroida next1 puhelimensa avulla. Seuraamalla <span class=\"s1\">sovelluksen <\/span>sis\u00e4\u00e4nrakennettua ohjattua toimintoa sinut ohjataan koko menettelyn l\u00e4pi <span class=\"s1\">laitteen<\/span> wlan-liitynt\u00e4pisteeseen liitt\u00e4misest\u00e4 lopulliseen k\u00e4ytt\u00f6\u00f6nottoon.<\/p>\n<p class=\"p1\"><strong>Avaa kotiautomaatiointegraation mahdollisuudet<\/strong><\/p>\n<p class=\"p1\">I\/O: minidomotiikan mahdollisuudet ilman lis\u00e4laitteita. N\u00e4iden next1:n fyysisten koskettimien avulla voit k\u00e4ynnist\u00e4\u00e4 tietyt laitteet taajuusmuuttajan kokoonpanossa m\u00e4\u00e4ritettyjen ehtojen mukaisesti. Ilman ulkoista kotiautomaatioj\u00e4rjestelm\u00e4\u00e4.<\/p>\n<p class=\"p1\">Monimutkaisemmissa j\u00e4rjestelmiss\u00e4 voit k\u00e4ytt\u00e4\u00e4 avointa modbus\/API:t\u00e4 <span class=\"s1\">&#8221;<\/span>Open studer&#8221;, jolla next1-laitteet voidaan integroida t\u00e4ysin monimutkaisiin ja r\u00e4\u00e4t\u00e4l\u00f6ityihin j\u00e4rjestelm\u00e4arkkitehtuureihin.<\/p>\n<p class=\"p6\"><strong>Lataa asiakirjoja:<\/strong><\/p>\n<ul>\n<li><a href=\"https:\/\/texus.fi\/?attachment_id=4980\" rel=\"attachment wp-att-4980\">Studer_next_nx1_A4-WEB-v3.8<\/a><\/li>\n<li><a href=\"https:\/\/texus.fi\/?attachment_id=4981\" rel=\"attachment wp-att-4981\">Technical-user-manual-next1-V1.7<\/a><\/li>\n<li><a href=\"https:\/\/texus.fi\/?attachment_id=4982\" rel=\"attachment wp-att-4982\">next1-quickguide<\/a><\/li>\n<li><a href=\"https:\/\/texus.fi\/?attachment_id=4979\" rel=\"attachment wp-att-4979\">nextOS_user_manual_v0.7<\/a><\/li>\n<\/ul>\n<p>&nbsp;<\/p>\n","protected":false},"excerpt":{"rendered":"<p>Uusi \u00e4lyk\u00e4s invertteri-latauslaite verkkoon kytkettyihin ja verkkoon kytkettyihin sovelluksiin 38 vuoden kokemuksemme perint\u00f6. Yksivaiheinen 6500VA tai 4500VA invertterilaturi, jossa on matalataajuustopologia, joka takaa parhaan ylikuormituskyvyn, kest\u00e4vyyden ja pienimm\u00e4n mahdollisen valmiustilan kulutuksen alhaisen TCO:n saavuttamiseksi.<\/p>\n","protected":false},"featured_media":4961,"comment_status":"open","ping_status":"closed","template":"","meta":[],"product_brand":[],"product_cat":[36,15],"product_tag":[],"class_list":{"0":"post-4959","1":"product","2":"type-product","3":"status-publish","4":"has-post-thumbnail","6":"product_cat-invertterit","7":"product_cat-products","8":"product_shipping_class-heavy-packages","9":"pa_brands-studer","11":"first","12":"instock","13":"sale","14":"taxable","15":"shipping-taxable","16":"purchasable","17":"product-type-variable"},"_links":{"self":[{"href":"https:\/\/texus.fi\/fi\/wp-json\/wp\/v2\/product\/4959","targetHints":{"allow":["GET"]}}],"collection":[{"href":"https:\/\/texus.fi\/fi\/wp-json\/wp\/v2\/product"}],"about":[{"href":"https:\/\/texus.fi\/fi\/wp-json\/wp\/v2\/types\/product"}],"replies":[{"embeddable":true,"href":"https:\/\/texus.fi\/fi\/wp-json\/wp\/v2\/comments?post=4959"}],"wp:featuredmedia":[{"embeddable":true,"href":"https:\/\/texus.fi\/fi\/wp-json\/wp\/v2\/media\/4961"}],"wp:attachment":[{"href":"https:\/\/texus.fi\/fi\/wp-json\/wp\/v2\/media?parent=4959"}],"wp:term":[{"taxonomy":"product_brand","embeddable":true,"href":"https:\/\/texus.fi\/fi\/wp-json\/wp\/v2\/product_brand?post=4959"},{"taxonomy":"product_cat","embeddable":true,"href":"https:\/\/texus.fi\/fi\/wp-json\/wp\/v2\/product_cat?post=4959"},{"taxonomy":"product_tag","embeddable":true,"href":"https:\/\/texus.fi\/fi\/wp-json\/wp\/v2\/product_tag?post=4959"}],"curies":[{"name":"wp","href":"https:\/\/api.w.org\/{rel}","templated":true}]}}