{"id":4970,"date":"2025-07-15T10:06:51","date_gmt":"2025-07-15T07:06:51","guid":{"rendered":"https:\/\/texus.fi\/?post_type=product&#038;p=4970"},"modified":"2025-07-20T10:54:56","modified_gmt":"2025-07-20T07:54:56","slug":"studer-next3","status":"publish","type":"product","link":"https:\/\/texus.fi\/fi\/studer-next3\/","title":{"rendered":"Studer &#8211; next3"},"content":{"rendered":"<p><a href=\"https:\/\/texus.fi\/?attachment_id=4967\" rel=\"attachment wp-att-4967\"><img fetchpriority=\"high\" decoding=\"async\" class=\"aligncenter size-full wp-image-4967\" src=\"https:\/\/texus.fi\/wp-content\/uploads\/2025\/07\/next1-synoptic-1.gif\" alt=\"\" width=\"1920\" height=\"1080\"><\/a><\/p>\n<p class=\"p3\">next3 on uusi tehokas soitin verkkoverkkoon kytkettyihin, verkkoon kytkettyihin ja hybridilaitteistoihin. Kolmivaiheinen 16 kW:n invertteri-latauslaite, jossa on 2 sis\u00e4\u00e4nrakennettua aurinkoenergian korkeaj\u00e4nnitteist\u00e4 MPPT-tuloa 8 + 8 KW:n teholla.<\/p>\n<p class=\"p4\"><b>100 % off+ongrid<\/b><\/p>\n<p class=\"p3\">Verkkoon kytketty ratkaisu, joka on 100-prosenttisesti verkon ulkopuolella. T\u00e4ydelliset varavoimakapasiteetit tarvittaessa huipputeholla, joka sy\u00f6tt\u00e4\u00e4 mink\u00e4 tahansa tyyppisi\u00e4 kuormia. Integroitu siirtokytkin, ei tarvetta ulkoisille varaj\u00e4rjestelmille. Yhteensopiva muiden vaihtovirtal\u00e4hteiden kanssa generaattoreina. Verkko on valinnainen, ei pakollinen.<\/p>\n<p class=\"p5\"><b>Kaikki akkuteknologia valmiina<\/b><\/p>\n<p class=\"p7\">next3 on yhteensopiva l\u00e4hes kaikkien 48 V:n akkutekniikoiden kanssa. Integroitu CAN-BMS-liit\u00e4nt\u00e4 takaa plug and play -ratkaisun kommunikoivien litiumakkujen kanssa.<\/p>\n<p class=\"p8\"><b>AC-jousto<\/b><\/p>\n<p class=\"p10\">Ainutlaatuinen AC flex -liit\u00e4nt\u00e4 voidaan konfiguroida toiseksi l\u00e4hteeksi tai ylim\u00e4\u00e4r\u00e4iseksi ohjatuksi kuormaksi.<\/p>\n<p class=\"p11\"><b>Kompakti ja helppo asentaa<\/b><b><\/b><\/p>\n<p class=\"p13\">Asennus ja johdotus eiv\u00e4t ole koskaan olleet helpompia, sill\u00e4 vain yksi laite korvaa tyypillisess\u00e4 asennuksessa jopa 6 laitetta.<\/p>\n<p class=\"p5\"><b>next-liit\u00e4nt\u00e4, uusi portti next-ekosysteemiin nextOS:n avulla.<\/b><\/p>\n<p class=\"p7\">Invertteri-latauslaitteen avulla olemme kehitt\u00e4neet uuden kattavan k\u00e4ytt\u00f6liittym\u00e4n. Yksi ainoa ja keskeinen k\u00e4ytt\u00f6liittym\u00e4 koko j\u00e4rjestelm\u00e4\u00e4 kohden. next-k\u00e4ytt\u00f6liittym\u00e4 on uusi portti next-ekosysteemiin, jossa k\u00e4ytet\u00e4\u00e4n nextOS:\u00e4\u00e4, intuitiivista \u00e4lyk\u00e4st\u00e4 alustaa j\u00e4rjestelm\u00e4n konfigurointiin, ohjaukseen ja analysointiin. Helpottaa sek\u00e4 ammattimaisten asentajien ett\u00e4 loppuk\u00e4ytt\u00e4jien el\u00e4m\u00e4\u00e4.<\/p>\n<p class=\"p5\"><b>Uusi parannettu smart boost -toiminto<\/b><\/p>\n<p class=\"p7\">Smart Boost2 -toiminto auttaa sopeutumaan l\u00e4hteen rajoituksiin akun kanssa mahdollisimman monipuolisesti, mik\u00e4 helpottaa esimerkiksi vaiheiden tasausta tai huippujen s\u00e4\u00e4st\u00e4mist\u00e4.<\/p>\n<p class=\"p4\"><b>Rack 19&#8243; -valmis<\/b><\/p>\n<p class=\"p3\">next3 on saatavana my\u00f6s 19&#8243; -telineversiona, joka mahdollistaa sujuvan ammattimaisen integroinnin hy\u00f6dynt\u00e4en kaikki telineasennusten monipuoliset mahdollisuudet, mukaan lukien t\u00e4ydellinen ratkaisu, joka sis\u00e4lt\u00e4\u00e4 muun muassa telineakut, korkean indeksin suojauksen ja s\u00e4\u00e4detyn l\u00e4mp\u00f6tilan.<\/p>\n<p class=\"p4\"><strong>Sveitsiss\u00e4 valmistettu\u00a0<img decoding=\"async\" class=\"wp-image-4966 alignnone\" style=\"font-family: -apple-system, BlinkMacSystemFont, &#039;Segoe UI&#039;, Roboto, &#039;Helvetica Neue&#039;, Arial, &#039;Noto Sans&#039;, sans-serif, &#039;Apple Color Emoji&#039;, &#039;Segoe UI Emoji&#039;, &#039;Segoe UI Symbol&#039;, &#039;Noto Color Emoji&#039;;\" src=\"https:\/\/texus.fi\/wp-content\/uploads\/2025\/07\/Swiss-150x150.png\" alt=\"\" width=\"23\" height=\"23\" srcset=\"https:\/\/texus.fi\/wp-content\/uploads\/2025\/07\/Swiss-150x150.png 150w, https:\/\/texus.fi\/wp-content\/uploads\/2025\/07\/Swiss-300x300.png 300w, https:\/\/texus.fi\/wp-content\/uploads\/2025\/07\/Swiss-1024x1024.png 1024w, https:\/\/texus.fi\/wp-content\/uploads\/2025\/07\/Swiss-768x768.png 768w, https:\/\/texus.fi\/wp-content\/uploads\/2025\/07\/Swiss-12x12.png 12w, https:\/\/texus.fi\/wp-content\/uploads\/2025\/07\/Swiss-600x600.png 600w, https:\/\/texus.fi\/wp-content\/uploads\/2025\/07\/Swiss-100x100.png 100w, https:\/\/texus.fi\/wp-content\/uploads\/2025\/07\/Swiss.png 1080w\" sizes=\"(max-width: 23px) 100vw, 23px\" \/><\/strong><\/p>\n<p class=\"p4\">Suunniteltu, koottu ja testattu Sveitsiss\u00e4, mik\u00e4 takaa korkeimmat laatu- ja luotettavuusstandardit. Jokainen yksikk\u00f6 l\u00e4p\u00e4isee tiukat tarkastukset varmistaakseen poikkeuksellisen suorituskyvyn, pitk\u00e4aikaisen kest\u00e4vyyden ja saumattoman toiminnan vaativimmissakin ymp\u00e4rist\u00f6iss\u00e4.<\/p>\n<p class=\"p14\"><b>Power flow dispatcher<\/b><span class=\"s1\"><b><sup>\u00ae<\/sup><\/b><\/span><b> , koko j\u00e4rjestelm\u00e4n aivot.<\/b><\/p>\n<p class=\"p10\">J\u00e4rjestelm\u00e4suuntautunut uusi Power Flow Dispatcher<span class=\"s2\"><sup>\u00ae<\/sup><\/span> keskitt\u00e4\u00e4 koko j\u00e4rjestelm\u00e4n tehonhallinnan kokonaisvaltaisesti.<\/p>\n<p class=\"p15\"><b>Lataa asiakirjoja:<\/b><\/p>\n<ul>\n<li><a href=\"https:\/\/texus.fi\/?attachment_id=4977\" rel=\"attachment wp-att-4977\">Studer_next_nx3_A4-WEB-v2.7-1<\/a><\/li>\n<li><a href=\"https:\/\/texus.fi\/?attachment_id=4976\" rel=\"attachment wp-att-4976\">quickguide-next3-def<\/a><\/li>\n<li><a href=\"https:\/\/texus.fi\/?attachment_id=4978\" rel=\"attachment wp-att-4978\">Technical-user-manual-next3-V3.6<\/a><\/li>\n<li><a href=\"https:\/\/texus.fi\/?attachment_id=4979\" rel=\"attachment wp-att-4979\">nextOS_user_manual_v0.7<\/a><\/li>\n<\/ul>\n","protected":false},"excerpt":{"rendered":"<p>next3 on uusi tehokas soitin verkkoverkkoon kytkettyihin, verkkoon kytkettyihin ja hybridilaitteistoihin. Kolmivaiheinen 16 kW:n invertteri-latauslaite, jossa on 2 sis\u00e4\u00e4nrakennettua aurinkoenergian korkeaj\u00e4nnitteist\u00e4 MPPT-tuloa 8 + 8 KW:n teholla.<\/p>\n","protected":false},"featured_media":4975,"comment_status":"open","ping_status":"closed","template":"","meta":[],"product_brand":[],"product_cat":[36,15],"product_tag":[],"class_list":{"0":"post-4970","1":"product","2":"type-product","3":"status-publish","4":"has-post-thumbnail","6":"product_cat-invertterit","7":"product_cat-products","8":"product_shipping_class-heavy-packages","9":"pa_brands-studer","11":"first","12":"instock","13":"sale","14":"taxable","15":"shipping-taxable","16":"purchasable","17":"product-type-simple"},"_links":{"self":[{"href":"https:\/\/texus.fi\/fi\/wp-json\/wp\/v2\/product\/4970","targetHints":{"allow":["GET"]}}],"collection":[{"href":"https:\/\/texus.fi\/fi\/wp-json\/wp\/v2\/product"}],"about":[{"href":"https:\/\/texus.fi\/fi\/wp-json\/wp\/v2\/types\/product"}],"replies":[{"embeddable":true,"href":"https:\/\/texus.fi\/fi\/wp-json\/wp\/v2\/comments?post=4970"}],"wp:featuredmedia":[{"embeddable":true,"href":"https:\/\/texus.fi\/fi\/wp-json\/wp\/v2\/media\/4975"}],"wp:attachment":[{"href":"https:\/\/texus.fi\/fi\/wp-json\/wp\/v2\/media?parent=4970"}],"wp:term":[{"taxonomy":"product_brand","embeddable":true,"href":"https:\/\/texus.fi\/fi\/wp-json\/wp\/v2\/product_brand?post=4970"},{"taxonomy":"product_cat","embeddable":true,"href":"https:\/\/texus.fi\/fi\/wp-json\/wp\/v2\/product_cat?post=4970"},{"taxonomy":"product_tag","embeddable":true,"href":"https:\/\/texus.fi\/fi\/wp-json\/wp\/v2\/product_tag?post=4970"}],"curies":[{"name":"wp","href":"https:\/\/api.w.org\/{rel}","templated":true}]}}