{"id":4983,"date":"2025-07-15T10:26:47","date_gmt":"2025-07-15T07:26:47","guid":{"rendered":"https:\/\/texus.fi\/?post_type=product&#038;p=4983"},"modified":"2025-07-18T17:17:06","modified_gmt":"2025-07-18T14:17:06","slug":"studer-next3-rack","status":"publish","type":"product","link":"https:\/\/texus.fi\/fi\/studer-next3-rack\/","title":{"rendered":"Studer &#8211; next3 rack"},"content":{"rendered":"<p class=\"p3\">next3 rack on next3-laite telineversiona. Tehokas soittimemme verkon ulkopuolisiin, verkkoon kytkettyihin ja hybridiasennuksiin. Kolmivaiheinen 16 kW:n invertteri-latauslaite, jossa on 2 sis\u00e4\u00e4nrakennettua aurinkoenergian korkeaj\u00e4nnitteist\u00e4 MPPT-tuloa 8 + 8 KW:n teholla. Valmis asennettavaksi telinekaappiin yhdess\u00e4 telineakkujen ja s\u00e4hk\u00f6isten suojausten kanssa t\u00e4ydellist\u00e4 ammattimaista ratkaisua varten.<\/p>\n<p class=\"p5\"><b>Let<\/b><span class=\"s1\">&#8217;<\/span><b>s rack!<\/b><\/p>\n<p class=\"p7\">Sujuva ammattimainen integraatio, jossa hy\u00f6dynnet\u00e4\u00e4n kaikki telineasennusten monipuolisuus, mukaan lukien t\u00e4ydellinen ratkaisu, joka sis\u00e4lt\u00e4\u00e4 muun muassa telineakut, korkean indeksin suojauksen ja s\u00e4\u00e4detyn l\u00e4mp\u00f6tilan. R\u00e4kkiymp\u00e4rist\u00f6 rajattomaan potentiaaliin.<\/p>\n<p class=\"p8\"><b>100 % pois p\u00e4\u00e4lt\u00e4+verkkoon<\/b><\/p>\n<p class=\"p3\">Verkkoon kytketty ratkaisu, joka on 100-prosenttisesti verkon ulkopuolella. T\u00e4ydelliset varavoimakapasiteetit tarvittaessa huipputeholla, joka sy\u00f6tt\u00e4\u00e4 mink\u00e4 tahansa tyyppisi\u00e4 kuormia. Integroitu siirtokytkin, ei tarvetta ulkoisille varaj\u00e4rjestelmille. Yhteensopiva muiden vaihtovirtal\u00e4hteiden kanssa generaattoreina. Verkko on valinnainen, ei pakollinen.<\/p>\n<p class=\"p9\"><b>Maailmanluokan viestint\u00e4: CAN BMS<\/b><b><\/b><\/p>\n<p class=\"p11\">Integroitu CAN BMS -viestint\u00e4 on plug&amp;play. Valitse akkumalli ja m\u00e4\u00e4rit\u00e4 akkustrategia nopeasti ja helposti.<\/p>\n<p class=\"p5\"><b>Helppo integrointi<\/b><\/p>\n<p class=\"p7\">Avoimen filosofiamme tarkoituksena on helpottaa laitteen t\u00e4ydellist\u00e4 hallintaa, jotta siit\u00e4 saadaan paras mahdollinen hy\u00f6ty irti. Sis\u00e4\u00e4nrakennettu kaksisuuntainen Modbus-tiedonsiirto mahdollistaa ammattimaisen integroinnin korkeimman lis\u00e4arvon ammattimaisiin ratkaisuihin.<\/p>\n<p class=\"p13\"><b>J\u00e4rjestelm\u00e4n syd\u00e4n<\/b><\/p>\n<p class=\"p15\">next3 on keskuskeskus, joka jakaa energian \u00e4lykk\u00e4\u00e4sti l\u00e4hteist\u00e4 kuormiin ilman ulkoista mittaria tai lis\u00e4varustetta.<\/p>\n<p class=\"p8\"><b>Lataa asiakirjat:<\/b><\/p>\n<ul>\n<li><a href=\"https:\/\/texus.fi\/?attachment_id=4978\" rel=\"attachment wp-att-4978\">Technical-user-manual-next3-V3.6<\/a><\/li>\n<li><a href=\"https:\/\/texus.fi\/?attachment_id=4988\" rel=\"attachment wp-att-4988\">quickguide-next3rack-def<\/a><\/li>\n<li><a href=\"https:\/\/texus.fi\/?attachment_id=4977\" rel=\"attachment wp-att-4977\">Studer_next_nx3_A4-WEB-v2.7-1<\/a><\/li>\n<\/ul>\n","protected":false},"excerpt":{"rendered":"<p>next3 rack on next3-laite telineversiona. Tehokas soittimemme verkon ulkopuolisiin, verkkoon kytkettyihin ja hybridiasennuksiin. Kolmivaiheinen 16 kW:n invertteri-latauslaite, jossa on 2 sis\u00e4\u00e4nrakennettua aurinkoenergian korkeaj\u00e4nnitteist\u00e4 MPPT-tuloa 8 + 8 KW:n teholla. Valmis asennettavaksi telinekaappiin yhdess\u00e4 telineakkujen ja s\u00e4hk\u00f6isten suojausten kanssa t\u00e4ydellist\u00e4 ammattimaista ratkaisua varten.<\/p>\n","protected":false},"featured_media":5138,"comment_status":"open","ping_status":"closed","template":"","meta":[],"product_brand":[],"product_cat":[36,15],"product_tag":[],"class_list":{"0":"post-4983","1":"product","2":"type-product","3":"status-publish","4":"has-post-thumbnail","6":"product_cat-invertterit","7":"product_cat-products","8":"product_shipping_class-heavy-packages","9":"pa_brands-studer","11":"first","12":"instock","13":"taxable","14":"shipping-taxable","15":"purchasable","16":"product-type-simple"},"_links":{"self":[{"href":"https:\/\/texus.fi\/fi\/wp-json\/wp\/v2\/product\/4983","targetHints":{"allow":["GET"]}}],"collection":[{"href":"https:\/\/texus.fi\/fi\/wp-json\/wp\/v2\/product"}],"about":[{"href":"https:\/\/texus.fi\/fi\/wp-json\/wp\/v2\/types\/product"}],"replies":[{"embeddable":true,"href":"https:\/\/texus.fi\/fi\/wp-json\/wp\/v2\/comments?post=4983"}],"wp:featuredmedia":[{"embeddable":true,"href":"https:\/\/texus.fi\/fi\/wp-json\/wp\/v2\/media\/5138"}],"wp:attachment":[{"href":"https:\/\/texus.fi\/fi\/wp-json\/wp\/v2\/media?parent=4983"}],"wp:term":[{"taxonomy":"product_brand","embeddable":true,"href":"https:\/\/texus.fi\/fi\/wp-json\/wp\/v2\/product_brand?post=4983"},{"taxonomy":"product_cat","embeddable":true,"href":"https:\/\/texus.fi\/fi\/wp-json\/wp\/v2\/product_cat?post=4983"},{"taxonomy":"product_tag","embeddable":true,"href":"https:\/\/texus.fi\/fi\/wp-json\/wp\/v2\/product_tag?post=4983"}],"curies":[{"name":"wp","href":"https:\/\/api.w.org\/{rel}","templated":true}]}}