{"id":4989,"date":"2025-02-15T10:39:33","date_gmt":"2025-02-15T07:39:33","guid":{"rendered":"https:\/\/texus.fi\/?post_type=product&#038;p=4989"},"modified":"2025-07-21T10:36:25","modified_gmt":"2025-07-21T07:36:25","slug":"studer-xtender-xts","status":"publish","type":"product","link":"https:\/\/texus.fi\/fi\/studer-xtender-xts\/","title":{"rendered":"Studer &#8211; xtender &#8211; xts"},"content":{"rendered":"<p class=\"p1\">xtender-monitoimiset akkuvaihtosuuntaajat tarjoavat optimaalisen hallinnan kaikille energial\u00e4hteille, joita voi l\u00f6yty\u00e4 verkkovapaista, verkkoon kytketyist\u00e4 ja hybridij\u00e4rjestelmist\u00e4. Yli 30 vuoden kokemuksella tehoelektroniikan valmistuksesta Sveitsiss\u00e4 studer suunnitteli xtenderin tarjoamaan luotettavaa virtaa kaikkiin sovelluksiin ja toimimaan kaikenlaisen akkuteknologian kanssa. xtenderill\u00e4 on 10 vuoden takuu.<\/p>\n<p class=\"p3\"><b>Automaattinen ja tehokas valmiustila<\/b><b><\/b><\/p>\n<p class=\"p4\"><b>Eritt\u00e4in lyhyt siirtoaika (0-15 ms maks.)<\/b><\/p>\n<p class=\"p4\"><b>Vankka ja kest\u00e4v\u00e4 laite on suunniteltu toimimaan vaativissa ymp\u00e4rist\u00f6olosuhteissa (IP54)<\/b><\/p>\n<p class=\"p4\"><b>Lataa asiakirjat:<\/b><\/p>\n<ul>\n<li><a href=\"https:\/\/texus.fi\/?attachment_id=4992\" rel=\"attachment wp-att-4992\">Studer xtender Techinical Data<\/a><\/li>\n<li><a href=\"https:\/\/texus.fi\/?attachment_id=4993\" rel=\"attachment wp-att-4993\">quickguide-xtender-xts-def<\/a><\/li>\n<li><a href=\"https:\/\/texus.fi\/?attachment_id=4994\" rel=\"attachment wp-att-4994\">Manuel Xtender V4.9.4_EN<\/a><\/li>\n<li><a href=\"https:\/\/texus.fi\/?attachment_id=4995\" rel=\"attachment wp-att-4995\">Annexe manuel Xtender V4.2.3<\/a><\/li>\n<\/ul>\n","protected":false},"excerpt":{"rendered":"<p>xtender-monitoimiset akkuvaihtosuuntaajat tarjoavat optimaalisen hallinnan kaikille energial\u00e4hteille, joita voi l\u00f6yty\u00e4 verkkovapaista, verkkoon kytketyist\u00e4 ja hybridij\u00e4rjestelmist\u00e4. Yli 30 vuoden kokemuksella tehoelektroniikan valmistuksesta Sveitsiss\u00e4 studer suunnitteli xtenderin tarjoamaan luotettavaa virtaa kaikkiin sovelluksiin ja toimimaan kaikenlaisen akkuteknologian kanssa. xtenderill\u00e4 on 10 vuoden takuu.<\/p>\n","protected":false},"featured_media":5106,"comment_status":"open","ping_status":"closed","template":"","meta":[],"product_brand":[],"product_cat":[36,15],"product_tag":[],"class_list":{"0":"post-4989","1":"product","2":"type-product","3":"status-publish","4":"has-post-thumbnail","6":"product_cat-invertterit","7":"product_cat-products","8":"product_shipping_class-heavy-packages","9":"pa_brands-studer","11":"first","12":"instock","13":"taxable","14":"shipping-taxable","15":"purchasable","16":"product-type-variable"},"_links":{"self":[{"href":"https:\/\/texus.fi\/fi\/wp-json\/wp\/v2\/product\/4989","targetHints":{"allow":["GET"]}}],"collection":[{"href":"https:\/\/texus.fi\/fi\/wp-json\/wp\/v2\/product"}],"about":[{"href":"https:\/\/texus.fi\/fi\/wp-json\/wp\/v2\/types\/product"}],"replies":[{"embeddable":true,"href":"https:\/\/texus.fi\/fi\/wp-json\/wp\/v2\/comments?post=4989"}],"wp:featuredmedia":[{"embeddable":true,"href":"https:\/\/texus.fi\/fi\/wp-json\/wp\/v2\/media\/5106"}],"wp:attachment":[{"href":"https:\/\/texus.fi\/fi\/wp-json\/wp\/v2\/media?parent=4989"}],"wp:term":[{"taxonomy":"product_brand","embeddable":true,"href":"https:\/\/texus.fi\/fi\/wp-json\/wp\/v2\/product_brand?post=4989"},{"taxonomy":"product_cat","embeddable":true,"href":"https:\/\/texus.fi\/fi\/wp-json\/wp\/v2\/product_cat?post=4989"},{"taxonomy":"product_tag","embeddable":true,"href":"https:\/\/texus.fi\/fi\/wp-json\/wp\/v2\/product_tag?post=4989"}],"curies":[{"name":"wp","href":"https:\/\/api.w.org\/{rel}","templated":true}]}}