{"id":499,"date":"2024-07-18T13:30:46","date_gmt":"2024-07-18T10:30:46","guid":{"rendered":"https:\/\/texus.fi\/?post_type=product&#038;p=499"},"modified":"2025-03-05T14:21:56","modified_gmt":"2025-03-05T11:21:56","slug":"solyco-r-tg-96h-5-r-tg-108h-3-bifacial-dual-glass-module","status":"publish","type":"product","link":"https:\/\/texus.fi\/fi\/solyco-r-tg-96h-5-r-tg-108h-3-bifacial-dual-glass-module\/","title":{"rendered":"SOLYCO &#8211; R-TG 96h.5\/R-TG 108h.3 &#8211; kaksoiskuvioinen kaksoiskuvioinen lasimoduuli"},"content":{"rendered":"<ul>\n<li>n-tyypin heterojunction-tekniikka<\/li>\n<li>Moduulin hy\u00f6tysuhde &gt; 22 %<\/li>\n<li>Kaksoislasitekniikka, l\u00e4pin\u00e4kyv\u00e4 ja kaksoiskuvioinen lasi<\/li>\n<li>Erinomainen suorituskyky h\u00e4m\u00e4r\u00e4ss\u00e4<\/li>\n<li>Vapaa LID:st\u00e4, PID:st\u00e4 ja LeTID:st\u00e4.<\/li>\n<li>445 Wp ja 430 Wp<\/li>\n<\/ul>\n<p><strong>Tietolehti:<\/strong><\/p>\n<p><a href=\"https:\/\/texus.fi\/wp-content\/uploads\/2024\/07\/DS-SOLYCO-R-TG-96h.5-445_en.pdf\">DS-SOLYCO-R-TG-96h.5-445_en<\/a><\/p>\n<p><a href=\"https:\/\/texus.fi\/wp-content\/uploads\/2024\/07\/DS-SOLYCO-R-TG-108h.3-430_en.pdf\">DS-SOLYCO-R-TG-108h.3-430_en<\/a><\/p>\n<p>&nbsp;<\/p>\n","protected":false},"excerpt":{"rendered":"<ul>\n<li>n-tyypin heterojunction-tekniikka<\/li>\n<li>Moduulin hy\u00f6tysuhde &gt; 22 %<\/li>\n<li>Kaksoislasitekniikka, l\u00e4pin\u00e4kyv\u00e4 ja kaksoiskuvioinen lasi<\/li>\n<li>Erinomainen suorituskyky h\u00e4m\u00e4r\u00e4ss\u00e4<\/li>\n<li>Vapaa LID:st\u00e4, PID:st\u00e4 ja LeTID:st\u00e4.<\/li>\n<li>445 Wp ja 430 Wp<\/li>\n<\/ul>\n","protected":false},"featured_media":3261,"comment_status":"open","ping_status":"closed","template":"","meta":[],"product_brand":[],"product_cat":[27,28,15],"product_tag":[],"class_list":{"0":"post-499","1":"product","2":"type-product","3":"status-publish","4":"has-post-thumbnail","6":"product_cat-aurinkopaneelit","7":"product_cat-bifacial","8":"product_cat-products","9":"pa_brands-solyco","11":"first","12":"onbackorder","13":"taxable","14":"shipping-taxable","15":"product-type-simple"},"_links":{"self":[{"href":"https:\/\/texus.fi\/fi\/wp-json\/wp\/v2\/product\/499","targetHints":{"allow":["GET"]}}],"collection":[{"href":"https:\/\/texus.fi\/fi\/wp-json\/wp\/v2\/product"}],"about":[{"href":"https:\/\/texus.fi\/fi\/wp-json\/wp\/v2\/types\/product"}],"replies":[{"embeddable":true,"href":"https:\/\/texus.fi\/fi\/wp-json\/wp\/v2\/comments?post=499"}],"wp:featuredmedia":[{"embeddable":true,"href":"https:\/\/texus.fi\/fi\/wp-json\/wp\/v2\/media\/3261"}],"wp:attachment":[{"href":"https:\/\/texus.fi\/fi\/wp-json\/wp\/v2\/media?parent=499"}],"wp:term":[{"taxonomy":"product_brand","embeddable":true,"href":"https:\/\/texus.fi\/fi\/wp-json\/wp\/v2\/product_brand?post=499"},{"taxonomy":"product_cat","embeddable":true,"href":"https:\/\/texus.fi\/fi\/wp-json\/wp\/v2\/product_cat?post=499"},{"taxonomy":"product_tag","embeddable":true,"href":"https:\/\/texus.fi\/fi\/wp-json\/wp\/v2\/product_tag?post=499"}],"curies":[{"name":"wp","href":"https:\/\/api.w.org\/{rel}","templated":true}]}}