{"id":5002,"date":"2025-01-15T11:02:48","date_gmt":"2025-01-15T08:02:48","guid":{"rendered":"https:\/\/texus.fi\/?post_type=product&#038;p=5002"},"modified":"2025-07-18T16:39:43","modified_gmt":"2025-07-18T13:39:43","slug":"studer-xtender-xtm","status":"publish","type":"product","link":"https:\/\/texus.fi\/fi\/studer-xtender-xtm\/","title":{"rendered":"Studer &#8211; xtender &#8211; xtm"},"content":{"rendered":"<p class=\"p1\">xtender-monitoimiset akkuvaihtosuuntaajat tarjoavat optimaalisen hallinnan kaikille energial\u00e4hteille, joita voi l\u00f6yty\u00e4 verkkovapaista, verkkoon kytketyist\u00e4 ja hybridij\u00e4rjestelmist\u00e4. Yli 30 vuoden kokemuksella tehoelektroniikan valmistuksesta Sveitsiss\u00e4 studer suunnitteli xtenderin tarjoamaan luotettavaa virtaa kaikkiin sovelluksiin ja toimimaan kaikenlaisen akkuteknologian kanssa. xtenderill\u00e4 on 10 vuoden takuu.<\/p>\n<p class=\"p3\"><b>T\u00e4ydellinen vaihtovirtal\u00e4hteen hallinta: huipputehon s\u00e4\u00e4st\u00f6, aktiivinen kuorman suodatus<\/b><b><\/b><\/p>\n<p class=\"p5\"><b>Erinomainen hy\u00f6tysuhde ja ylikuormituskapasiteetti<\/b><\/p>\n<p class=\"p5\"><b>Itsekulutusstrategiat, akkujen priorisointi (tai uusiutuviin l\u00e4hteisiin)<\/b><\/p>\n<p class=\"p5\"><b>Yhteensopiva vaihtovirtakytkenn\u00e4n ja kaikkien akkutekniikoiden (my\u00f6s litium) kanssa<\/b><\/p>\n<p class=\"p5\"><b>Lataa asiakirjat:<\/b><\/p>\n<ul>\n<li><a href=\"https:\/\/texus.fi\/?attachment_id=4992\" rel=\"attachment wp-att-4992\"><span style=\"vertical-align: inherit;\"><span style=\"vertical-align: inherit;\">Studer Xtender Technical Data<\/span><\/span><\/a><\/li>\n<li><a style=\"font-family: -apple-system, BlinkMacSystemFont, 'Segoe UI', Roboto, 'Helvetica Neue', Arial, 'Noto Sans', sans-serif, 'Apple Color Emoji', 'Segoe UI Emoji', 'Segoe UI Symbol', 'Noto Color Emoji';\" href=\"https:\/\/texus.fi\/?attachment_id=5006\" rel=\"attachment wp-att-5006\"><span style=\"vertical-align: inherit;\"><span style=\"vertical-align: inherit;\">quickguide-xtender-xtm-def<\/span><\/span><\/a><\/li>\n<li><a href=\"https:\/\/texus.fi\/?attachment_id=4994\" rel=\"attachment wp-att-4994\"><span style=\"vertical-align: inherit;\"><span style=\"vertical-align: inherit;\">Manual Xtender V4.9.4_EN<\/span><\/span><\/a><\/li>\n<li><a href=\"https:\/\/texus.fi\/?attachment_id=4995\" rel=\"attachment wp-att-4995\"><span style=\"vertical-align: inherit;\"><span style=\"vertical-align: inherit;\">Xtender V4.2.3 manual appendix<\/span><\/span><\/a><\/li>\n<\/ul>\n","protected":false},"excerpt":{"rendered":"<p>xtender-monitoimiset akkuvaihtosuuntaajat tarjoavat optimaalisen hallinnan kaikille energial\u00e4hteille, joita voi l\u00f6yty\u00e4 verkkovapaista, verkkoon kytketyist\u00e4 ja hybridij\u00e4rjestelmist\u00e4. Yli 30 vuoden kokemuksella tehoelektroniikan valmistuksesta Sveitsiss\u00e4 studer suunnitteli xtenderin tarjoamaan luotettavaa virtaa kaikkiin sovelluksiin ja toimimaan kaikenlaisen akkuteknologian kanssa. xtenderill\u00e4 on 10 vuoden takuu.<\/p>\n","protected":false},"featured_media":5102,"comment_status":"open","ping_status":"closed","template":"","meta":[],"product_brand":[],"product_cat":[36,15],"product_tag":[],"class_list":{"0":"post-5002","1":"product","2":"type-product","3":"status-publish","4":"has-post-thumbnail","6":"product_cat-invertterit","7":"product_cat-products","8":"product_shipping_class-heavy-packages","9":"pa_brands-studer","11":"first","12":"instock","13":"taxable","14":"shipping-taxable","15":"purchasable","16":"product-type-variable"},"_links":{"self":[{"href":"https:\/\/texus.fi\/fi\/wp-json\/wp\/v2\/product\/5002","targetHints":{"allow":["GET"]}}],"collection":[{"href":"https:\/\/texus.fi\/fi\/wp-json\/wp\/v2\/product"}],"about":[{"href":"https:\/\/texus.fi\/fi\/wp-json\/wp\/v2\/types\/product"}],"replies":[{"embeddable":true,"href":"https:\/\/texus.fi\/fi\/wp-json\/wp\/v2\/comments?post=5002"}],"wp:featuredmedia":[{"embeddable":true,"href":"https:\/\/texus.fi\/fi\/wp-json\/wp\/v2\/media\/5102"}],"wp:attachment":[{"href":"https:\/\/texus.fi\/fi\/wp-json\/wp\/v2\/media?parent=5002"}],"wp:term":[{"taxonomy":"product_brand","embeddable":true,"href":"https:\/\/texus.fi\/fi\/wp-json\/wp\/v2\/product_brand?post=5002"},{"taxonomy":"product_cat","embeddable":true,"href":"https:\/\/texus.fi\/fi\/wp-json\/wp\/v2\/product_cat?post=5002"},{"taxonomy":"product_tag","embeddable":true,"href":"https:\/\/texus.fi\/fi\/wp-json\/wp\/v2\/product_tag?post=5002"}],"curies":[{"name":"wp","href":"https:\/\/api.w.org\/{rel}","templated":true}]}}