{"id":5019,"date":"2025-01-15T12:03:33","date_gmt":"2025-01-15T09:03:33","guid":{"rendered":"https:\/\/texus.fi\/?post_type=product&#038;p=5019"},"modified":"2025-07-18T16:32:21","modified_gmt":"2025-07-18T13:32:21","slug":"studer-xtender-xth","status":"publish","type":"product","link":"https:\/\/texus.fi\/fi\/studer-xtender-xth\/","title":{"rendered":"Studer &#8211; xtender &#8211; xth"},"content":{"rendered":"<p class=\"p1\">xtender-monitoimiset akkuvaihtosuuntaajat tarjoavat optimaalisen hallinnan kaikille energial\u00e4hteille, joita voi esiinty\u00e4 verkon ulkopuolisissa, verkkoon kytketyiss\u00e4 ja hybridij\u00e4rjestelmiss\u00e4. Yli 30 vuoden kokemuksella tehoelektroniikan valmistuksesta Sveitsiss\u00e4 studer suunnitteli xtenderin siten, ett\u00e4 se tarjoaa luotettavaa virtaa kaikkiin sovelluksiin ja toimii kaikenlaisen akkuteknologian kanssa. xtenderill\u00e4 on 10 vuoden takuu.<\/p>\n<p class=\"p3\"><b>Tehokas monivaiheinen PFC-laturi<\/b><\/p>\n<p class=\"p3\"><b>Rinnakkais- ja kolmivaiheyhdistelm\u00e4, jopa 9 yksikk\u00f6\u00e4 (72 kVA) samassa tietoliikennev\u00e4yl\u00e4ss\u00e4<\/b><\/p>\n<p class=\"p3\"><b>Yhteensopiva vaihtovirtakytkenn\u00e4n ja kaikkien akkutekniikoiden (ml. litium) kanssa<\/b><\/p>\n<p class=\"p3\"><b>Hajautettu miniverkkotoiminto suuremmille j\u00e4rjestelmille (enint\u00e4\u00e4n 380 kW).<\/b><\/p>\n<p class=\"p3\"><b>Lataa asiakirjat:<\/b><\/p>\n<ul>\n<li><a href=\"https:\/\/texus.fi\/?attachment_id=4992\" rel=\"attachment wp-att-4992\"><span style=\"vertical-align: inherit;\"><span style=\"vertical-align: inherit;\">Studer Xtender Technical Data<\/span><\/span><\/a><\/li>\n<li><a href=\"https:\/\/texus.fi\/?attachment_id=5026\" rel=\"attachment wp-att-5026\">quickguide-xtender-xth-def<\/a><\/li>\n<li><a href=\"https:\/\/texus.fi\/?attachment_id=4994\" rel=\"attachment wp-att-4994\"><span style=\"vertical-align: inherit;\"><span style=\"vertical-align: inherit;\">Manual Xtender V4.9.4_EN<\/span><\/span><\/a><\/li>\n<li><a href=\"https:\/\/texus.fi\/?attachment_id=4995\" rel=\"attachment wp-att-4995\"><span style=\"vertical-align: inherit;\"><span style=\"vertical-align: inherit;\">Xtender V4.2.3 manual appendix<\/span><\/span><\/a><\/li>\n<\/ul>\n","protected":false},"excerpt":{"rendered":"<p>xtender-monitoimiset akkuvaihtosuuntaajat tarjoavat optimaalisen hallinnan kaikille energial\u00e4hteille, joita voi esiinty\u00e4 verkon ulkopuolisissa, verkkoon kytketyiss\u00e4 ja hybridij\u00e4rjestelmiss\u00e4. Yli 30 vuoden kokemuksella tehoelektroniikan valmistuksesta Sveitsiss\u00e4 studer suunnitteli xtenderin siten, ett\u00e4 se tarjoaa luotettavaa virtaa kaikkiin sovelluksiin ja toimii kaikenlaisen akkuteknologian kanssa. xtenderill\u00e4 on 10 vuoden takuu.<\/p>\n","protected":false},"featured_media":5089,"comment_status":"open","ping_status":"closed","template":"","meta":[],"product_brand":[],"product_cat":[36,15],"product_tag":[],"class_list":{"0":"post-5019","1":"product","2":"type-product","3":"status-publish","4":"has-post-thumbnail","6":"product_cat-invertterit","7":"product_cat-products","8":"product_shipping_class-heavy-packages","9":"pa_brands-studer","11":"first","12":"instock","13":"taxable","14":"shipping-taxable","15":"purchasable","16":"product-type-variable"},"_links":{"self":[{"href":"https:\/\/texus.fi\/fi\/wp-json\/wp\/v2\/product\/5019","targetHints":{"allow":["GET"]}}],"collection":[{"href":"https:\/\/texus.fi\/fi\/wp-json\/wp\/v2\/product"}],"about":[{"href":"https:\/\/texus.fi\/fi\/wp-json\/wp\/v2\/types\/product"}],"replies":[{"embeddable":true,"href":"https:\/\/texus.fi\/fi\/wp-json\/wp\/v2\/comments?post=5019"}],"wp:featuredmedia":[{"embeddable":true,"href":"https:\/\/texus.fi\/fi\/wp-json\/wp\/v2\/media\/5089"}],"wp:attachment":[{"href":"https:\/\/texus.fi\/fi\/wp-json\/wp\/v2\/media?parent=5019"}],"wp:term":[{"taxonomy":"product_brand","embeddable":true,"href":"https:\/\/texus.fi\/fi\/wp-json\/wp\/v2\/product_brand?post=5019"},{"taxonomy":"product_cat","embeddable":true,"href":"https:\/\/texus.fi\/fi\/wp-json\/wp\/v2\/product_cat?post=5019"},{"taxonomy":"product_tag","embeddable":true,"href":"https:\/\/texus.fi\/fi\/wp-json\/wp\/v2\/product_tag?post=5019"}],"curies":[{"name":"wp","href":"https:\/\/api.w.org\/{rel}","templated":true}]}}