{"id":5052,"date":"2025-01-17T10:32:57","date_gmt":"2025-01-17T07:32:57","guid":{"rendered":"https:\/\/texus.fi\/?post_type=product&#038;p=5052"},"modified":"2025-07-20T11:25:17","modified_gmt":"2025-07-20T08:25:17","slug":"studer-vt65","status":"publish","type":"product","link":"https:\/\/texus.fi\/fi\/studer-vt65\/","title":{"rendered":"Studer &#8211; vt65"},"content":{"rendered":"<p class=\"p1\">Variotrack MPPT -aurinkolatauss\u00e4\u00e4din maksimoi tuotetun energian lataamalla akut optimaalisesti. MPPT-algoritmin (Maximum Power Point Tracking) tarkkuus, korkea huipputehokkuus ja alhainen sis\u00e4inen kulutus takaavat aurinkos\u00e4hk\u00f6moduulien tuottaman energian optimaalisen hy\u00f6dynt\u00e4misen kaikentyyppisiss\u00e4 akkutekniikoissa.<\/p>\n<p class=\"p2\"><b>Sopii kaikkiin aurinko- ja akkuj\u00e4rjestelmiin<\/b><\/p>\n<p class=\"p2\"><b>Kest\u00e4v\u00e4 ja kest\u00e4v\u00e4 laite, joka on suunniteltu toimimaan vaativissa ymp\u00e4rist\u00f6olosuhteissa (IP54).<\/b><\/p>\n<p class=\"p2\"><b>Korkea seurantatehokkuus &gt;99 %<\/b><\/p>\n<p class=\"p2\"><b>Lataa asiakirjat:<\/b><\/p>\n<ul>\n<li><a href=\"https:\/\/texus.fi\/?attachment_id=5042\" rel=\"attachment wp-att-5042\">Studer_variotrack_vt40-145_vt65-175_vt80-175_A4-WEB<\/a><\/li>\n<li><a href=\"https:\/\/texus.fi\/?attachment_id=5041\" rel=\"attachment wp-att-5041\">quickguide-variotrack-vt40-145-vt60-80-175-v1.2<\/a><\/li>\n<li><a href=\"https:\/\/texus.fi\/?attachment_id=5040\" rel=\"attachment wp-att-5040\">Manuel-variotrack-V4.5_EN-vt40-145-vt65-175-vt80-175<\/a><\/li>\n<\/ul>\n","protected":false},"excerpt":{"rendered":"<p>Variotrack MPPT -aurinkolatauss\u00e4\u00e4din maksimoi tuotetun energian lataamalla akut optimaalisesti. MPPT-algoritmin (Maximum Power Point Tracking) tarkkuus, korkea huipputehokkuus ja alhainen sis\u00e4inen kulutus takaavat aurinkos\u00e4hk\u00f6moduulien tuottaman energian optimaalisen hy\u00f6dynt\u00e4misen kaikentyyppisiss\u00e4 akkutekniikoissa.<\/p>\n","protected":false},"featured_media":5054,"comment_status":"open","ping_status":"closed","template":"","meta":[],"product_brand":[],"product_cat":[36,15],"product_tag":[],"class_list":{"0":"post-5052","1":"product","2":"type-product","3":"status-publish","4":"has-post-thumbnail","6":"product_cat-invertterit","7":"product_cat-products","8":"product_shipping_class-heavy-packages","9":"pa_brands-studer","11":"first","12":"instock","13":"taxable","14":"shipping-taxable","15":"purchasable","16":"product-type-simple"},"_links":{"self":[{"href":"https:\/\/texus.fi\/fi\/wp-json\/wp\/v2\/product\/5052","targetHints":{"allow":["GET"]}}],"collection":[{"href":"https:\/\/texus.fi\/fi\/wp-json\/wp\/v2\/product"}],"about":[{"href":"https:\/\/texus.fi\/fi\/wp-json\/wp\/v2\/types\/product"}],"replies":[{"embeddable":true,"href":"https:\/\/texus.fi\/fi\/wp-json\/wp\/v2\/comments?post=5052"}],"wp:featuredmedia":[{"embeddable":true,"href":"https:\/\/texus.fi\/fi\/wp-json\/wp\/v2\/media\/5054"}],"wp:attachment":[{"href":"https:\/\/texus.fi\/fi\/wp-json\/wp\/v2\/media?parent=5052"}],"wp:term":[{"taxonomy":"product_brand","embeddable":true,"href":"https:\/\/texus.fi\/fi\/wp-json\/wp\/v2\/product_brand?post=5052"},{"taxonomy":"product_cat","embeddable":true,"href":"https:\/\/texus.fi\/fi\/wp-json\/wp\/v2\/product_cat?post=5052"},{"taxonomy":"product_tag","embeddable":true,"href":"https:\/\/texus.fi\/fi\/wp-json\/wp\/v2\/product_tag?post=5052"}],"curies":[{"name":"wp","href":"https:\/\/api.w.org\/{rel}","templated":true}]}}