{"id":5055,"date":"2025-01-17T10:34:40","date_gmt":"2025-01-17T07:34:40","guid":{"rendered":"https:\/\/texus.fi\/?post_type=product&#038;p=5055"},"modified":"2025-07-20T11:24:28","modified_gmt":"2025-07-20T08:24:28","slug":"studer-vt80","status":"publish","type":"product","link":"https:\/\/texus.fi\/fi\/studer-vt80\/","title":{"rendered":"Studer &#8211; vt80"},"content":{"rendered":"<p class=\"p1\">Variatrack MPPT -aurinkolatausohjain maksimoi tuotetun energian lataamalla akut optimaalisella tavalla. MPPT-algoritmin (Maximum Power Point Tracking) tarkkuus, korkea huipputehokkuus ja alhainen sis\u00e4inen kulutus takaavat PV-moduulien tuottaman energian optimaalisen hy\u00f6dynt\u00e4misen kaikentyyppisiss\u00e4 akkuteknologioissa.<\/p>\n<p class=\"p1\"><strong>4-vaiheinen laturi, t\u00e4ysin ohjelmoitavissa akun k\u00e4ytt\u00f6i\u00e4n pident\u00e4miseksi.<\/strong><\/p>\n<p class=\"p1\"><strong>Jopa 15 variotrack-laitetta rinnakkain samassa tietoliikennev\u00e4yl\u00e4ss\u00e4 (75 kW).<\/strong><\/p>\n<p class=\"p1\"><strong>Optimaalinen k\u00e4ytt\u00f6 xtender-j\u00e4rjestelm\u00e4ss\u00e4 synkronoidulla akunhallinnalla.<\/strong><\/p>\n<p class=\"p1\"><strong>Lataa asiakirjat:<\/strong><\/p>\n<ul>\n<li><a href=\"https:\/\/texus.fi\/?attachment_id=5042\" rel=\"attachment wp-att-5042\">Studer_variotrack_vt40-145_vt65-175_vt80-175_A4-WEB<\/a><\/li>\n<li><a href=\"https:\/\/texus.fi\/?attachment_id=5041\" rel=\"attachment wp-att-5041\">quickguide-variotrack-vt40-145-vt60-80-175-v1.2<\/a><\/li>\n<li><a href=\"https:\/\/texus.fi\/?attachment_id=5040\" rel=\"attachment wp-att-5040\">Manuel-variotrack-V4.5_EN-vt40-145-vt65-175-vt80-175<\/a><\/li>\n<\/ul>\n","protected":false},"excerpt":{"rendered":"<p>Variatrack MPPT -aurinkolatausohjain maksimoi tuotetun energian lataamalla akut optimaalisella tavalla. MPPT-algoritmin (Maximum Power Point Tracking) tarkkuus, korkea huipputehokkuus ja alhainen sis\u00e4inen kulutus takaavat PV-moduulien tuottaman energian optimaalisen hy\u00f6dynt\u00e4misen kaikentyyppisiss\u00e4 akkuteknologioissa.<\/p>\n","protected":false},"featured_media":5056,"comment_status":"open","ping_status":"closed","template":"","meta":[],"product_brand":[],"product_cat":[36,15],"product_tag":[],"class_list":{"0":"post-5055","1":"product","2":"type-product","3":"status-publish","4":"has-post-thumbnail","6":"product_cat-invertterit","7":"product_cat-products","8":"product_shipping_class-heavy-packages","9":"pa_brands-studer","11":"first","12":"instock","13":"taxable","14":"shipping-taxable","15":"purchasable","16":"product-type-simple"},"_links":{"self":[{"href":"https:\/\/texus.fi\/fi\/wp-json\/wp\/v2\/product\/5055","targetHints":{"allow":["GET"]}}],"collection":[{"href":"https:\/\/texus.fi\/fi\/wp-json\/wp\/v2\/product"}],"about":[{"href":"https:\/\/texus.fi\/fi\/wp-json\/wp\/v2\/types\/product"}],"replies":[{"embeddable":true,"href":"https:\/\/texus.fi\/fi\/wp-json\/wp\/v2\/comments?post=5055"}],"wp:featuredmedia":[{"embeddable":true,"href":"https:\/\/texus.fi\/fi\/wp-json\/wp\/v2\/media\/5056"}],"wp:attachment":[{"href":"https:\/\/texus.fi\/fi\/wp-json\/wp\/v2\/media?parent=5055"}],"wp:term":[{"taxonomy":"product_brand","embeddable":true,"href":"https:\/\/texus.fi\/fi\/wp-json\/wp\/v2\/product_brand?post=5055"},{"taxonomy":"product_cat","embeddable":true,"href":"https:\/\/texus.fi\/fi\/wp-json\/wp\/v2\/product_cat?post=5055"},{"taxonomy":"product_tag","embeddable":true,"href":"https:\/\/texus.fi\/fi\/wp-json\/wp\/v2\/product_tag?post=5055"}],"curies":[{"name":"wp","href":"https:\/\/api.w.org\/{rel}","templated":true}]}}