{"id":524,"date":"2024-07-18T13:38:07","date_gmt":"2024-07-18T10:38:07","guid":{"rendered":"https:\/\/texus.fi\/?post_type=product&#038;p=524"},"modified":"2025-03-05T14:21:55","modified_gmt":"2025-03-05T11:21:55","slug":"solyco-r-tg-108n-double-glass-bifacial-high-tech-with-n-topcon-module","status":"publish","type":"product","link":"https:\/\/texus.fi\/fi\/solyco-r-tg-108n-double-glass-bifacial-high-tech-with-n-topcon-module\/","title":{"rendered":"SOLYCO &#8211; R-TG 108n &#8211; Kaksoislasi, Bifacial, High-tech, n-TOPCon-moduulin kanssa"},"content":{"rendered":"<ul>\n<li>10BB n-TOPCon-aurinkokennot<\/li>\n<li>kaksoislasiteknologia, l\u00e4pin\u00e4kyv\u00e4 ja kaksoiskuvioitu lasi<\/li>\n<li>Upotettava materiaali POE<\/li>\n<li>Vapaa LID:st\u00e4, PID:st\u00e4 ja LeTID:st\u00e4.<\/li>\n<li>Eritt\u00e4in hyv\u00e4 l\u00e4mp\u00f6tilakerroin<\/li>\n<\/ul>\n<p><strong>Tietolehti:<\/strong><\/p>\n<p><a href=\"https:\/\/texus.fi\/wp-content\/uploads\/2024\/07\/DS-SOLYCO-R-TG-108n.4-440-445_en-1.pdf\">DS-SOLYCO-R-TG-108n.4-440-445_en (1)<\/a><\/p>\n<p><a href=\"https:\/\/texus.fi\/wp-content\/uploads\/2024\/07\/DS-SOLYCO-R-TG-108n.3-420_en.pdf\">DS-SOLYCO-R-TG-108n.3-420_en<\/a><\/p>\n","protected":false},"excerpt":{"rendered":"<ul>\n<li>10BB n-TOPCon-aurinkokennot<\/li>\n<li>kaksoislasiteknologia, l\u00e4pin\u00e4kyv\u00e4 ja kaksoiskuvioitu lasi<\/li>\n<li>Upotettava materiaali POE<\/li>\n<li>Vapaa LID:st\u00e4, PID:st\u00e4 ja LeTID:st\u00e4.<\/li>\n<li>Eritt\u00e4in hyv\u00e4 l\u00e4mp\u00f6tilakerroin<\/li>\n<\/ul>\n","protected":false},"featured_media":3259,"comment_status":"open","ping_status":"closed","template":"","meta":[],"product_brand":[],"product_cat":[27,28,15],"product_tag":[],"class_list":{"0":"post-524","1":"product","2":"type-product","3":"status-publish","4":"has-post-thumbnail","6":"product_cat-aurinkopaneelit","7":"product_cat-bifacial","8":"product_cat-products","9":"pa_brands-solyco","11":"first","12":"onbackorder","13":"taxable","14":"shipping-taxable","15":"product-type-simple"},"_links":{"self":[{"href":"https:\/\/texus.fi\/fi\/wp-json\/wp\/v2\/product\/524","targetHints":{"allow":["GET"]}}],"collection":[{"href":"https:\/\/texus.fi\/fi\/wp-json\/wp\/v2\/product"}],"about":[{"href":"https:\/\/texus.fi\/fi\/wp-json\/wp\/v2\/types\/product"}],"replies":[{"embeddable":true,"href":"https:\/\/texus.fi\/fi\/wp-json\/wp\/v2\/comments?post=524"}],"wp:featuredmedia":[{"embeddable":true,"href":"https:\/\/texus.fi\/fi\/wp-json\/wp\/v2\/media\/3259"}],"wp:attachment":[{"href":"https:\/\/texus.fi\/fi\/wp-json\/wp\/v2\/media?parent=524"}],"wp:term":[{"taxonomy":"product_brand","embeddable":true,"href":"https:\/\/texus.fi\/fi\/wp-json\/wp\/v2\/product_brand?post=524"},{"taxonomy":"product_cat","embeddable":true,"href":"https:\/\/texus.fi\/fi\/wp-json\/wp\/v2\/product_cat?post=524"},{"taxonomy":"product_tag","embeddable":true,"href":"https:\/\/texus.fi\/fi\/wp-json\/wp\/v2\/product_tag?post=524"}],"curies":[{"name":"wp","href":"https:\/\/api.w.org\/{rel}","templated":true}]}}