{"id":525,"date":"2024-07-18T13:47:14","date_gmt":"2024-07-18T10:47:14","guid":{"rendered":"https:\/\/texus.fi\/?post_type=product&#038;p=525"},"modified":"2025-03-05T14:21:53","modified_gmt":"2025-03-05T11:21:53","slug":"solyco-r-tg-108n-3-eu30-eu40-bifacial-double-glass-topcon-manufactured-in-europe","status":"publish","type":"product","link":"https:\/\/texus.fi\/fi\/solyco-r-tg-108n-3-eu30-eu40-bifacial-double-glass-topcon-manufactured-in-europe\/","title":{"rendered":"SOLYCO &#8211; R-TG 108n.3 EU30\/EU40 &#8211; Kaksoislasi, kaksoislasi, TOPCon, valmistettu Euroopassa"},"content":{"rendered":"<ul>\n<li>Vahvistettu runko suurempia lumikuormia varten<\/li>\n<li>T\u00e4ysin karkaistu aurinkolasi (ESG), jossa on heijastamaton pinnoite.<\/li>\n<li>10BB n-TOPCon-aurinkokennot<\/li>\n<li>Kaksoislasitekniikka, l\u00e4pin\u00e4kyv\u00e4 ja kaksoiskuvioitu lasi<\/li>\n<li>Vapaa LID:st\u00e4, PID:st\u00e4 ja LeTID:st\u00e4.<\/li>\n<li>Hyv\u00e4 l\u00e4mp\u00f6tilakerroin<\/li>\n<\/ul>\n<p><strong>Tietolehti: <\/strong><a href=\"https:\/\/texus.fi\/wp-content\/uploads\/2024\/07\/DS-SOLYCO-R-TG-108n.3-EU-420-425_en-1.pdf\">DS-SOLYCO-R-TG-108n.3-EU-420-425_en<\/a><\/p>\n","protected":false},"excerpt":{"rendered":"<ul>\n<li>Vahvistettu runko suurempia lumikuormia varten<\/li>\n<li>T\u00e4ysin karkaistu aurinkolasi (ESG), jossa on heijastamaton pinnoite.<\/li>\n<li>10BB n-TOPCon-aurinkokennot<\/li>\n<li>Kaksoislasitekniikka, l\u00e4pin\u00e4kyv\u00e4 ja kaksoiskuvioitu lasi<\/li>\n<li>Vapaa LID:st\u00e4, PID:st\u00e4 ja LeTID:st\u00e4.<\/li>\n<li>Hyv\u00e4 l\u00e4mp\u00f6tilakerroin<\/li>\n<\/ul>\n","protected":false},"featured_media":3260,"comment_status":"open","ping_status":"closed","template":"","meta":[],"product_brand":[],"product_cat":[27,28,15],"product_tag":[],"class_list":{"0":"post-525","1":"product","2":"type-product","3":"status-publish","4":"has-post-thumbnail","6":"product_cat-aurinkopaneelit","7":"product_cat-bifacial","8":"product_cat-products","9":"pa_brands-solyco","11":"first","12":"onbackorder","13":"taxable","14":"shipping-taxable","15":"product-type-simple"},"_links":{"self":[{"href":"https:\/\/texus.fi\/fi\/wp-json\/wp\/v2\/product\/525","targetHints":{"allow":["GET"]}}],"collection":[{"href":"https:\/\/texus.fi\/fi\/wp-json\/wp\/v2\/product"}],"about":[{"href":"https:\/\/texus.fi\/fi\/wp-json\/wp\/v2\/types\/product"}],"replies":[{"embeddable":true,"href":"https:\/\/texus.fi\/fi\/wp-json\/wp\/v2\/comments?post=525"}],"wp:featuredmedia":[{"embeddable":true,"href":"https:\/\/texus.fi\/fi\/wp-json\/wp\/v2\/media\/3260"}],"wp:attachment":[{"href":"https:\/\/texus.fi\/fi\/wp-json\/wp\/v2\/media?parent=525"}],"wp:term":[{"taxonomy":"product_brand","embeddable":true,"href":"https:\/\/texus.fi\/fi\/wp-json\/wp\/v2\/product_brand?post=525"},{"taxonomy":"product_cat","embeddable":true,"href":"https:\/\/texus.fi\/fi\/wp-json\/wp\/v2\/product_cat?post=525"},{"taxonomy":"product_tag","embeddable":true,"href":"https:\/\/texus.fi\/fi\/wp-json\/wp\/v2\/product_tag?post=525"}],"curies":[{"name":"wp","href":"https:\/\/api.w.org\/{rel}","templated":true}]}}