{"id":5274,"date":"2024-01-11T17:10:09","date_gmt":"2024-01-11T14:10:09","guid":{"rendered":"https:\/\/texus.fi\/?post_type=product&#038;p=5274"},"modified":"2025-09-19T08:36:24","modified_gmt":"2025-09-19T05:36:24","slug":"malmbergs-latauskaapeli-type-2-16a-1-vaihe-37kw-5-metria","status":"publish","type":"product","link":"https:\/\/texus.fi\/fi\/malmbergs-latauskaapeli-type-2-16a-1-vaihe-37kw-5-metria\/","title":{"rendered":"Malmbergs &#8211; Latauskaapeli Type 2, 16A 1-vaihe, 3,7kW, 5 metria"},"content":{"rendered":"<div class=\"tabs-panel panel-smart\">\n<div class=\"tab-content clearfix\">\n<div id=\"tab-description\" class=\"tab-pane active\">\n<div>Mode 3- latauskaapeli Type 2-liittimill\u00e4 (IEC 62196-2). Ergonominen kahva. Pehme\u00e4 ja taipuisa kaapeli kest\u00e4\u00e4 my\u00f6s alhaisia l\u00e4mp\u00f6tiloja. Korkea IP-luokka ja suojatut liittimet takaavat pitk\u00e4n k\u00e4ytt\u00f6i\u00e4n.<\/div>\n<\/div>\n<\/div>\n<\/div>\n<div class=\"product-info-box\"><\/div>\n","protected":false},"excerpt":{"rendered":"<p>Mode 3- latauskaapeli Type 2-liittimill\u00e4 (IEC 62196-2). Ergonominen kahva. Pehme\u00e4 ja taipuisa kaapeli kest\u00e4\u00e4 my\u00f6s alhaisia l\u00e4mp\u00f6tiloja. Korkea IP-luokka ja suojatut liittimet takaavat pitk\u00e4n k\u00e4ytt\u00f6i\u00e4n.<\/p>\n","protected":false},"featured_media":5275,"comment_status":"open","ping_status":"closed","template":"","meta":[],"product_brand":[],"product_cat":[165,166,15,164],"product_tag":[],"class_list":{"0":"post-5274","1":"product","2":"type-product","3":"status-publish","4":"has-post-thumbnail","6":"product_cat-latausasemat","7":"product_cat-latausasematarvikkeet","8":"product_cat-products","9":"product_cat-sahkoajoneuvot","10":"product_shipping_class-campaign-shipping","11":"pa_brands-malmbergs","13":"first","14":"instock","15":"taxable","16":"shipping-taxable","17":"purchasable","18":"product-type-simple"},"_links":{"self":[{"href":"https:\/\/texus.fi\/fi\/wp-json\/wp\/v2\/product\/5274","targetHints":{"allow":["GET"]}}],"collection":[{"href":"https:\/\/texus.fi\/fi\/wp-json\/wp\/v2\/product"}],"about":[{"href":"https:\/\/texus.fi\/fi\/wp-json\/wp\/v2\/types\/product"}],"replies":[{"embeddable":true,"href":"https:\/\/texus.fi\/fi\/wp-json\/wp\/v2\/comments?post=5274"}],"wp:featuredmedia":[{"embeddable":true,"href":"https:\/\/texus.fi\/fi\/wp-json\/wp\/v2\/media\/5275"}],"wp:attachment":[{"href":"https:\/\/texus.fi\/fi\/wp-json\/wp\/v2\/media?parent=5274"}],"wp:term":[{"taxonomy":"product_brand","embeddable":true,"href":"https:\/\/texus.fi\/fi\/wp-json\/wp\/v2\/product_brand?post=5274"},{"taxonomy":"product_cat","embeddable":true,"href":"https:\/\/texus.fi\/fi\/wp-json\/wp\/v2\/product_cat?post=5274"},{"taxonomy":"product_tag","embeddable":true,"href":"https:\/\/texus.fi\/fi\/wp-json\/wp\/v2\/product_tag?post=5274"}],"curies":[{"name":"wp","href":"https:\/\/api.w.org\/{rel}","templated":true}]}}