{"id":5296,"date":"2025-01-11T17:59:40","date_gmt":"2025-01-11T14:59:40","guid":{"rendered":"https:\/\/texus.fi\/?post_type=product&#038;p=5296"},"modified":"2025-08-11T18:01:53","modified_gmt":"2025-08-11T15:01:53","slug":"next-green-laturiteline-wallplate","status":"publish","type":"product","link":"https:\/\/texus.fi\/fi\/next-green-laturiteline-wallplate\/","title":{"rendered":"Next Green &#8211; Laturiteline Wallplate"},"content":{"rendered":"<div class=\"tabs-panel panel-smart\">\n<div class=\"tab-content clearfix\">\n<div id=\"tab-description\" class=\"tab-pane active\">\n<div class=\"tabs-panel panel-smart\">\n<div class=\"tab-content clearfix\">\n<div id=\"tab-description\" class=\"tab-pane active\">\n<div class=\"tabs-panel panel-smart\">\n<div class=\"tab-content clearfix\">\n<div id=\"tab-description\" class=\"tab-pane active\">\n<div>Wallplate on yleismallinen sein\u00e4teline latausasemille. Wallplate tarjoaa tukevan asennuksen my\u00f6s ep\u00e4tasaisilla pinnoilla ja t\u00e4ten minimoi j\u00e4nnitykset, joita voisi muutoin synty\u00e4 latausaseman kiinnityspintaan. Wallplate mahdollistaa erikokoisten latausasematyyppien asentamisen. Integroitu katososa suojaa sateelta. Wallplate takaa latausaseman tukevan asennuksen. Latausaseman reik\u00e4kuvio porataan telineeseen asennuksen aikana.<\/div>\n<\/div>\n<\/div>\n<\/div>\n<div class=\"product-info-box\"><\/div>\n<\/div>\n<\/div>\n<\/div>\n<div class=\"product-info-box\"><\/div>\n<\/div>\n<\/div>\n<\/div>\n","protected":false},"excerpt":{"rendered":"<div class=\"tabs-panel panel-smart\">\n<div class=\"tab-content clearfix\">\n<div id=\"tab-description\" class=\"tab-pane active\">\n<div class=\"tabs-panel panel-smart\">\n<div class=\"tab-content clearfix\">\n<div id=\"tab-description\" class=\"tab-pane active\">\n<div>Wallplate on yleismallinen sein\u00e4teline latausasemille. Wallplate tarjoaa tukevan asennuksen my\u00f6s ep\u00e4tasaisilla pinnoilla ja t\u00e4ten minimoi j\u00e4nnitykset, joita voisi muutoin synty\u00e4 latausaseman kiinnityspintaan. Wallplate mahdollistaa erikokoisten latausasematyyppien asentamisen. Integroitu katososa suojaa sateelta. Wallplate takaa latausaseman tukevan asennuksen. Latausaseman reik\u00e4kuvio porataan telineeseen asennuksen aikana.<\/div>\n<\/div>\n<\/div>\n<\/div>\n<div class=\"product-info-box\"><\/div>\n<\/div>\n<\/div>\n<\/div>\n<div class=\"product-info-box\"><\/div>\n","protected":false},"featured_media":5297,"comment_status":"open","ping_status":"closed","template":"","meta":[],"product_brand":[],"product_cat":[165,166,15,164],"product_tag":[],"class_list":{"0":"post-5296","1":"product","2":"type-product","3":"status-publish","4":"has-post-thumbnail","6":"product_cat-latausasemat","7":"product_cat-latausasematarvikkeet","8":"product_cat-products","9":"product_cat-sahkoajoneuvot","10":"product_shipping_class-campaign-shipping","11":"pa_brands-next-green","13":"first","14":"instock","15":"taxable","16":"shipping-taxable","17":"purchasable","18":"product-type-simple"},"_links":{"self":[{"href":"https:\/\/texus.fi\/fi\/wp-json\/wp\/v2\/product\/5296","targetHints":{"allow":["GET"]}}],"collection":[{"href":"https:\/\/texus.fi\/fi\/wp-json\/wp\/v2\/product"}],"about":[{"href":"https:\/\/texus.fi\/fi\/wp-json\/wp\/v2\/types\/product"}],"replies":[{"embeddable":true,"href":"https:\/\/texus.fi\/fi\/wp-json\/wp\/v2\/comments?post=5296"}],"wp:featuredmedia":[{"embeddable":true,"href":"https:\/\/texus.fi\/fi\/wp-json\/wp\/v2\/media\/5297"}],"wp:attachment":[{"href":"https:\/\/texus.fi\/fi\/wp-json\/wp\/v2\/media?parent=5296"}],"wp:term":[{"taxonomy":"product_brand","embeddable":true,"href":"https:\/\/texus.fi\/fi\/wp-json\/wp\/v2\/product_brand?post=5296"},{"taxonomy":"product_cat","embeddable":true,"href":"https:\/\/texus.fi\/fi\/wp-json\/wp\/v2\/product_cat?post=5296"},{"taxonomy":"product_tag","embeddable":true,"href":"https:\/\/texus.fi\/fi\/wp-json\/wp\/v2\/product_tag?post=5296"}],"curies":[{"name":"wp","href":"https:\/\/api.w.org\/{rel}","templated":true}]}}