{"id":532,"date":"2024-07-18T13:51:51","date_gmt":"2024-07-18T10:51:51","guid":{"rendered":"https:\/\/texus.fi\/?post_type=product&#038;p=532"},"modified":"2025-03-05T14:21:52","modified_gmt":"2025-03-05T11:21:52","slug":"solyco-r-bg-108n-full-black-double-glass-topcon-module","status":"publish","type":"product","link":"https:\/\/texus.fi\/fi\/solyco-r-bg-108n-full-black-double-glass-topcon-module\/","title":{"rendered":"SOLYCO &#8211; R-BG 108n &#8211; T\u00e4ysmusta kaksinkertainen TOPCon-moduuli"},"content":{"rendered":"<p>TOPCon-aurinkokennoilla varustetun kaksoiskennomoduulin ansiosta kennojen hy\u00f6tysuhde on erityisen korkea, l\u00e4mp\u00f6tilak\u00e4ytt\u00e4ytyminen on eritt\u00e4in hyv\u00e4 ja suorituskyky on taattu.<\/p>\n<div class=\"fusion-layout-column fusion_builder_column fusion-builder-column-3 fusion_builder_column_1_1 1_1 fusion-flex-column\">\n<div class=\"fusion-column-wrapper fusion-column-has-shadow fusion-flex-justify-content-flex-start fusion-content-layout-column\">\n<div class=\"fusion-text fusion-text-1\">\n<p><span data-sheets-root=\"1\">Tyylikk\u00e4\u00e4n kokomustan muotoilunsa ansiosta se on ihanteellinen valinta kaikkiin kattoj\u00e4rjestelmiin.<\/span><\/p>\n<\/div>\n<\/div>\n<\/div>\n<div class=\"fusion-layout-column fusion_builder_column fusion-builder-column-4 fusion_builder_column_1_2 1_2 fusion-flex-column\">\n<div class=\"fusion-column-wrapper fusion-column-has-shadow fusion-flex-justify-content-flex-start fusion-content-layout-column\">\n<div class=\"fusion-text fusion-text-2\">\n<p><strong>Kohokohdat<\/strong><\/p>\n<ul>\n<li>n-TOPCon-aurinkokennot<\/li>\n<li>Kaksoislasitekniikka, t\u00e4ysmusta ja bifacial-tekniikka<\/li>\n<li>Upotettava materiaali POE<\/li>\n<li>Vapaa LID:st\u00e4, PID:st\u00e4 ja LeTID:st\u00e4.<\/li>\n<li>Eritt\u00e4in hyv\u00e4 l\u00e4mp\u00f6tilakerroin<\/li>\n<\/ul>\n<\/div>\n<\/div>\n<\/div>\n<p><strong>Tietolehti:<\/strong><\/p>\n<p><a href=\"https:\/\/texus.fi\/wp-content\/uploads\/2024\/07\/DS-SOLYCO-R-BG-108n.3-420_en-1.pdf\">DS-SOLYCO-R-BG-108n.3-420_en<\/a><\/p>\n<p><a href=\"https:\/\/texus.fi\/wp-content\/uploads\/2024\/07\/DS-SOLYCO-R-BG-108n.4-440-445_en-1.pdf\">DS-SOLYCO-R-BG-108n.4-440-445_en<\/a><\/p>\n","protected":false},"excerpt":{"rendered":"<p>TOPCon-aurinkokennoilla varustetun kaksoiskennomoduulin ansiosta kennojen hy\u00f6tysuhde on erityisen korkea, l\u00e4mp\u00f6tilak\u00e4ytt\u00e4ytyminen on eritt\u00e4in hyv\u00e4 ja suorituskyky on taattu.<\/p>\n<div class=\"fusion-layout-column fusion_builder_column fusion-builder-column-3 fusion_builder_column_1_1 1_1 fusion-flex-column\">\n<div class=\"fusion-column-wrapper fusion-column-has-shadow fusion-flex-justify-content-flex-start fusion-content-layout-column\">\n<div class=\"fusion-text fusion-text-1\">\n<p><span data-sheets-root=\"1\">Tyylikk\u00e4\u00e4n kokomustan muotoilunsa ansiosta se on ihanteellinen valinta kaikkiin kattoj\u00e4rjestelmiin.<\/span><\/p>\n<\/div>\n<\/div>\n<\/div>\n","protected":false},"featured_media":3258,"comment_status":"open","ping_status":"closed","template":"","meta":[],"product_brand":[],"product_cat":[27,28,15],"product_tag":[],"class_list":{"0":"post-532","1":"product","2":"type-product","3":"status-publish","4":"has-post-thumbnail","6":"product_cat-aurinkopaneelit","7":"product_cat-bifacial","8":"product_cat-products","9":"pa_brands-solyco","11":"first","12":"onbackorder","13":"taxable","14":"shipping-taxable","15":"product-type-simple"},"_links":{"self":[{"href":"https:\/\/texus.fi\/fi\/wp-json\/wp\/v2\/product\/532","targetHints":{"allow":["GET"]}}],"collection":[{"href":"https:\/\/texus.fi\/fi\/wp-json\/wp\/v2\/product"}],"about":[{"href":"https:\/\/texus.fi\/fi\/wp-json\/wp\/v2\/types\/product"}],"replies":[{"embeddable":true,"href":"https:\/\/texus.fi\/fi\/wp-json\/wp\/v2\/comments?post=532"}],"wp:featuredmedia":[{"embeddable":true,"href":"https:\/\/texus.fi\/fi\/wp-json\/wp\/v2\/media\/3258"}],"wp:attachment":[{"href":"https:\/\/texus.fi\/fi\/wp-json\/wp\/v2\/media?parent=532"}],"wp:term":[{"taxonomy":"product_brand","embeddable":true,"href":"https:\/\/texus.fi\/fi\/wp-json\/wp\/v2\/product_brand?post=532"},{"taxonomy":"product_cat","embeddable":true,"href":"https:\/\/texus.fi\/fi\/wp-json\/wp\/v2\/product_cat?post=532"},{"taxonomy":"product_tag","embeddable":true,"href":"https:\/\/texus.fi\/fi\/wp-json\/wp\/v2\/product_tag?post=532"}],"curies":[{"name":"wp","href":"https:\/\/api.w.org\/{rel}","templated":true}]}}