{"id":5320,"date":"2024-01-12T17:20:34","date_gmt":"2024-01-12T14:20:34","guid":{"rendered":"https:\/\/texus.fi\/?post_type=product&#038;p=5320"},"modified":"2026-01-29T16:46:20","modified_gmt":"2026-01-29T13:46:20","slug":"malmbergs-latausasema-evc04-74kw-32a-1-vaihe-pistorasialla","status":"publish","type":"product","link":"https:\/\/texus.fi\/fi\/malmbergs-latausasema-evc04-74kw-32a-1-vaihe-pistorasialla\/","title":{"rendered":"Malmbergs &#8211; Latausasema, EVC04, 7,4kW, 32A, 1-vaihe pistorasialla"},"content":{"rendered":"<div class=\"tabs-panel panel-smart\">\n<div class=\"tab-content clearfix\">\n<div id=\"tab-description\" class=\"tab-pane active\">\n<div class=\"tabs-panel panel-smart\">\n<div class=\"tab-content clearfix\">\n<div id=\"tab-description\" class=\"tab-pane active\">\n<div class=\"tabs-panel panel-smart\">\n<div class=\"tab-content clearfix\">\n<div id=\"tab-description\" class=\"tab-pane active\">\n<div>\u00c4lyk\u00e4s s\u00e4hk\u00f6auton latausasema jopa 22kW latausteholla ja sis\u00e4\u00e4nrakennetulla MID-mittauksella. Optiona kuormantasaus turvalliseen lataamiseen mihin tahansa vuorokauden aikaan ilman, ett\u00e4 sinun tarvitsee valvoa latausta. Latausvirran suuruus voidaan asettaa etusulakkeiden mukaisesti v\u00e4lill\u00e4 10-32A. Latausvirta lataamisen aikana voidaan asettaa portaattomasti v\u00e4lill\u00e4 6-32A (p\u00e4\u00e4sulakkeesta riippuen). Latauksen aloitus RFID-kortilla, Malmbergs EV -sovelluksella, tai aina, kun latauskaapeli kytket\u00e4\u00e4n (valittavissa asennuksen yhteydess\u00e4 tai sovelluksesta). Lataamisen aloitus voidaan ajastaa sovelluksen avulla. Liitet\u00e4\u00e4n verkkoon WIFI-yhteydell\u00e4 tai ethernet-kaapelilla. Merkkivalo edess\u00e4 n\u00e4ytt\u00e4\u00e4 latauksen tilan. Varustettu suurella 4,3&#8243; n\u00e4yt\u00f6ll\u00e4, joka n\u00e4ytt\u00e4\u00e4 lataustilan, kulutetun energian ja latausajan sek\u00e4 latauksen tiedot. Kuormantasaus vaatii virtamuuntajat, jotka myyd\u00e4\u00e4n erikseen. Sis\u00e4\u00e4nrakennettu 6mA DC-vikavirran ilmaisin.<\/div>\n<\/div>\n<\/div>\n<\/div>\n<div class=\"product-info-box\"><\/div>\n<\/div>\n<\/div>\n<\/div>\n<div class=\"product-info-box\"><\/div>\n<\/div>\n<\/div>\n<\/div>\n<div class=\"product-info-box\"><\/div>\n","protected":false},"excerpt":{"rendered":"<p>\u00c4lyk\u00e4s s\u00e4hk\u00f6auton latausasema jopa 22kW latausteholla ja sis\u00e4\u00e4nrakennetulla MID-mittauksella. Optiona kuormantasaus turvalliseen lataamiseen mihin tahansa vuorokauden aikaan ilman, ett\u00e4 sinun tarvitsee valvoa latausta.<\/p>\n","protected":false},"featured_media":5321,"comment_status":"open","ping_status":"closed","template":"","meta":[],"product_brand":[],"product_cat":[165,168,15,164],"product_tag":[],"class_list":{"0":"post-5320","1":"product","2":"type-product","3":"status-publish","4":"has-post-thumbnail","6":"product_cat-latausasemat","7":"product_cat-latausasemat-ac","8":"product_cat-products","9":"product_cat-sahkoajoneuvot","10":"product_shipping_class-campaign-shipping","11":"pa_brands-malmbergs","13":"first","14":"instock","15":"taxable","16":"shipping-taxable","17":"purchasable","18":"product-type-simple"},"_links":{"self":[{"href":"https:\/\/texus.fi\/fi\/wp-json\/wp\/v2\/product\/5320","targetHints":{"allow":["GET"]}}],"collection":[{"href":"https:\/\/texus.fi\/fi\/wp-json\/wp\/v2\/product"}],"about":[{"href":"https:\/\/texus.fi\/fi\/wp-json\/wp\/v2\/types\/product"}],"replies":[{"embeddable":true,"href":"https:\/\/texus.fi\/fi\/wp-json\/wp\/v2\/comments?post=5320"}],"wp:featuredmedia":[{"embeddable":true,"href":"https:\/\/texus.fi\/fi\/wp-json\/wp\/v2\/media\/5321"}],"wp:attachment":[{"href":"https:\/\/texus.fi\/fi\/wp-json\/wp\/v2\/media?parent=5320"}],"wp:term":[{"taxonomy":"product_brand","embeddable":true,"href":"https:\/\/texus.fi\/fi\/wp-json\/wp\/v2\/product_brand?post=5320"},{"taxonomy":"product_cat","embeddable":true,"href":"https:\/\/texus.fi\/fi\/wp-json\/wp\/v2\/product_cat?post=5320"},{"taxonomy":"product_tag","embeddable":true,"href":"https:\/\/texus.fi\/fi\/wp-json\/wp\/v2\/product_tag?post=5320"}],"curies":[{"name":"wp","href":"https:\/\/api.w.org\/{rel}","templated":true}]}}