{"id":5350,"date":"2024-01-13T13:36:24","date_gmt":"2024-01-13T10:36:24","guid":{"rendered":"https:\/\/texus.fi\/?post_type=product&#038;p=5350"},"modified":"2025-09-19T08:35:12","modified_gmt":"2025-09-19T05:35:12","slug":"malmbergs-latauskaapeli-type-2-3-vaihe-11kw-10-m","status":"publish","type":"product","link":"https:\/\/texus.fi\/fi\/malmbergs-latauskaapeli-type-2-3-vaihe-11kw-10-m\/","title":{"rendered":"Malmbergs &#8211; Latauskaapeli Type 2, 3-vaihe, 11kW, 10 m"},"content":{"rendered":"<div class=\"tabs-panel panel-smart\">\n<div class=\"tab-content clearfix\">\n<div id=\"tab-description\" class=\"tab-pane active\">\n<div class=\"tabs-panel panel-smart\">\n<div class=\"tab-content clearfix\">\n<div id=\"tab-description\" class=\"tab-pane active\">\n<div class=\"tabs-panel panel-smart\">\n<div class=\"tab-content clearfix\">\n<div id=\"tab-description\" class=\"tab-pane active\">\n<div class=\"tabs-panel panel-smart\">\n<div class=\"tab-content clearfix\">\n<div id=\"tab-description\" class=\"tab-pane active\">\n<div class=\"tabs-panel panel-smart\">\n<div class=\"tab-content clearfix\">\n<div id=\"tab-description\" class=\"tab-pane active\">\n<div class=\"tabs-panel panel-smart\">\n<div class=\"tab-content clearfix\">\n<div id=\"tab-description\" class=\"tab-pane active\">\n<div class=\"tabs-panel panel-smart\">\n<div class=\"tab-content clearfix\">\n<div id=\"tab-description\" class=\"tab-pane active\">\n<div class=\"tabs-panel panel-smart\">\n<div class=\"tab-content clearfix\">\n<div id=\"tab-description\" class=\"tab-pane active\">\n<div class=\"tabs-panel panel-smart\">\n<div class=\"tab-content clearfix\">\n<div id=\"tab-description\" class=\"tab-pane active\">\n<div>Mode 3 -latauskaapeli Type 2 -liittimill\u00e4 (IEC 62196-2). Ergonominen kahva. Pehme\u00e4 ja taipuisa kaapeli kest\u00e4\u00e4 my\u00f6s alhaisia l\u00e4mp\u00f6tiloja.<\/div>\n<\/div>\n<\/div>\n<\/div>\n<\/div>\n<\/div>\n<\/div>\n<div class=\"product-info-box\"><\/div>\n<\/div>\n<\/div>\n<\/div>\n<div class=\"product-info-box\"><\/div>\n<\/div>\n<\/div>\n<\/div>\n<div class=\"product-info-box\"><\/div>\n<\/div>\n<\/div>\n<\/div>\n<div class=\"product-info-box\"><\/div>\n<\/div>\n<\/div>\n<\/div>\n<div class=\"product-info-box\"><\/div>\n<\/div>\n<\/div>\n<\/div>\n<div class=\"product-info-box\"><\/div>\n<\/div>\n<\/div>\n<\/div>\n<div class=\"product-info-box\"><\/div>\n<\/div>\n<\/div>\n<\/div>\n<div class=\"product-info-box\"><\/div>\n","protected":false},"excerpt":{"rendered":"<div class=\"tabs-panel panel-smart\">\n<div class=\"tab-content clearfix\">\n<div id=\"tab-description\" class=\"tab-pane active\">\n<div class=\"tabs-panel panel-smart\">\n<div class=\"tab-content clearfix\">\n<div id=\"tab-description\" class=\"tab-pane active\">\n<div class=\"tabs-panel panel-smart\">\n<div class=\"tab-content clearfix\">\n<div id=\"tab-description\" class=\"tab-pane active\">\n<div class=\"tabs-panel panel-smart\">\n<div class=\"tab-content clearfix\">\n<div id=\"tab-description\" class=\"tab-pane active\">\n<div>Mode 3 -latauskaapeli Type 2 -liittimill\u00e4 (IEC 62196-2). Ergonominen kahva. Pehme\u00e4 ja taipuisa kaapeli kest\u00e4\u00e4 my\u00f6s alhaisia l\u00e4mp\u00f6tiloja.<\/div>\n<\/div>\n<\/div>\n<\/div>\n<div class=\"product-info-box\"><\/div>\n<\/div>\n<\/div>\n<\/div>\n<div class=\"product-info-box\"><\/div>\n<\/div>\n<\/div>\n<\/div>\n<div class=\"product-info-box\"><\/div>\n<\/div>\n<\/div>\n<\/div>\n<div class=\"product-info-box\"><\/div>\n","protected":false},"featured_media":5343,"comment_status":"open","ping_status":"closed","template":"","meta":[],"product_brand":[],"product_cat":[165,168,15,164],"product_tag":[],"class_list":{"0":"post-5350","1":"product","2":"type-product","3":"status-publish","4":"has-post-thumbnail","6":"product_cat-latausasemat","7":"product_cat-latausasemat-ac","8":"product_cat-products","9":"product_cat-sahkoajoneuvot","10":"product_shipping_class-campaign-shipping","11":"pa_brands-malmbergs","13":"first","14":"instock","15":"taxable","16":"shipping-taxable","17":"purchasable","18":"product-type-simple"},"_links":{"self":[{"href":"https:\/\/texus.fi\/fi\/wp-json\/wp\/v2\/product\/5350","targetHints":{"allow":["GET"]}}],"collection":[{"href":"https:\/\/texus.fi\/fi\/wp-json\/wp\/v2\/product"}],"about":[{"href":"https:\/\/texus.fi\/fi\/wp-json\/wp\/v2\/types\/product"}],"replies":[{"embeddable":true,"href":"https:\/\/texus.fi\/fi\/wp-json\/wp\/v2\/comments?post=5350"}],"wp:featuredmedia":[{"embeddable":true,"href":"https:\/\/texus.fi\/fi\/wp-json\/wp\/v2\/media\/5343"}],"wp:attachment":[{"href":"https:\/\/texus.fi\/fi\/wp-json\/wp\/v2\/media?parent=5350"}],"wp:term":[{"taxonomy":"product_brand","embeddable":true,"href":"https:\/\/texus.fi\/fi\/wp-json\/wp\/v2\/product_brand?post=5350"},{"taxonomy":"product_cat","embeddable":true,"href":"https:\/\/texus.fi\/fi\/wp-json\/wp\/v2\/product_cat?post=5350"},{"taxonomy":"product_tag","embeddable":true,"href":"https:\/\/texus.fi\/fi\/wp-json\/wp\/v2\/product_tag?post=5350"}],"curies":[{"name":"wp","href":"https:\/\/api.w.org\/{rel}","templated":true}]}}