{"id":5370,"date":"2024-01-13T14:08:37","date_gmt":"2024-01-13T11:08:37","guid":{"rendered":"https:\/\/texus.fi\/?post_type=product&#038;p=5370"},"modified":"2026-01-29T16:56:19","modified_gmt":"2026-01-29T13:56:19","slug":"malmbergs-latausasema-evon-dual-2x11kw-32a-7-m-kaapelilla-mid-type-2","status":"publish","type":"product","link":"https:\/\/texus.fi\/fi\/malmbergs-latausasema-evon-dual-2x11kw-32a-7-m-kaapelilla-mid-type-2\/","title":{"rendered":"Malmbergs &#8211; Latausasema Evon Dual, 2x11kW, 32A, 7 m kaapelilla + MID , Type 2"},"content":{"rendered":"<div class=\"tabs-panel panel-smart\">\n<div class=\"tab-content clearfix\">\n<div id=\"tab-description\" class=\"tab-pane active\">\n<div class=\"tabs-panel panel-smart\">\n<div class=\"tab-content clearfix\">\n<div id=\"tab-description\" class=\"tab-pane active\">\n<div class=\"tabs-panel panel-smart\">\n<div class=\"tab-content clearfix\">\n<div id=\"tab-description\" class=\"tab-pane active\">\n<div class=\"tabs-panel panel-smart\">\n<div class=\"tab-content clearfix\">\n<div id=\"tab-description\" class=\"tab-pane active\">\n<div class=\"tabs-panel panel-smart\">\n<div class=\"tab-content clearfix\">\n<div id=\"tab-description\" class=\"tab-pane active\">\n<div class=\"tabs-panel panel-smart\">\n<div class=\"tab-content clearfix\">\n<div id=\"tab-description\" class=\"tab-pane active\">\n<div class=\"tabs-panel panel-smart\">\n<div class=\"tab-content clearfix\">\n<div id=\"tab-description\" class=\"tab-pane active\">\n<div class=\"tabs-panel panel-smart\">\n<div class=\"tab-content clearfix\">\n<div id=\"tab-description\" class=\"tab-pane active\">\n<div class=\"tabs-panel panel-smart\">\n<div class=\"tab-content clearfix\">\n<div id=\"tab-description\" class=\"tab-pane active\">\n<p>Malmbergs EVON DUAL on latausasema, joka on suunniteltu k\u00e4ytt\u00e4j\u00e4yst\u00e4v\u00e4lliseksi sek\u00e4 julkisilla paikoilla ett\u00e4 kotona. Ominaisuuksina kuormanhallinta, kulutuksenseuranta ja paljon muuta. Lataamisen aloitus RFID-kortilla, EVCHARGO-sovelluksella tai heti, kun latauskaapeli kytket\u00e4\u00e4n ajoneuvoon, tekee siit\u00e4 sek\u00e4 joustavan ett\u00e4 helppok\u00e4ytt\u00f6isen.<\/p>\n<p>EVON DUAL on saatavana eri versioina; joko kiinte\u00e4ll\u00e4 kaapelilla tai pistorasialla sek\u00e4 MID-hyv\u00e4ksytyll\u00e4 energiamittarilla energiankulutuksen tarkkaa mittausta varten tai ilman mittaria. Sen turvaominaisuudet, mukaan lukien A-tyypin vikavirtakytkin 6mA tasavirtatunnistuksella, tarjoavat turvallisen latausymp\u00e4rist\u00f6n.<\/p>\n<p>Jopa 22 kW: n latausteho ja mahdollisuus muodostaa yhteys WiFi-, 4G-, Ethernet- tai Bluetooth-yhteyden kautta tarjoavat k\u00e4tev\u00e4n ja mukautuvan latausratkaisun. Edess\u00e4 oleva merkkivalo osoittaa selv\u00e4sti lataustilan eri v\u00e4reill\u00e4 (punainen, keltainen, vihre\u00e4), mik\u00e4 tekee k\u00e4yt\u00f6st\u00e4 helppoa ja intuitiivista.<br \/>\nSein\u00e4asennukseen tai pylv\u00e4\u00e4seen. Helppo asentaa ensin asennettavan pohjalevyn ansiosta. Kuusi l\u00e4pivienti\u00e4 ja runsaasti asennustilaa helppoon ja joustavaan asennukseen.<\/p>\n<p>\u2022 S\u00e4\u00e4dett\u00e4v\u00e4 latausvirta<br \/>\n\u2022 Ohjaa latausta WiFi:ll\u00e4, Ethernetill\u00e4, Bluetoothilla tai 4G:ll\u00e4<br \/>\n\u2022 Sis\u00e4lt\u00e4\u00e4 SIM-kortin<br \/>\n\u2022 Lataamisen aloitus: RFID \/ Sovellus \/ Suoralataus<br \/>\n\u2022 Tehokas latausnopeus<br \/>\n\u2022 Lataamisen ajoitus sovelluksella<br \/>\n\u2022 Turvallinen offline-tilassa. Vakaa ja luotettava yhteys Bluetoothilla<br \/>\n\u2022 Kuormanhallinta (lis\u00e4varuste)<br \/>\n\u2022 2 RJ45-verkkoliit\u00e4nt\u00e4\u00e4, jotka mahdollistavat helpon ketjutuksen<br \/>\n\u2022 RFID-lukija<br \/>\n\u2022 DC-tasavirtavalvonta<br \/>\n\u2022 Sis\u00e4\u00e4nrakennettu suojaus A-tyypin vikavirtasuojalla<br \/>\n\u2022 Merkkivalo (RGB)<br \/>\n\u2022 Helppo ketjutus 25 mm\u00b2 tuplaliittimill\u00e4<br \/>\n\u2022 5 vuoden takuu<\/p>\n<p>HUOM! Ei yhteensopiva langallisen kuormanhallinnan, ADL400 (9909000) kanssa.<\/p>\n<\/div>\n<\/div>\n<\/div>\n<\/div>\n<\/div>\n<\/div>\n<\/div>\n<\/div>\n<\/div>\n<\/div>\n<\/div>\n<\/div>\n<\/div>\n<\/div>\n<\/div>\n<\/div>\n<\/div>\n<\/div>\n<\/div>\n<\/div>\n<\/div>\n<\/div>\n<\/div>\n<\/div>\n<\/div>\n<\/div>\n<\/div>\n","protected":false},"excerpt":{"rendered":"<div class=\"tabs-panel panel-smart\">\n<div class=\"tab-content clearfix\">\n<div id=\"tab-description\" class=\"tab-pane active\">\n<div class=\"tabs-panel panel-smart\">\n<div class=\"tab-content clearfix\">\n<div id=\"tab-description\" class=\"tab-pane active\">\n<div class=\"tabs-panel panel-smart\">\n<div class=\"tab-content clearfix\">\n<div id=\"tab-description\" class=\"tab-pane active\">\n<div class=\"tabs-panel panel-smart\">\n<div class=\"tab-content clearfix\">\n<div id=\"tab-description\" class=\"tab-pane active\">Malmbergs EVON DUAL on latausasema, joka on suunniteltu k\u00e4ytt\u00e4j\u00e4yst\u00e4v\u00e4lliseksi sek\u00e4 julkisilla paikoilla ett\u00e4 kotona. Ominaisuuksina kuormanhallinta, kulutuksenseuranta ja paljon muuta. Lataamisen aloitus RFID-kortilla, EVCHARGO-sovelluksella tai heti, kun latauskaapeli kytket\u00e4\u00e4n ajoneuvoon, tekee siit\u00e4 sek\u00e4 joustavan ett\u00e4 helppok\u00e4ytt\u00f6isen.<\/div>\n<\/div>\n<\/div>\n<div class=\"product-info-box\"><\/div>\n<\/div>\n<\/div>\n<\/div>\n<div class=\"product-info-box\"><\/div>\n<\/div>\n<\/div>\n<\/div>\n<div class=\"product-info-box\"><\/div>\n<\/div>\n<\/div>\n<\/div>\n<div class=\"product-info-box\"><\/div>\n","protected":false},"featured_media":5363,"comment_status":"open","ping_status":"closed","template":"","meta":[],"product_brand":[],"product_cat":[165,168,15,164],"product_tag":[],"class_list":{"0":"post-5370","1":"product","2":"type-product","3":"status-publish","4":"has-post-thumbnail","6":"product_cat-latausasemat","7":"product_cat-latausasemat-ac","8":"product_cat-products","9":"product_cat-sahkoajoneuvot","10":"product_shipping_class-campaign-shipping","11":"pa_brands-malmbergs","13":"first","14":"instock","15":"sale","16":"taxable","17":"shipping-taxable","18":"purchasable","19":"product-type-simple"},"_links":{"self":[{"href":"https:\/\/texus.fi\/fi\/wp-json\/wp\/v2\/product\/5370","targetHints":{"allow":["GET"]}}],"collection":[{"href":"https:\/\/texus.fi\/fi\/wp-json\/wp\/v2\/product"}],"about":[{"href":"https:\/\/texus.fi\/fi\/wp-json\/wp\/v2\/types\/product"}],"replies":[{"embeddable":true,"href":"https:\/\/texus.fi\/fi\/wp-json\/wp\/v2\/comments?post=5370"}],"wp:featuredmedia":[{"embeddable":true,"href":"https:\/\/texus.fi\/fi\/wp-json\/wp\/v2\/media\/5363"}],"wp:attachment":[{"href":"https:\/\/texus.fi\/fi\/wp-json\/wp\/v2\/media?parent=5370"}],"wp:term":[{"taxonomy":"product_brand","embeddable":true,"href":"https:\/\/texus.fi\/fi\/wp-json\/wp\/v2\/product_brand?post=5370"},{"taxonomy":"product_cat","embeddable":true,"href":"https:\/\/texus.fi\/fi\/wp-json\/wp\/v2\/product_cat?post=5370"},{"taxonomy":"product_tag","embeddable":true,"href":"https:\/\/texus.fi\/fi\/wp-json\/wp\/v2\/product_tag?post=5370"}],"curies":[{"name":"wp","href":"https:\/\/api.w.org\/{rel}","templated":true}]}}