{"id":541,"date":"2024-07-18T13:57:34","date_gmt":"2024-07-18T10:57:34","guid":{"rendered":"https:\/\/texus.fi\/?post_type=product&#038;p=541"},"modified":"2025-03-05T14:21:51","modified_gmt":"2025-03-05T11:21:51","slug":"solyco-r-wg-108n-4-bifacial-double-glass-topcon-module","status":"publish","type":"product","link":"https:\/\/texus.fi\/fi\/solyco-r-wg-108n-4-bifacial-double-glass-topcon-module\/","title":{"rendered":"SOLYCO &#8211; R-WG 108n.4 &#8211; kaksoiskuvioinen kaksoislasi, TOPCon-moduuli"},"content":{"rendered":"<div class=\"fusion-layout-column fusion_builder_column fusion-builder-column-3 fusion_builder_column_1_1 1_1 fusion-flex-column\">\n<div class=\"fusion-column-wrapper fusion-column-has-shadow fusion-flex-justify-content-flex-start fusion-content-layout-column\">\n<div class=\"fusion-text fusion-text-1\">\n<div class=\"fusion-text fusion-text-1\">\n<ul>\n<li>Moduulien hy\u00f6tysuhde yli 22,5 %<\/li>\n<li>Eritt\u00e4in tehokas TOPCon-kennotekniikka<\/li>\n<li>Vapaa LID:st\u00e4, PID:st\u00e4 ja LeTID:st\u00e4.<\/li>\n<li>Puolikennotekniikka takaa alhaiset sis\u00e4iset tehoh\u00e4vi\u00f6t<\/li>\n<\/ul>\n<\/div>\n<div class=\"fusion-text fusion-text-2\"><strong>Tietolehti: <\/strong><a href=\"https:\/\/texus.fi\/wp-content\/uploads\/2024\/07\/DS-SOLYCO-R-WG-108n.4-450_en-1.pdf\">DS-SOLYCO-R-WG-108n.4-450_en<\/a><\/div>\n<\/div>\n<\/div>\n<\/div>\n","protected":false},"excerpt":{"rendered":"<ul>\n<li>Moduulien hy\u00f6tysuhde yli 22,5 %<\/li>\n<li>Eritt\u00e4in tehokas TOPCon-kennotekniikka<\/li>\n<li>Vapaa LID:st\u00e4, PID:st\u00e4 ja LeTID:st\u00e4.<\/li>\n<li>Puolikennotekniikka takaa alhaiset sis\u00e4iset tehoh\u00e4vi\u00f6t<\/li>\n<\/ul>\n","protected":false},"featured_media":3264,"comment_status":"open","ping_status":"closed","template":"","meta":[],"product_brand":[],"product_cat":[27,28,15],"product_tag":[],"class_list":{"0":"post-541","1":"product","2":"type-product","3":"status-publish","4":"has-post-thumbnail","6":"product_cat-aurinkopaneelit","7":"product_cat-bifacial","8":"product_cat-products","9":"pa_brands-solyco","11":"first","12":"onbackorder","13":"taxable","14":"shipping-taxable","15":"product-type-simple"},"_links":{"self":[{"href":"https:\/\/texus.fi\/fi\/wp-json\/wp\/v2\/product\/541","targetHints":{"allow":["GET"]}}],"collection":[{"href":"https:\/\/texus.fi\/fi\/wp-json\/wp\/v2\/product"}],"about":[{"href":"https:\/\/texus.fi\/fi\/wp-json\/wp\/v2\/types\/product"}],"replies":[{"embeddable":true,"href":"https:\/\/texus.fi\/fi\/wp-json\/wp\/v2\/comments?post=541"}],"wp:featuredmedia":[{"embeddable":true,"href":"https:\/\/texus.fi\/fi\/wp-json\/wp\/v2\/media\/3264"}],"wp:attachment":[{"href":"https:\/\/texus.fi\/fi\/wp-json\/wp\/v2\/media?parent=541"}],"wp:term":[{"taxonomy":"product_brand","embeddable":true,"href":"https:\/\/texus.fi\/fi\/wp-json\/wp\/v2\/product_brand?post=541"},{"taxonomy":"product_cat","embeddable":true,"href":"https:\/\/texus.fi\/fi\/wp-json\/wp\/v2\/product_cat?post=541"},{"taxonomy":"product_tag","embeddable":true,"href":"https:\/\/texus.fi\/fi\/wp-json\/wp\/v2\/product_tag?post=541"}],"curies":[{"name":"wp","href":"https:\/\/api.w.org\/{rel}","templated":true}]}}