{"id":564,"date":"2024-07-18T14:56:03","date_gmt":"2024-07-18T11:56:03","guid":{"rendered":"https:\/\/texus.fi\/?post_type=product&#038;p=564"},"modified":"2025-03-05T14:21:48","modified_gmt":"2025-03-05T11:21:48","slug":"solyco-solo-aesthetic-pv-solutions-for-tiled-roofs","status":"publish","type":"product","link":"https:\/\/texus.fi\/fi\/solyco-solo-aesthetic-pv-solutions-for-tiled-roofs\/","title":{"rendered":"SOLYCO &#8211; SOLo &#8211; Esteettiset PV-ratkaisut kattotiilikatoille"},"content":{"rendered":"<p><strong>Pienet moduulit, joilla on suuri vaikutus<\/strong><\/p>\n<p><span data-sheets-root=\"1\">SOLYCO SOLo on erityisen houkutteleva ja tehokas aurinkoj\u00e4rjestelm\u00e4 kattotiilikatoille. Kaikille, jotka haluavat sovittaa yhteen ekologisen energiansaannin ja rakennuksen esteettiset vaatimukset.<\/span><\/p>\n<p><span data-sheets-root=\"1\">SOLYCO SOLo PV -j\u00e4rjestelm\u00e4 koostuu aurinkomoduulista ja sen kiinnitt\u00e4misest\u00e4 katolle lasikuituvahvisteisesta muovista valmistettujen koukkujen avulla.<\/span><\/p>\n<p><strong><span data-sheets-root=\"1\">Optiikka<\/span> <\/strong><\/p>\n<ul>\n<li><span data-sheets-root=\"1\">Kaunis visuaalinen integrointi<\/span><\/li>\n<li><span data-sheets-root=\"1\">Kehykset\u00f6n Full-Black-moduuli<\/span><\/li>\n<li><span data-sheets-root=\"1\">Tilan optimaalinen k\u00e4ytt\u00f6<\/span><\/li>\n<\/ul>\n<p><strong><span data-sheets-root=\"1\">Teknologia<\/span> <\/strong><\/p>\n<ul>\n<li><span data-sheets-root=\"1\">Yksikiteinen puolikennotekniikka<\/span><\/li>\n<li><span data-sheets-root=\"1\">Kaksoislasitekniikka<\/span><\/li>\n<li><span data-sheets-root=\"1\">Eritt\u00e4in suuri mekaaninen kuormitettavuus<\/span><\/li>\n<\/ul>\n<p><strong><span data-sheets-root=\"1\">Asennus<\/span> <\/strong><\/p>\n<ul>\n<li><span data-sheets-root=\"1\">Kattoasennus<\/span><\/li>\n<li><span data-sheets-root=\"1\">Ty\u00f6kaluton &amp; nopea<\/span><\/li>\n<li><span data-sheets-root=\"1\">Uudisrakentaminen ja j\u00e4lkiasennus<\/span><\/li>\n<\/ul>\n<p><strong>Esite (tietolehti) : <\/strong><a href=\"https:\/\/texus.fi\/wp-content\/uploads\/2024\/07\/DS-SOLYCO-SOLo_en-1.pdf\">DS-SOLYCO-SOLo_en (1)<\/a><\/p>\n","protected":false},"excerpt":{"rendered":"<p><strong>Pienet moduulit, joilla on suuri vaikutus<\/strong><\/p>\n<p><span data-sheets-root=\"1\">SOLYCO SOLo on erityisen houkutteleva ja tehokas aurinkoj\u00e4rjestelm\u00e4 kattotiilikatoille. Kaikille, jotka haluavat sovittaa yhteen ekologisen energiansaannin ja rakennuksen esteettiset vaatimukset.<\/span><\/p>\n<p><span data-sheets-root=\"1\">SOLYCO SOLo PV -j\u00e4rjestelm\u00e4 koostuu aurinkomoduulista ja sen kiinnitt\u00e4misest\u00e4 katolle lasikuituvahvisteisesta muovista valmistettujen koukkujen avulla.<\/span><\/p>\n","protected":false},"featured_media":553,"comment_status":"open","ping_status":"closed","template":"","meta":[],"product_brand":[],"product_cat":[27,29,15],"product_tag":[],"class_list":{"0":"post-564","1":"product","2":"type-product","3":"status-publish","4":"has-post-thumbnail","6":"product_cat-aurinkopaneelit","7":"product_cat-monofacial","8":"product_cat-products","9":"pa_brands-solyco","11":"first","12":"onbackorder","13":"taxable","14":"shipping-taxable","15":"product-type-simple"},"_links":{"self":[{"href":"https:\/\/texus.fi\/fi\/wp-json\/wp\/v2\/product\/564","targetHints":{"allow":["GET"]}}],"collection":[{"href":"https:\/\/texus.fi\/fi\/wp-json\/wp\/v2\/product"}],"about":[{"href":"https:\/\/texus.fi\/fi\/wp-json\/wp\/v2\/types\/product"}],"replies":[{"embeddable":true,"href":"https:\/\/texus.fi\/fi\/wp-json\/wp\/v2\/comments?post=564"}],"wp:featuredmedia":[{"embeddable":true,"href":"https:\/\/texus.fi\/fi\/wp-json\/wp\/v2\/media\/553"}],"wp:attachment":[{"href":"https:\/\/texus.fi\/fi\/wp-json\/wp\/v2\/media?parent=564"}],"wp:term":[{"taxonomy":"product_brand","embeddable":true,"href":"https:\/\/texus.fi\/fi\/wp-json\/wp\/v2\/product_brand?post=564"},{"taxonomy":"product_cat","embeddable":true,"href":"https:\/\/texus.fi\/fi\/wp-json\/wp\/v2\/product_cat?post=564"},{"taxonomy":"product_tag","embeddable":true,"href":"https:\/\/texus.fi\/fi\/wp-json\/wp\/v2\/product_tag?post=564"}],"curies":[{"name":"wp","href":"https:\/\/api.w.org\/{rel}","templated":true}]}}