{"id":566,"date":"2024-07-18T15:01:06","date_gmt":"2024-07-18T12:01:06","guid":{"rendered":"https:\/\/texus.fi\/?post_type=product&#038;p=566"},"modified":"2025-06-01T18:09:51","modified_gmt":"2025-06-01T15:09:51","slug":"solyco-solup-system-solutions-for-pv-facades","status":"publish","type":"product","link":"https:\/\/texus.fi\/fi\/solyco-solup-system-solutions-for-pv-facades\/","title":{"rendered":"SOLYCO &#8211; SOLup &#8211; J\u00e4rjestelm\u00e4ratkaisut aurinkos\u00e4hk\u00f6julkisivuille"},"content":{"rendered":"<div class=\"fusion-title title fusion-title-1 fusion-sep-none fusion-title-center fusion-title-text fusion-title-size-two\">\n<h2 class=\"fusion-title-heading title-heading-center fusion-responsive-typography-calculated\"><span data-sheets-root=\"1\">J\u00e4rjestelm\u00e4ratkaisu aurinkos\u00e4hk\u00f6isten julkisivujen rakentamiseen<\/span><\/h2>\n<\/div>\n<div class=\"fusion-text fusion-text-1\">\n<p><span data-sheets-root=\"1\">Standardoitu aurinkos\u00e4hk\u00f6julkisivu &#8211; SOLup on houkutteleva ratkaisu aurinkos\u00e4hk\u00f6tekniikan (BAPV) integroimiseksi julkisivuun liike- ja asuinrakennuksissa.<\/span><\/p>\n<p><span data-sheets-root=\"1\">J\u00e4rjestelm\u00e4ratkaisu: J\u00e4rjestelm\u00e4rakenteisen tuulettuvan julkisivun ansiosta voit luopua kalliista erikoisrakenteista. SOLup voidaan helposti integroida suunnittelu- ja l\u00e4mm\u00f6neristyskonsepteihin, mutta se toimii my\u00f6s lis\u00e4varusteena olemassa olevien julkisivujen j\u00e4lkiasennuksena. SOLup tarjoaa ratkaisun, jossa yhdistyv\u00e4t vankka korkean teknologian PV-kaksoislasimoduuli ja joustava, modulaarinen alusrakenne sek\u00e4 laajat suunnitteluvaihtoehdot.<\/span><\/p>\n<p><strong><span data-sheets-root=\"1\">Vankka<\/span> <i class=\"fb-icon-element-1 fb-icon-element fontawesome-icon fa-check-circle fas circle-no fusion-text-flow\"><\/i><\/strong><\/p>\n<ul>\n<li><span data-sheets-root=\"1\">Erinomainen mekaaninen vakaus<\/span><\/li>\n<li><span data-sheets-root=\"1\">Erityisen hyv\u00e4 tuulenkest\u00e4vyys<\/span><\/li>\n<li><span data-sheets-root=\"1\">T\u00e4ytt\u00e4\u00e4 rakennusteollisuuden vaatimukset<\/span><\/li>\n<\/ul>\n<p><strong>Joustava k\u00e4yt\u00f6ss\u00e4<\/strong><\/p>\n<ul>\n<li><span data-sheets-root=\"1\">Erilaisia suunnitteluvaihtoehtoja<\/span><\/li>\n<li><span data-sheets-root=\"1\">Modulaariset komponentit<\/span><\/li>\n<li><span data-sheets-root=\"1\">Lis\u00e4l\u00e4mm\u00f6neristys mahdollista<\/span><\/li>\n<\/ul>\n<p><strong>Lis\u00e4todistukset<\/strong><\/p>\n<ul>\n<li><span data-sheets-root=\"1\">Tuulenkest\u00e4vyys<\/span><\/li>\n<li><span data-sheets-root=\"1\">Lasien iskunkest\u00e4vyys<\/span><\/li>\n<li><span data-sheets-root=\"1\">Palok\u00e4ytt\u00e4ytyminen tietyiss\u00e4 aurinkos\u00e4hk\u00f6asennuksissa<\/span><\/li>\n<\/ul>\n<p><strong>Tietolehti:<\/strong> <a href=\"https:\/\/texus.fi\/wp-content\/uploads\/2024\/07\/DS-SOLYCO-SOLup_en.pdf\">DS-SOLYCO-SOLup_en<\/a><\/p>\n<\/div>\n","protected":false},"excerpt":{"rendered":"<p><span data-sheets-root=\"1\">Standardoitu aurinkos\u00e4hk\u00f6julkisivu &#8211; SOLup on houkutteleva ratkaisu aurinkos\u00e4hk\u00f6tekniikan (BAPV) integroimiseksi julkisivuun liike- ja asuinrakennuksissa.<\/span><\/p>\n<p><span data-sheets-root=\"1\">J\u00e4rjestelm\u00e4ratkaisu: J\u00e4rjestelm\u00e4rakenteisen tuulettuvan julkisivun ansiosta voit luopua kalliista erikoisrakenteista. SOLup voidaan helposti integroida suunnittelu- ja l\u00e4mm\u00f6neristyskonsepteihin, mutta se toimii my\u00f6s lis\u00e4varusteena olemassa olevien julkisivujen j\u00e4lkiasennuksena. SOLup tarjoaa ratkaisun, jossa yhdistyv\u00e4t vankka korkean teknologian PV-kaksoislasimoduuli ja joustava, modulaarinen alusrakenne sek\u00e4 laajat suunnitteluvaihtoehdot.<\/span><\/p>\n","protected":false},"featured_media":3266,"comment_status":"open","ping_status":"closed","template":"","meta":[],"product_brand":[],"product_cat":[27,29,15],"product_tag":[],"class_list":{"0":"post-566","1":"product","2":"type-product","3":"status-publish","4":"has-post-thumbnail","6":"product_cat-aurinkopaneelit","7":"product_cat-monofacial","8":"product_cat-products","9":"pa_brands-solyco","11":"first","12":"onbackorder","13":"taxable","14":"shipping-taxable","15":"product-type-simple"},"_links":{"self":[{"href":"https:\/\/texus.fi\/fi\/wp-json\/wp\/v2\/product\/566","targetHints":{"allow":["GET"]}}],"collection":[{"href":"https:\/\/texus.fi\/fi\/wp-json\/wp\/v2\/product"}],"about":[{"href":"https:\/\/texus.fi\/fi\/wp-json\/wp\/v2\/types\/product"}],"replies":[{"embeddable":true,"href":"https:\/\/texus.fi\/fi\/wp-json\/wp\/v2\/comments?post=566"}],"wp:featuredmedia":[{"embeddable":true,"href":"https:\/\/texus.fi\/fi\/wp-json\/wp\/v2\/media\/3266"}],"wp:attachment":[{"href":"https:\/\/texus.fi\/fi\/wp-json\/wp\/v2\/media?parent=566"}],"wp:term":[{"taxonomy":"product_brand","embeddable":true,"href":"https:\/\/texus.fi\/fi\/wp-json\/wp\/v2\/product_brand?post=566"},{"taxonomy":"product_cat","embeddable":true,"href":"https:\/\/texus.fi\/fi\/wp-json\/wp\/v2\/product_cat?post=566"},{"taxonomy":"product_tag","embeddable":true,"href":"https:\/\/texus.fi\/fi\/wp-json\/wp\/v2\/product_tag?post=566"}],"curies":[{"name":"wp","href":"https:\/\/api.w.org\/{rel}","templated":true}]}}