{"id":5670,"date":"2025-02-03T14:38:05","date_gmt":"2025-02-03T11:38:05","guid":{"rendered":"https:\/\/texus.fi\/?post_type=product&#038;p=5670"},"modified":"2025-12-16T12:56:48","modified_gmt":"2025-12-16T09:56:48","slug":"ecoflow-glacier-classic-45l","status":"publish","type":"product","link":"https:\/\/texus.fi\/fi\/ecoflow-glacier-classic-45l\/","title":{"rendered":"EcoFlow Glacier Classic 45l"},"content":{"rendered":"<p><strong>EcoFlow Glacier Classic \u2013 \u00c4lyk\u00e4s ja tehokas kannettava j\u00e4\u00e4kaappi ja pakastin retkille, veneeseen tai m\u00f6kille<\/strong><\/p>\n<p>EcoFlow Glacier Classic on uuden sukupolven kannettava j\u00e4\u00e4kaappi ja pakastin, joka yhdist\u00e4\u00e4 huipputeknologian, vankan suorituskyvyn ja \u00e4lykk\u00e4\u00e4n virrank\u00e4yt\u00f6n yhteen laitteeseen. T\u00e4ydellinen ratkaisu retkeilyyn, veneilyyn, m\u00f6kkeilyyn tai auton kylm\u00e4s\u00e4ilytystarpeisiin \u2013 miss\u00e4 tahansa oletkin, ruoka ja juoma pysyv\u00e4t viilein\u00e4 tai jopa pakastettuina ilman verkkovirtaa.<\/p>\n<p><strong>Pakastus jopa -20 \u00b0C<\/strong><\/p>\n<p>EcoFlow Glacier Classic tarjoaa jopa -20 \u00b0C pakastustehoa. \u00c4lyk\u00e4s sis\u00e4tilaratkaisu mahdollistaa kahden l\u00e4mp\u00f6tila-alueen (vain 45l ja 55l) k\u00e4yt\u00f6n samanaikaisesti \u2013 s\u00e4ilyt\u00e4 toisessa lokerossa viile\u00e4t juomat ja toisessa pakastetut ruoat. Erinomainen ratkaisu monipuoliseen k\u00e4ytt\u00f6\u00f6n esimerkiksi kes\u00e4retkill\u00e4 tai kalareissuilla. 35l kaappia voidaan k\u00e4ytt\u00e4\u00e4 vain joko j\u00e4\u00e4kaappina tai pakastimena.<\/p>\n<p><strong>Jopa 40 tuntia k\u00e4ytt\u00f6\u00e4 lis\u00e4akulla \u2013 lataa miss\u00e4 vain<\/strong><\/p>\n<p>EcoFlow Glacier Classic toimii verkkovirralla, autolaturilla, aurinkopaneelilla tai lis\u00e4akulla (myyd\u00e4\u00e4n erikseen). 298 Wh:n lis\u00e4akku tarjoaa jopa 40 tuntia k\u00e4ytt\u00f6\u00e4 yhdell\u00e4 latauksella. T\u00e4ydellinen valinta paikkoihin, joissa s\u00e4hk\u00f6\u00e4 ei ole saatavilla.<\/p>\n<p><strong>\u00c4lytoiminnot hallinnassa<\/strong><\/p>\n<p>Ohjaa ja seuraa l\u00e4mp\u00f6tilaa k\u00e4tev\u00e4sti EcoFlow-sovelluksen kautta WiFi- tai Bluetooth-yhteydell\u00e4. Voit s\u00e4\u00e4t\u00e4\u00e4 kaapin l\u00e4mp\u00f6tilaa tai esimerkiksi seurata l\u00e4mp\u00f6tilahistoriaa 7 p\u00e4iv\u00e4\u00e4 taaksep\u00e4in.<\/p>\n<p><strong>Ominaisuudet:<\/strong><\/p>\n<ul>\n<li><strong>Tilavuus:<\/strong>\u00a035l, 45l ja 55l<\/li>\n<li><strong>L\u00e4mp\u00f6tila-alue:<\/strong>\u00a0-20 \u2013 20 \u00b0C<\/li>\n<li><strong>Kaksivy\u00f6hykej\u00e4rjestelm\u00e4:<\/strong>\u00a0j\u00e4\u00e4kaappi + pakastin yht\u00e4 aikaa (45l ja 55l)<\/li>\n<li><strong>Virransy\u00f6tt\u00f6:<\/strong>\u00a0AC, DC, aurinkopaneeli tai lis\u00e4akku<\/li>\n<li><strong>Akun kapasiteetti (lis\u00e4varuste):<\/strong>\u00a0298 Wh (jopa 40 h k\u00e4ytt\u00f6\u00e4)<\/li>\n<li><strong>Ohjaus:<\/strong>\u00a0WiFi\/Bluetooth + EcoFlow-sovellus<\/li>\n<li><strong>IPX4-suojaus:<\/strong>\u00a0kosteisiin ja vaativiin olosuhteisiin<\/li>\n<li><strong>Mitat:<\/strong>\u00a035l (706x400x405mm), 45l (706x400x480mm) ja 55l (706x466x480mm)<\/li>\n<li><strong>Paino:<\/strong>\u00a035l (19,6kg), 45l (22,3kg) ja 55l (24,3kg)<\/li>\n<\/ul>\n","protected":false},"excerpt":{"rendered":"<p><strong>EcoFlow Glacier Classic \u2013 \u00c4lyk\u00e4s ja tehokas kannettava j\u00e4\u00e4kaappi ja pakastin retkille, veneeseen tai m\u00f6kille<\/strong><\/p>\n<p>EcoFlow Glacier Classic on uuden sukupolven kannettava j\u00e4\u00e4kaappi ja pakastin, joka yhdist\u00e4\u00e4 huipputeknologian, vankan suorituskyvyn ja \u00e4lykk\u00e4\u00e4n virrank\u00e4yt\u00f6n yhteen laitteeseen. T\u00e4ydellinen ratkaisu retkeilyyn, veneilyyn, m\u00f6kkeilyyn tai auton kylm\u00e4s\u00e4ilytystarpeisiin \u2013 miss\u00e4 tahansa oletkin, ruoka ja juoma pysyv\u00e4t viilein\u00e4 tai jopa pakastettuina ilman verkkovirtaa.<\/p>\n<p>&nbsp;<\/p>\n","protected":false},"featured_media":5675,"comment_status":"open","ping_status":"closed","template":"","meta":[],"product_brand":[],"product_cat":[35,15,34],"product_tag":[],"class_list":{"0":"post-5670","1":"product","2":"type-product","3":"status-publish","4":"has-post-thumbnail","6":"product_cat-ess-ratkaisut","7":"product_cat-products","8":"product_cat-virta-asemat","9":"product_shipping_class-campaign-shipping","10":"pa_brands-ecoflow","12":"first","13":"outofstock","14":"taxable","15":"shipping-taxable","16":"purchasable","17":"product-type-variable","18":"has-default-attributes"},"_links":{"self":[{"href":"https:\/\/texus.fi\/fi\/wp-json\/wp\/v2\/product\/5670","targetHints":{"allow":["GET"]}}],"collection":[{"href":"https:\/\/texus.fi\/fi\/wp-json\/wp\/v2\/product"}],"about":[{"href":"https:\/\/texus.fi\/fi\/wp-json\/wp\/v2\/types\/product"}],"replies":[{"embeddable":true,"href":"https:\/\/texus.fi\/fi\/wp-json\/wp\/v2\/comments?post=5670"}],"wp:featuredmedia":[{"embeddable":true,"href":"https:\/\/texus.fi\/fi\/wp-json\/wp\/v2\/media\/5675"}],"wp:attachment":[{"href":"https:\/\/texus.fi\/fi\/wp-json\/wp\/v2\/media?parent=5670"}],"wp:term":[{"taxonomy":"product_brand","embeddable":true,"href":"https:\/\/texus.fi\/fi\/wp-json\/wp\/v2\/product_brand?post=5670"},{"taxonomy":"product_cat","embeddable":true,"href":"https:\/\/texus.fi\/fi\/wp-json\/wp\/v2\/product_cat?post=5670"},{"taxonomy":"product_tag","embeddable":true,"href":"https:\/\/texus.fi\/fi\/wp-json\/wp\/v2\/product_tag?post=5670"}],"curies":[{"name":"wp","href":"https:\/\/api.w.org\/{rel}","templated":true}]}}