{"id":5712,"date":"2025-02-03T15:21:01","date_gmt":"2025-02-03T12:21:01","guid":{"rendered":"https:\/\/texus.fi\/?post_type=product&#038;p=5712"},"modified":"2025-10-03T15:31:10","modified_gmt":"2025-10-03T12:31:10","slug":"ecoflow-river-3-max-plus","status":"publish","type":"product","link":"https:\/\/texus.fi\/fi\/ecoflow-river-3-max-plus\/","title":{"rendered":"EcoFlow River 3 Max Plus"},"content":{"rendered":"<p><strong>EcoFlow River 3 Max Plus &#8211; River 3 Plus 286Wh ja lis\u00e4akku 572Wh (858Wh)<\/strong><\/p>\n<p><strong>Tehoa suuremmissa m\u00e4\u00e4rin \u2013 600 W jatkuvaa, jopa 1200 W hetkellist\u00e4 tehoa<\/strong><\/p>\n<p>River 3 Max Plus tarjoaa jopa 600 W jatkuvaa AC-tehoa, ja X-Boost-teknologian ansiosta voit k\u00e4ytt\u00e4\u00e4 jopa 1200 W laitteita \u2013 j\u00e4\u00e4kaapeista hiustenkuivaajiin ja s\u00e4hk\u00f6ty\u00f6kaluihin. Akkujen kokonaiskapasiteetti jopa 858 Wh riitt\u00e4\u00e4 monen tunnin k\u00e4ytt\u00f6\u00f6n.<\/p>\n<p><strong>Supernopea lataus \u2013 0\u2013100 % alle kolmessa tunnissa<\/strong><\/p>\n<p>Unohda odottelu. EcoFlowin X-Stream-teknologia lataa laitteen t\u00e4yteen alle kolmessa tunnissa. Lis\u00e4ksi voit ladata sen aurinkopaneelilla tai auton tupakansytyttimest\u00e4, miss\u00e4 ikin\u00e4 oletkin.<\/p>\n<p><strong>Valmis retkelle, kotiin tai t\u00f6ihin<\/strong><\/p>\n<p>River 3 Max Plus on suunniteltu liikkuvaan el\u00e4m\u00e4\u00e4n: kompakti koko, alle 8,5 kg paino ja kantokahva tekev\u00e4t sen siirt\u00e4misest\u00e4 vaivatonta. Soveltuu t\u00e4ydellisesti retkeilyyn, m\u00f6kille, pakettiautoon tai esimerkiksi s\u00e4hk\u00f6katkojen varalle.<\/p>\n<p><strong>Tekniset tiedot<\/strong><\/p>\n<ul>\n<li>Kapasiteetti: 828 Wh (286 Wh + 572 Wh)<\/li>\n<li>UPS-vasteaika: &lt;10 ms<\/li>\n<li>Paino: River 3 Plus: 4,7 kg, EB300 akku: 5,8 kg<\/li>\n<li>Mitat: 234 x 232 x 146 mm (River 3 Plus), 234 x 224 x 158 mm (EB600 akku)<\/li>\n<li>AC-sis\u00e4\u00e4ntulo: 200-240V 50Hz\/60Hz, 360W (Latausaika 0-100 % n. 3 tuntia)<\/li>\n<li>Aurinkopaneelilataus: 11-55V, 13A, 220W Max<\/li>\n<li>Autolataus: 11-55V, 8A, 220W Max<\/li>\n<li>USB-C-ulostulo: 2 porttia, 1 x 100W, 1 x 140W<\/li>\n<li>Autoadapteri-ulostulo: 12.6V, 10A, 126W Max<\/li>\n<li>USB-A-ulostulo: 2 porttia, 5V?2.4A, 12W Max per portti, yhteens\u00e4 24W<\/li>\n<li>AC-ulostulo: 3 porttia, puhdas siniaalto, 600W yhteens\u00e4 (X-Boost 1200W), 230V 50Hz\/60Hz<\/li>\n<li>Akkukemia: LFP<\/li>\n<li>Akun k\u00e4ytt\u00f6ik\u00e4: 80%+ kapasiteetti 3000 syklin j\u00e4lkeen<\/li>\n<li>K\u00e4ytt\u00f6l\u00e4mp\u00f6tila (purku): -10\u00b0C \u2013 45\u00b0C<\/li>\n<li>K\u00e4ytt\u00f6l\u00e4mp\u00f6tila (lataus): 0\u00b0C \u2013 45\u00b0C<\/li>\n<li>Optimaalinen k\u00e4ytt\u00f6l\u00e4mp\u00f6tila: 20\u00b0C \u2013 30\u00b0C<\/li>\n<li>Sovellusohjaus: Wi-Fi, Bluetooth<\/li>\n<\/ul>\n","protected":false},"excerpt":{"rendered":"<p><strong>EcoFlow River 3 Max Plus &#8211; River 3 Plus 286Wh ja lis\u00e4akku 572Wh (858Wh)<\/strong><\/p>\n<p><strong>Tehoa suuremmissa m\u00e4\u00e4rin \u2013 600 W jatkuvaa, jopa 1200 W hetkellist\u00e4 tehoa<\/strong><\/p>\n<p>River 3 Max Plus tarjoaa jopa 600 W jatkuvaa AC-tehoa, ja X-Boost-teknologian ansiosta voit k\u00e4ytt\u00e4\u00e4 jopa 1200 W laitteita \u2013 j\u00e4\u00e4kaapeista hiustenkuivaajiin ja s\u00e4hk\u00f6ty\u00f6kaluihin. Akkujen kokonaiskapasiteetti jopa 858 Wh riitt\u00e4\u00e4 monen tunnin k\u00e4ytt\u00f6\u00f6n.<\/p>\n","protected":false},"featured_media":5718,"comment_status":"open","ping_status":"closed","template":"","meta":[],"product_brand":[],"product_cat":[35,15,34],"product_tag":[],"class_list":{"0":"post-5712","1":"product","2":"type-product","3":"status-publish","4":"has-post-thumbnail","6":"product_cat-ess-ratkaisut","7":"product_cat-products","8":"product_cat-virta-asemat","9":"product_shipping_class-campaign-shipping","10":"pa_brands-ecoflow","12":"first","13":"instock","14":"taxable","15":"shipping-taxable","16":"purchasable","17":"product-type-variable"},"_links":{"self":[{"href":"https:\/\/texus.fi\/fi\/wp-json\/wp\/v2\/product\/5712","targetHints":{"allow":["GET"]}}],"collection":[{"href":"https:\/\/texus.fi\/fi\/wp-json\/wp\/v2\/product"}],"about":[{"href":"https:\/\/texus.fi\/fi\/wp-json\/wp\/v2\/types\/product"}],"replies":[{"embeddable":true,"href":"https:\/\/texus.fi\/fi\/wp-json\/wp\/v2\/comments?post=5712"}],"wp:featuredmedia":[{"embeddable":true,"href":"https:\/\/texus.fi\/fi\/wp-json\/wp\/v2\/media\/5718"}],"wp:attachment":[{"href":"https:\/\/texus.fi\/fi\/wp-json\/wp\/v2\/media?parent=5712"}],"wp:term":[{"taxonomy":"product_brand","embeddable":true,"href":"https:\/\/texus.fi\/fi\/wp-json\/wp\/v2\/product_brand?post=5712"},{"taxonomy":"product_cat","embeddable":true,"href":"https:\/\/texus.fi\/fi\/wp-json\/wp\/v2\/product_cat?post=5712"},{"taxonomy":"product_tag","embeddable":true,"href":"https:\/\/texus.fi\/fi\/wp-json\/wp\/v2\/product_tag?post=5712"}],"curies":[{"name":"wp","href":"https:\/\/api.w.org\/{rel}","templated":true}]}}