{"id":5725,"date":"2025-02-03T17:07:27","date_gmt":"2025-02-03T14:07:27","guid":{"rendered":"https:\/\/texus.fi\/?post_type=product&#038;p=5725"},"modified":"2026-03-22T13:52:08","modified_gmt":"2026-03-22T10:52:08","slug":"ecoflow-delta-2-laukku","status":"publish","type":"product","link":"https:\/\/texus.fi\/fi\/ecoflow-delta-2-laukku\/","title":{"rendered":"EcoFlow DELTA 2 Laukku"},"content":{"rendered":"<div class=\"col-12 col-lg-8 col-xl-9\">\n<div class=\"ProductPageContent__description\">\n<div class=\"WysiwygContent\">\n<p>EcoFlow DELTA 2 -vedenpit\u00e4v\u00e4 laukku s\u00e4ilytt\u00e4\u00e4 DELTA 2:n helppok\u00e4ytt\u00f6isyyden ja suojaa sit\u00e4 samalla vedelt\u00e4, roskilta ja vaurioilta matkan aikana.<\/p>\n<p><strong>Kohokohdat<\/strong><\/p>\n<p><strong>1.<\/strong>\u00a0Valmistettu kevyest\u00e4, vedenpit\u00e4v\u00e4st\u00e4 ja kulutusta kest\u00e4v\u00e4st\u00e4 materiaalista joka suojaa DELTA 2:ta s\u00e4\u00e4n vaikutuksilta tai matkalla tapahtuvilta kolhuilta ja naarmuilta.<\/p>\n<p>2. Suunniteltu suojaamaan ja samalla varmistamaan p\u00e4\u00e4sy kaikkiin pistorasioihin ja kantokahvaan. LCD-n\u00e4yt\u00f6n l\u00e4pin\u00e4kyv\u00e4n suojan ansiosta voit helposti seurata DELTA 2:ta ja suojata samalla n\u00e4ytt\u00f6\u00e4 naarmuilta.<\/p>\n<p><strong>Mit\u00e4 laatikossa on<\/strong><\/p>\n<p>EcoFlow DELTA 2 vedenpit\u00e4v\u00e4 laukku<\/p>\n<\/div>\n<\/div>\n<\/div>\n","protected":false},"excerpt":{"rendered":"<div class=\"col-12 col-lg-8 col-xl-9\">\n<div class=\"ProductPageContent__description\">\n<div class=\"WysiwygContent\">\n<p>EcoFlow DELTA 2 -vedenpit\u00e4v\u00e4 laukku s\u00e4ilytt\u00e4\u00e4 DELTA 2:n helppok\u00e4ytt\u00f6isyyden ja suojaa sit\u00e4 samalla vedelt\u00e4, roskilta ja vaurioilta matkan aikana.<\/p>\n<\/div>\n<\/div>\n<\/div>\n","protected":false},"featured_media":5727,"comment_status":"open","ping_status":"closed","template":"","meta":[],"product_brand":[],"product_cat":[35,15,34],"product_tag":[],"class_list":{"0":"post-5725","1":"product","2":"type-product","3":"status-publish","4":"has-post-thumbnail","6":"product_cat-ess-ratkaisut","7":"product_cat-products","8":"product_cat-virta-asemat","9":"product_shipping_class-campaign-shipping","10":"pa_brands-ecoflow","12":"first","13":"instock","14":"taxable","15":"shipping-taxable","16":"purchasable","17":"product-type-simple"},"_links":{"self":[{"href":"https:\/\/texus.fi\/fi\/wp-json\/wp\/v2\/product\/5725","targetHints":{"allow":["GET"]}}],"collection":[{"href":"https:\/\/texus.fi\/fi\/wp-json\/wp\/v2\/product"}],"about":[{"href":"https:\/\/texus.fi\/fi\/wp-json\/wp\/v2\/types\/product"}],"replies":[{"embeddable":true,"href":"https:\/\/texus.fi\/fi\/wp-json\/wp\/v2\/comments?post=5725"}],"wp:featuredmedia":[{"embeddable":true,"href":"https:\/\/texus.fi\/fi\/wp-json\/wp\/v2\/media\/5727"}],"wp:attachment":[{"href":"https:\/\/texus.fi\/fi\/wp-json\/wp\/v2\/media?parent=5725"}],"wp:term":[{"taxonomy":"product_brand","embeddable":true,"href":"https:\/\/texus.fi\/fi\/wp-json\/wp\/v2\/product_brand?post=5725"},{"taxonomy":"product_cat","embeddable":true,"href":"https:\/\/texus.fi\/fi\/wp-json\/wp\/v2\/product_cat?post=5725"},{"taxonomy":"product_tag","embeddable":true,"href":"https:\/\/texus.fi\/fi\/wp-json\/wp\/v2\/product_tag?post=5725"}],"curies":[{"name":"wp","href":"https:\/\/api.w.org\/{rel}","templated":true}]}}