{"id":5745,"date":"2025-02-05T14:58:17","date_gmt":"2025-02-05T11:58:17","guid":{"rendered":"https:\/\/texus.fi\/?post_type=product&#038;p=5745"},"modified":"2026-03-22T13:51:55","modified_gmt":"2026-03-22T10:51:55","slug":"ecoflow-wave-ikkunaventtiilisarja-autoon-magnetic","status":"publish","type":"product","link":"https:\/\/texus.fi\/fi\/ecoflow-wave-ikkunaventtiilisarja-autoon-magnetic\/","title":{"rendered":"EcoFlow Wave ikkunaventtiilisarja autoon (Magnetic)"},"content":{"rendered":"<div class=\"col-12 col-lg-8 col-xl-9\">\n<div class=\"ProductPageContent__description\">\n<div class=\"WysiwygContent\">\n<p>EcoFlow Wave ikkunaventtiilisarja autoon.<\/p>\n<p><strong>Kohokohdat:<\/strong><\/p>\n<ul>\n<li>Suunniteltu EcoFlow WAVE -kannettavien ilmastointilaitteiden sarjalle.<\/li>\n<li>Mitoillaan 650mm \u00d7 1060mm, sopii useimpiin ajoneuvoihin, mukaan lukien katumaasturit ja lava-autot.<\/li>\n<li>Magneettinen muotoilu mahdollistaa nopean asennuksen 5 sekunnissa.<\/li>\n<li>Vedenpit\u00e4v\u00e4 ja l\u00e4mm\u00f6nerist\u00e4v\u00e4, maksimoi j\u00e4\u00e4hdytys- ja l\u00e4mmitystehokkuuden.<\/li>\n<\/ul>\n<p><strong>Tekniset tiedot:<\/strong><\/p>\n<ul>\n<li>Mitat: 650mm \u00d7 1060mm<\/li>\n<li>Nettopaino: noin 450g<\/li>\n<li>Materiaalit: 20% PU-pinnoite, 74% polyesteri, 5% magneetti, 1% muuta materiaalia.<\/li>\n<\/ul>\n<\/div>\n<\/div>\n<\/div>\n","protected":false},"excerpt":{"rendered":"<p>EcoFlow Wave ikkunaventtiilisarja autoon.<\/p>\n<p><strong>Kohokohdat:<\/strong><\/p>\n<ul>\n<li>Suunniteltu EcoFlow WAVE -kannettavien ilmastointilaitteiden sarjalle.<\/li>\n<li>Mitoillaan 650mm \u00d7 1060mm, sopii useimpiin ajoneuvoihin, mukaan lukien katumaasturit ja lava-autot.<\/li>\n<li>Magneettinen muotoilu mahdollistaa nopean asennuksen 5 sekunnissa.<\/li>\n<li>Vedenpit\u00e4v\u00e4 ja l\u00e4mm\u00f6nerist\u00e4v\u00e4, maksimoi j\u00e4\u00e4hdytys- ja l\u00e4mmitystehokkuuden.<\/li>\n<\/ul>\n","protected":false},"featured_media":5746,"comment_status":"open","ping_status":"closed","template":"","meta":[],"product_brand":[],"product_cat":[35,15,34],"product_tag":[],"class_list":{"0":"post-5745","1":"product","2":"type-product","3":"status-publish","4":"has-post-thumbnail","6":"product_cat-ess-ratkaisut","7":"product_cat-products","8":"product_cat-virta-asemat","9":"product_shipping_class-campaign-shipping","10":"pa_brands-ecoflow","12":"first","13":"instock","14":"taxable","15":"shipping-taxable","16":"purchasable","17":"product-type-simple"},"_links":{"self":[{"href":"https:\/\/texus.fi\/fi\/wp-json\/wp\/v2\/product\/5745","targetHints":{"allow":["GET"]}}],"collection":[{"href":"https:\/\/texus.fi\/fi\/wp-json\/wp\/v2\/product"}],"about":[{"href":"https:\/\/texus.fi\/fi\/wp-json\/wp\/v2\/types\/product"}],"replies":[{"embeddable":true,"href":"https:\/\/texus.fi\/fi\/wp-json\/wp\/v2\/comments?post=5745"}],"wp:featuredmedia":[{"embeddable":true,"href":"https:\/\/texus.fi\/fi\/wp-json\/wp\/v2\/media\/5746"}],"wp:attachment":[{"href":"https:\/\/texus.fi\/fi\/wp-json\/wp\/v2\/media?parent=5745"}],"wp:term":[{"taxonomy":"product_brand","embeddable":true,"href":"https:\/\/texus.fi\/fi\/wp-json\/wp\/v2\/product_brand?post=5745"},{"taxonomy":"product_cat","embeddable":true,"href":"https:\/\/texus.fi\/fi\/wp-json\/wp\/v2\/product_cat?post=5745"},{"taxonomy":"product_tag","embeddable":true,"href":"https:\/\/texus.fi\/fi\/wp-json\/wp\/v2\/product_tag?post=5745"}],"curies":[{"name":"wp","href":"https:\/\/api.w.org\/{rel}","templated":true}]}}