{"id":5754,"date":"2025-02-05T15:09:52","date_gmt":"2025-02-05T12:09:52","guid":{"rendered":"https:\/\/texus.fi\/?post_type=product&#038;p=5754"},"modified":"2026-03-22T13:51:11","modified_gmt":"2026-03-22T10:51:11","slug":"ecoflow-next-gen-160w-taitettava-aurinkopaneeli","status":"publish","type":"product","link":"https:\/\/texus.fi\/fi\/ecoflow-next-gen-160w-taitettava-aurinkopaneeli\/","title":{"rendered":"EcoFlow Next Gen 160W taitettava aurinkopaneeli"},"content":{"rendered":"<p>Etsitk\u00f6 tehokasta, kevytt\u00e4 ja helposti mukana kulkevaa aurinkopaneelia retkille, m\u00f6kille tai virta-aseman rinnalle? EcoFlow NextGen 160 W on edistyksellinen kannettava aurinkopaneeli, joka yhdist\u00e4\u00e4 huipputeknologian ja k\u00e4yt\u00e4nn\u00f6llisyyden:<\/p>\n<h3>Huippuluokan hy\u00f6tysuhde \u2013 jopa 25 %:<\/h3>\n<p>Aurinkopaneelissa on k\u00e4yt\u00f6ss\u00e4 edistyksellinen TOPCon N-tyypin monokiteinen kenno. Paneelin hy\u00f6tysuhde on jopa 25 %.<\/p>\n<h3>S\u00e4\u00e4dett\u00e4v\u00e4 kulma ja aurinkokulmaohjain:<\/h3>\n<p>30\u201360 asteen s\u00e4\u00e4dett\u00e4v\u00e4 tuki ja integroitu aurinkokulmaohjain varmistavat, ett\u00e4 saat aina parhaan mahdollisen auringonvalon talteen.<\/p>\n<h3>IP68-luokiteltu \u2013 veden- ja p\u00f6lynkest\u00e4v\u00e4:<\/h3>\n<p>S\u00e4\u00e4nkest\u00e4v\u00e4 rakenne takaa toimivuuden my\u00f6s sateessa ja p\u00f6lyisiss\u00e4 olosuhteissa. Paneeli kest\u00e4\u00e4 my\u00f6s korkeita l\u00e4mp\u00f6tiloja ilman suorituskyvyn heikkenemist\u00e4.<\/p>\n","protected":false},"excerpt":{"rendered":"<p>Etsitk\u00f6 tehokasta, kevytt\u00e4 ja helposti mukana kulkevaa aurinkopaneelia retkille, m\u00f6kille tai virta-aseman rinnalle? EcoFlow NextGen 160 W on edistyksellinen kannettava aurinkopaneeli, joka yhdist\u00e4\u00e4 huipputeknologian ja k\u00e4yt\u00e4nn\u00f6llisyyden:<\/p>\n","protected":false},"featured_media":5757,"comment_status":"open","ping_status":"closed","template":"","meta":[],"product_brand":[],"product_cat":[27,15],"product_tag":[],"class_list":{"0":"post-5754","1":"product","2":"type-product","3":"status-publish","4":"has-post-thumbnail","6":"product_cat-aurinkopaneelit","7":"product_cat-products","8":"product_shipping_class-campaign-shipping","9":"pa_brands-ecoflow","11":"first","12":"instock","13":"taxable","14":"shipping-taxable","15":"purchasable","16":"product-type-simple"},"_links":{"self":[{"href":"https:\/\/texus.fi\/fi\/wp-json\/wp\/v2\/product\/5754","targetHints":{"allow":["GET"]}}],"collection":[{"href":"https:\/\/texus.fi\/fi\/wp-json\/wp\/v2\/product"}],"about":[{"href":"https:\/\/texus.fi\/fi\/wp-json\/wp\/v2\/types\/product"}],"replies":[{"embeddable":true,"href":"https:\/\/texus.fi\/fi\/wp-json\/wp\/v2\/comments?post=5754"}],"wp:featuredmedia":[{"embeddable":true,"href":"https:\/\/texus.fi\/fi\/wp-json\/wp\/v2\/media\/5757"}],"wp:attachment":[{"href":"https:\/\/texus.fi\/fi\/wp-json\/wp\/v2\/media?parent=5754"}],"wp:term":[{"taxonomy":"product_brand","embeddable":true,"href":"https:\/\/texus.fi\/fi\/wp-json\/wp\/v2\/product_brand?post=5754"},{"taxonomy":"product_cat","embeddable":true,"href":"https:\/\/texus.fi\/fi\/wp-json\/wp\/v2\/product_cat?post=5754"},{"taxonomy":"product_tag","embeddable":true,"href":"https:\/\/texus.fi\/fi\/wp-json\/wp\/v2\/product_tag?post=5754"}],"curies":[{"name":"wp","href":"https:\/\/api.w.org\/{rel}","templated":true}]}}