{"id":576,"date":"2024-07-18T15:08:36","date_gmt":"2024-07-18T12:08:36","guid":{"rendered":"https:\/\/texus.fi\/?post_type=product&#038;p=576"},"modified":"2025-03-05T14:21:46","modified_gmt":"2025-03-05T11:21:46","slug":"solyco-solon-pv-on-green-roofs","status":"publish","type":"product","link":"https:\/\/texus.fi\/fi\/solyco-solon-pv-on-green-roofs\/","title":{"rendered":"SOLYCO &#8211; SOLon &#8211; aurinkos\u00e4hk\u00f6 vihreill\u00e4 katoilla"},"content":{"rendered":"<div class=\"fusion-title title fusion-title-1 fusion-sep-none fusion-title-center fusion-title-text fusion-title-size-two\">\n<div class=\"fusion-title title fusion-title-1 fusion-sep-none fusion-title-center fusion-title-text fusion-title-size-two\">\n<h2><span data-sheets-root=\"1\">Viherkatot ja aurinkoenergia:<\/span><br \/>\n<span data-sheets-root=\"1\">Ihanteellinen yhdistelm\u00e4 SOLYCO SOLon kanssa<\/span><\/h2>\n<div class=\"fusion-text fusion-text-1\">\n<p><span data-sheets-root=\"1\">SOLYCO SOLonin avulla viherkattojen ja aurinkoenergian tuotannon todellinen symbioosi on vihdoin mahdollista. Kaikki viherkattojen edut s\u00e4ilyv\u00e4t rajoituksetta.<\/span><\/p>\n<p><strong><span data-sheets-root=\"1\">Aurinkopaneelit<\/span> <i class=\"fb-icon-element-1 fb-icon-element fontawesome-icon fa-check-circle fas circle-no fusion-text-flow\"><\/i><\/strong><\/p>\n<ul>\n<li><span data-sheets-root=\"1\">42 n-tyypin bifacial-puolikennoa<\/span><\/li>\n<li><span data-sheets-root=\"1\">L\u00e4pin\u00e4kyv\u00e4 kaksinkertainen lasi<\/span><\/li>\n<li><span data-sheets-root=\"1\">160Wp teho<\/span><\/li>\n<\/ul>\n<p><strong><span class=\"TextRun Underlined SCXW109955612 BCX8\" lang=\"DE-DE\" xml:lang=\"DE-DE\" data-contrast=\"auto\"><span class=\"NormalTextRun SCXW109955612 BCX8\"><span data-sheets-root=\"1\">Alusrakenne<\/span> <\/span><\/span><i class=\"fb-icon-element-2 fb-icon-element fontawesome-icon fa-check-circle fas circle-no fusion-text-flow\"><\/i><\/strong><\/p>\n<ul>\n<li><span data-sheets-root=\"1\">Pintakuorma 12-22kg\/m\u00b2<\/span><\/li>\n<li><span data-sheets-root=\"1\">Nopea ja helppo k\u00e4ytt\u00f6\u00f6notto<\/span><\/li>\n<li><span data-sheets-root=\"1\">Ei kattoon tunkeutumista<\/span><\/li>\n<\/ul>\n<p><strong><span data-sheets-root=\"1\">Kokonaisj\u00e4rjestelm\u00e4<\/span> <i class=\"fb-icon-element-3 fb-icon-element fontawesome-icon fa-check-circle fas circle-no fusion-text-flow\"><\/i><\/strong><\/p>\n<ul>\n<li><span data-sheets-root=\"1\">J\u00e4lkiasennettavissa kaikkiin olemassa oleviin viherkattoihin.<\/span><\/li>\n<li><span data-sheets-root=\"1\">Siet\u00e4\u00e4 osittaista varjostusta<\/span><\/li>\n<li><span data-sheets-root=\"1\">Teho kattopinta-alaa kohti: 100 W\/m\u00b2<\/span><\/li>\n<\/ul>\n<p><strong>Esite (tietolehti):<\/strong>\u00a0<a href=\"https:\/\/texus.fi\/wp-content\/uploads\/2024\/07\/DS-SOLYCO-SOLon_en.pdf\">DS-SOLYCO-SOLon_en<\/a><\/p>\n<\/div>\n<\/div>\n<\/div>\n<div class=\"fusion-text fusion-text-1\"><\/div>\n","protected":false},"excerpt":{"rendered":"<h2><span data-sheets-root=\"1\">Viherkatot ja aurinkoenergia:<\/span><br \/>\n<span data-sheets-root=\"1\">Ihanteellinen yhdistelm\u00e4 SOLYCO SOLon kanssa<\/span><\/h2>\n<div class=\"fusion-text fusion-text-1\">\n<p><span data-sheets-root=\"1\">SOLYCO SOLonin avulla viherkattojen ja aurinkoenergian tuotannon todellinen symbioosi on vihdoin mahdollista. Kaikki viherkattojen edut s\u00e4ilyv\u00e4t rajoituksetta.<\/span><\/p>\n<p><strong><span data-sheets-root=\"1\">Aurinkopaneelit<\/span> <i class=\"fb-icon-element-1 fb-icon-element fontawesome-icon fa-check-circle fas circle-no fusion-text-flow\"><\/i><\/strong><\/p>\n<ul>\n<li><span data-sheets-root=\"1\">42 n-tyypin bifacial-puolikennoa<\/span><\/li>\n<li><span data-sheets-root=\"1\">L\u00e4pin\u00e4kyv\u00e4 kaksinkertainen lasi<\/span><\/li>\n<li><span data-sheets-root=\"1\">160Wp teho<\/span><\/li>\n<\/ul>\n<p><strong><span class=\"TextRun Underlined SCXW109955612 BCX8\" lang=\"DE-DE\" xml:lang=\"DE-DE\" data-contrast=\"auto\"><span class=\"NormalTextRun SCXW109955612 BCX8\"><span data-sheets-root=\"1\">Alusrakenne<\/span> <\/span><\/span><i class=\"fb-icon-element-2 fb-icon-element fontawesome-icon fa-check-circle fas circle-no fusion-text-flow\"><\/i><\/strong><\/p>\n<ul>\n<li><span data-sheets-root=\"1\">Pintakuorma 12-22kg\/m\u00b2<\/span><\/li>\n<li><span data-sheets-root=\"1\">Nopea ja helppo k\u00e4ytt\u00f6\u00f6notto<\/span><\/li>\n<li><span data-sheets-root=\"1\">Ei kattoon tunkeutumista<\/span><\/li>\n<\/ul>\n<p><strong><span data-sheets-root=\"1\">Kokonaisj\u00e4rjestelm\u00e4<\/span> <i class=\"fb-icon-element-3 fb-icon-element fontawesome-icon fa-check-circle fas circle-no fusion-text-flow\"><\/i><\/strong><\/p>\n<ul>\n<li><span data-sheets-root=\"1\">J\u00e4lkiasennettavissa kaikkiin olemassa oleviin viherkattoihin.<\/span><\/li>\n<li><span data-sheets-root=\"1\">Siet\u00e4\u00e4 osittaista varjostusta<\/span><\/li>\n<li><span data-sheets-root=\"1\">Teho kattopinta-alaa kohti: 100 W\/m\u00b2<\/span><\/li>\n<\/ul>\n<\/div>\n","protected":false},"featured_media":3265,"comment_status":"open","ping_status":"closed","template":"","meta":[],"product_brand":[],"product_cat":[27,28,15],"product_tag":[],"class_list":{"0":"post-576","1":"product","2":"type-product","3":"status-publish","4":"has-post-thumbnail","6":"product_cat-aurinkopaneelit","7":"product_cat-bifacial","8":"product_cat-products","9":"pa_brands-solyco","11":"first","12":"onbackorder","13":"taxable","14":"shipping-taxable","15":"product-type-simple"},"_links":{"self":[{"href":"https:\/\/texus.fi\/fi\/wp-json\/wp\/v2\/product\/576","targetHints":{"allow":["GET"]}}],"collection":[{"href":"https:\/\/texus.fi\/fi\/wp-json\/wp\/v2\/product"}],"about":[{"href":"https:\/\/texus.fi\/fi\/wp-json\/wp\/v2\/types\/product"}],"replies":[{"embeddable":true,"href":"https:\/\/texus.fi\/fi\/wp-json\/wp\/v2\/comments?post=576"}],"wp:featuredmedia":[{"embeddable":true,"href":"https:\/\/texus.fi\/fi\/wp-json\/wp\/v2\/media\/3265"}],"wp:attachment":[{"href":"https:\/\/texus.fi\/fi\/wp-json\/wp\/v2\/media?parent=576"}],"wp:term":[{"taxonomy":"product_brand","embeddable":true,"href":"https:\/\/texus.fi\/fi\/wp-json\/wp\/v2\/product_brand?post=576"},{"taxonomy":"product_cat","embeddable":true,"href":"https:\/\/texus.fi\/fi\/wp-json\/wp\/v2\/product_cat?post=576"},{"taxonomy":"product_tag","embeddable":true,"href":"https:\/\/texus.fi\/fi\/wp-json\/wp\/v2\/product_tag?post=576"}],"curies":[{"name":"wp","href":"https:\/\/api.w.org\/{rel}","templated":true}]}}