{"id":5777,"date":"2025-02-07T15:21:15","date_gmt":"2025-02-07T12:21:15","guid":{"rendered":"https:\/\/texus.fi\/?post_type=product&#038;p=5777"},"modified":"2026-03-22T13:50:27","modified_gmt":"2026-03-22T10:50:27","slug":"ecoflow-shower-kit","status":"publish","type":"product","link":"https:\/\/texus.fi\/fi\/ecoflow-shower-kit\/","title":{"rendered":"EcoFlow Shower Kit"},"content":{"rendered":"<p>Ecoflow Shower kit<\/p>\n<ul>\n<li>Suihkupumppu ja kokoontaittuva \u00e4mp\u00e4ri, kevyt ja kannettava, k\u00e4tev\u00e4 ulkok\u00e4ytt\u00f6\u00f6n.<\/li>\n<li>Yhdess\u00e4 EcoFlow WAVE -sarjan kannettavan ilmastointilaitteen kanssa voit hy\u00f6dynt\u00e4\u00e4 WAVE:n lauhdevett\u00e4 autonpesuun, k\u00e4sienpesuun jne., t\u00e4ytt\u00e4en vedentarpeen ulkona tapahtuvissa h\u00e4t\u00e4tilanteissa.<\/li>\n<\/ul>\n","protected":false},"excerpt":{"rendered":"<p>Ecoflow Shower kit.<\/p>\n<ul>\n<li>Suihkupumppu ja kokoontaittuva \u00e4mp\u00e4ri, kevyt ja kannettava, k\u00e4tev\u00e4 ulkok\u00e4ytt\u00f6\u00f6n.<\/li>\n<li>Yhdess\u00e4 EcoFlow WAVE -sarjan kannettavan ilmastointilaitteen kanssa voit hy\u00f6dynt\u00e4\u00e4 WAVE:n lauhdevett\u00e4 autonpesuun, k\u00e4sienpesuun jne., t\u00e4ytt\u00e4en vedentarpeen ulkona tapahtuvissa h\u00e4t\u00e4tilanteissa.<\/li>\n<\/ul>\n","protected":false},"featured_media":5778,"comment_status":"open","ping_status":"closed","template":"","meta":[],"product_brand":[],"product_cat":[27,15],"product_tag":[],"class_list":{"0":"post-5777","1":"product","2":"type-product","3":"status-publish","4":"has-post-thumbnail","6":"product_cat-aurinkopaneelit","7":"product_cat-products","8":"product_shipping_class-campaign-shipping","9":"pa_brands-ecoflow","11":"first","12":"instock","13":"taxable","14":"shipping-taxable","15":"purchasable","16":"product-type-simple"},"_links":{"self":[{"href":"https:\/\/texus.fi\/fi\/wp-json\/wp\/v2\/product\/5777","targetHints":{"allow":["GET"]}}],"collection":[{"href":"https:\/\/texus.fi\/fi\/wp-json\/wp\/v2\/product"}],"about":[{"href":"https:\/\/texus.fi\/fi\/wp-json\/wp\/v2\/types\/product"}],"replies":[{"embeddable":true,"href":"https:\/\/texus.fi\/fi\/wp-json\/wp\/v2\/comments?post=5777"}],"wp:featuredmedia":[{"embeddable":true,"href":"https:\/\/texus.fi\/fi\/wp-json\/wp\/v2\/media\/5778"}],"wp:attachment":[{"href":"https:\/\/texus.fi\/fi\/wp-json\/wp\/v2\/media?parent=5777"}],"wp:term":[{"taxonomy":"product_brand","embeddable":true,"href":"https:\/\/texus.fi\/fi\/wp-json\/wp\/v2\/product_brand?post=5777"},{"taxonomy":"product_cat","embeddable":true,"href":"https:\/\/texus.fi\/fi\/wp-json\/wp\/v2\/product_cat?post=5777"},{"taxonomy":"product_tag","embeddable":true,"href":"https:\/\/texus.fi\/fi\/wp-json\/wp\/v2\/product_tag?post=5777"}],"curies":[{"name":"wp","href":"https:\/\/api.w.org\/{rel}","templated":true}]}}