{"id":5793,"date":"2025-02-07T15:49:18","date_gmt":"2025-02-07T12:49:18","guid":{"rendered":"https:\/\/texus.fi\/?post_type=product&#038;p=5793"},"modified":"2026-03-22T13:50:01","modified_gmt":"2026-03-22T10:50:01","slug":"ecoflow-wave-3-akku","status":"publish","type":"product","link":"https:\/\/texus.fi\/fi\/ecoflow-wave-3-akku\/","title":{"rendered":"EcoFlow Wave 3 Akku"},"content":{"rendered":"<div class=\"col-12 col-lg-8 col-xl-9\">\n<div class=\"ProductPageContent__description\">\n<div class=\"WysiwygContent\">\n<p><strong>EcoFlow Wave 3 Add-On Battery \u2013 Jopa 8 tuntia langatonta viilennyst\u00e4 ja l\u00e4mmityst\u00e4 miss\u00e4 tahansa<\/strong><\/p>\n<p>EcoFlow Wave 3 Add-On Battery on t\u00e4ydellinen kumppani EcoFlow Wave 3 -ilmastointilaitteelle, kun haluat t\u00e4yden liikkuvuuden ilman s\u00e4hk\u00f6verkkoa. T\u00e4m\u00e4 tehokas 1024Wh LFP-litiumakku mahdollistaa jopa 8 tuntia langatonta viilennyst\u00e4 tai l\u00e4mmityst\u00e4, olitpa m\u00f6kill\u00e4, retkell\u00e4, matkailuautossa tai veneess\u00e4.<\/p>\n<p>T\u00e4m\u00e4 kannettava lis\u00e4akku on suunniteltu erityisesti Wave 3:n kanssa yhteensopivaksi ja kiinnittyy laitteeseen saumattomasti. Unohda jatkojohdot ja pistorasioiden etsint\u00e4 \u2013 nyt voit k\u00e4ytt\u00e4\u00e4 ilmastointia t\u00e4ysin vapaasti ulkona tai liikkeell\u00e4 ollessasi.<\/p>\n<p>Wave 3 Add-On Battery k\u00e4ytt\u00e4\u00e4 LFP (LiFePO4) -kennoteknologiaa, joka on tunnettu pitk\u00e4st\u00e4 k\u00e4ytt\u00f6i\u00e4st\u00e4, vakaudesta ja turvallisuudesta. Sis\u00e4\u00e4nrakennettu akunhallintaj\u00e4rjestelm\u00e4 (BMS) varmistaa optimaalisen suorituskyvyn kaikissa olosuhteissa.<\/p>\n<p><strong>Monipuoliset latausvaihtoehdot<\/strong><\/p>\n<p>Lataa akku helposti miss\u00e4 tahansa:<\/p>\n<ul>\n<li>Verkkovirralla (AC) (max 700W)<\/li>\n<li>Auton 12\/24V pistokkeesta (max 100W)<\/li>\n<li>Aurinkopaneelilla (max 400W)<\/li>\n<li>Alternator Charger -laturilla (ajoneuvon laturista)<\/li>\n<\/ul>\n<p><strong>Ominaisuudet:<\/strong><\/p>\n<ul>\n<li>Kapasiteetti: 1024 Wh<\/li>\n<li>Kemiallinen tyyppi: LFP-litiumakku<\/li>\n<li>K\u00e4ytt\u00f6aika: Jopa 8 tuntia k\u00e4ytt\u00f6\u00e4 EcoFlow Wave 3:n kanssa<\/li>\n<li>Helppo kiinnitt\u00e4\u00e4 Wave 3 -ilmastointilaitteeseen<\/li>\n<li>Soveltuu liikkuvaan k\u00e4ytt\u00f6\u00f6n \u2013 ei vaadi pistorasiaa<\/li>\n<li>Kompakti ja kest\u00e4v\u00e4 rakenne ulkok\u00e4ytt\u00f6\u00f6n (IP65)<\/li>\n<\/ul>\n<\/div>\n<\/div>\n<\/div>\n","protected":false},"excerpt":{"rendered":"<p><strong>EcoFlow Wave 3 Add-On Battery \u2013 Jopa 8 tuntia langatonta viilennyst\u00e4 ja l\u00e4mmityst\u00e4 miss\u00e4 tahansa<\/strong><\/p>\n<p>EcoFlow Wave 3 Add-On Battery on t\u00e4ydellinen kumppani EcoFlow Wave 3 -ilmastointilaitteelle, kun haluat t\u00e4yden liikkuvuuden ilman s\u00e4hk\u00f6verkkoa. T\u00e4m\u00e4 tehokas 1024Wh LFP-litiumakku mahdollistaa jopa 8 tuntia langatonta viilennyst\u00e4 tai l\u00e4mmityst\u00e4, olitpa m\u00f6kill\u00e4, retkell\u00e4, matkailuautossa tai veneess\u00e4.<\/p>\n","protected":false},"featured_media":5794,"comment_status":"open","ping_status":"closed","template":"","meta":[],"product_brand":[],"product_cat":[35,15,34],"product_tag":[],"class_list":{"0":"post-5793","1":"product","2":"type-product","3":"status-publish","4":"has-post-thumbnail","6":"product_cat-ess-ratkaisut","7":"product_cat-products","8":"product_cat-virta-asemat","9":"product_shipping_class-campaign-shipping","10":"pa_brands-ecoflow","12":"first","13":"instock","14":"taxable","15":"shipping-taxable","16":"purchasable","17":"product-type-simple"},"_links":{"self":[{"href":"https:\/\/texus.fi\/fi\/wp-json\/wp\/v2\/product\/5793","targetHints":{"allow":["GET"]}}],"collection":[{"href":"https:\/\/texus.fi\/fi\/wp-json\/wp\/v2\/product"}],"about":[{"href":"https:\/\/texus.fi\/fi\/wp-json\/wp\/v2\/types\/product"}],"replies":[{"embeddable":true,"href":"https:\/\/texus.fi\/fi\/wp-json\/wp\/v2\/comments?post=5793"}],"wp:featuredmedia":[{"embeddable":true,"href":"https:\/\/texus.fi\/fi\/wp-json\/wp\/v2\/media\/5794"}],"wp:attachment":[{"href":"https:\/\/texus.fi\/fi\/wp-json\/wp\/v2\/media?parent=5793"}],"wp:term":[{"taxonomy":"product_brand","embeddable":true,"href":"https:\/\/texus.fi\/fi\/wp-json\/wp\/v2\/product_brand?post=5793"},{"taxonomy":"product_cat","embeddable":true,"href":"https:\/\/texus.fi\/fi\/wp-json\/wp\/v2\/product_cat?post=5793"},{"taxonomy":"product_tag","embeddable":true,"href":"https:\/\/texus.fi\/fi\/wp-json\/wp\/v2\/product_tag?post=5793"}],"curies":[{"name":"wp","href":"https:\/\/api.w.org\/{rel}","templated":true}]}}