{"id":5800,"date":"2025-10-14T09:17:18","date_gmt":"2025-10-14T06:17:18","guid":{"rendered":"https:\/\/texus.fi\/?post_type=product&#038;p=5800"},"modified":"2025-10-14T10:01:38","modified_gmt":"2025-10-14T07:01:38","slug":"brc-solar-tehonoptimoija-m600-e-power-optimizer","status":"publish","type":"product","link":"https:\/\/texus.fi\/fi\/brc-solar-tehonoptimoija-m600-e-power-optimizer\/","title":{"rendered":"BRC Solar &#8211; Tehonoptimoija M600-E &#8211; Power Optimizer"},"content":{"rendered":"<p><a href=\"https:\/\/texus.fi\/?attachment_id=4512\" rel=\"attachment wp-att-4512\"><img fetchpriority=\"high\" decoding=\"async\" class=\"aligncenter size-full wp-image-4512\" src=\"https:\/\/texus.fi\/wp-content\/uploads\/2025\/06\/Brc.png\" alt=\"\" width=\"1800\" height=\"1708\" srcset=\"https:\/\/texus.fi\/wp-content\/uploads\/2025\/06\/Brc.png 1800w, https:\/\/texus.fi\/wp-content\/uploads\/2025\/06\/Brc-300x285.png 300w, https:\/\/texus.fi\/wp-content\/uploads\/2025\/06\/Brc-1024x972.png 1024w, https:\/\/texus.fi\/wp-content\/uploads\/2025\/06\/Brc-768x729.png 768w, https:\/\/texus.fi\/wp-content\/uploads\/2025\/06\/Brc-1536x1457.png 1536w, https:\/\/texus.fi\/wp-content\/uploads\/2025\/06\/Brc-13x12.png 13w, https:\/\/texus.fi\/wp-content\/uploads\/2025\/06\/Brc-600x569.png 600w\" sizes=\"(max-width: 1800px) 100vw, 1800px\" \/><\/a><\/p>\n<p><span data-sheets-root=\"1\">Tilanteiden kuvaus Koska moduulit on kytketty sarjaan ja sarjakytkenn\u00e4ss\u00e4 kaikkien moduulien virta on vain yht\u00e4 suuri kuin huonoimman moduulin virta, koko aurinkokennoj\u00e4rjestelm\u00e4n tuotto laskee jyrk\u00e4sti varjostuksen, erilaisten suuntausten ja moduulien erilaisten kallistusten yhteydess\u00e4. Sarjakytkenn\u00e4n vuoksi edell\u00e4 punaisella merkityt moduulit tuottavat kaikki huomattavasti v\u00e4hemm\u00e4n virtaa.<\/span><\/p>\n<p><span data-sheets-root=\"1\">Ratkaisu on Power Optimizer M600-E BRC-optimoinnin avulla virta saadaan nostettua h\u00e4iri\u00f6alttiiden moduulien tasolle pienent\u00e4m\u00e4ll\u00e4 j\u00e4nnitett\u00e4 samassa suhteessa. Yll\u00e4 vihre\u00e4ll\u00e4 merkityt muut moduulit eiv\u00e4t en\u00e4\u00e4 hidastu, ja vaikutuksen kohteena olevien moduulien energia hy\u00f6dynnet\u00e4\u00e4n. Kuumien pisteiden muodostuminen v\u00e4ltet\u00e4\u00e4n ja saavutetaan suurin mahdollinen tuotto. N\u00e4in koko kattopinta-ala voidaan hy\u00f6dynt\u00e4\u00e4 optimaalisesti.<\/span><\/p>\n<p>Power Optimizer M600-E -yleiskatsaus<\/p>\n<p><span data-sheets-root=\"1\">&#8211; Maksimaalinen tuotto BRC-optimoijan patentoidun kytkent\u00e4toiminnon ansiosta, kun optimointia ei tarvita p\u00e4iv\u00e4n aikana <\/span><\/p>\n<p><span data-sheets-root=\"1\">&#8211; Ei tarvita kaikissa moduuleissa, vaan vain asianomaisissa moduuleissa <\/span><\/p>\n<p><span data-sheets-root=\"1\">&#8211; Riippumattomuus kaikista yleisimmist\u00e4 MPP-seurannalla varustetuista invertterimerkeist\u00e4 (ks. yhteensopiva invertteri -sivu kotisivuillamme) <\/span><\/p>\n<p><span data-sheets-root=\"1\">&#8211; Maksimaalinen hy\u00f6tysuhde Ultra Fast MPPT:n ansiosta (20 kertaa nopeampi kytkent\u00e4toiminto) <\/span><\/p>\n<p><span data-sheets-root=\"1\">&#8211; K\u00e4ytt\u00f6l\u00e4mp\u00f6tila-alue: -40 \u00b0C \u2013 +85 \u00b0C (-40 \u00b0F \u2013 +185 \u00b0F) <\/span><\/p>\n<p><span data-sheets-root=\"1\">&#8211; Helppo asennus o Plug &amp; Play (ilman ohjelmistoja, sovelluksia tms.) <\/span><\/p>\n<p><span data-sheets-root=\"1\">&#8211; Luotettava lopputuotanto Euroopassa o Yksik\u00e4\u00e4n BRC-optimi ei tule myyntiin ilman toimintatesti\u00e4 <\/span><\/p>\n<p><span data-sheets-root=\"1\">&#8211; Laadukkaat komponentit o Alkuper\u00e4inen MC4-pistoke valokaarivaaran est\u00e4miseksi o 6 mm\u00b2 kaapeli paremman l\u00e4mp\u00f6- ja EMC-kest\u00e4vyyden takaamiseksi o Vett\u00e4 hylkiv\u00e4 t\u00e4yskapselointi kosteuden tunkeutumisen est\u00e4miseksi <\/span><\/p>\n<p><span data-sheets-root=\"1\">&#8211; Ammattitaitoinen asiakaspalvelu (puhelimitse, s\u00e4hk\u00f6postitse ja tukilomakkeella kotisivuillamme) <\/span><\/p>\n<p><span data-sheets-root=\"1\">&#8211; Ei h\u00e4iritsev\u00e4\u00e4 radioyhteytt\u00e4.<\/span><\/p>\n<p>Lataukset:<\/p>\n<p><span style=\"color: #0000ff;\"><a style=\"color: #0000ff;\" href=\"https:\/\/texus.fi\/?attachment_id=5805\">Important instructions-M600-E<\/a><\/span><\/p>\n<p><span style=\"color: #0000ff;\"><a style=\"color: #0000ff;\" href=\"https:\/\/texus.fi\/?attachment_id=5806\">Power Optimizer M600-E Datasheet<\/a><\/span><\/p>\n","protected":false},"excerpt":{"rendered":"<p class=\"p1\">Yksinkertaisin ja e<span class=\"s1\">\ufb03<\/span>cient optimoija jokaiseen sovellukseen.<\/p>\n<p><span data-sheets-root=\"1\">Maksimaalinen tehokkuus ja huippulaatu M600-E:ll\u00e4<\/span><\/p>\n<p><span data-sheets-root=\"1\">Maksimituotto<\/span><\/p>\n<p><span data-sheets-root=\"1\">Pitk\u00e4ik\u00e4inen elektroniikka<\/span><\/p>\n<p><span data-sheets-root=\"1\">Yksinkertainen asennus<\/span><\/p>\n<p><span data-sheets-root=\"1\">Invertterist\u00e4 riippumaton<\/span><\/p>\n","protected":false},"featured_media":5804,"comment_status":"open","ping_status":"closed","template":"","meta":[],"product_brand":[],"product_cat":[161,15],"product_tag":[],"class_list":{"0":"post-5800","1":"product","2":"type-product","3":"status-publish","4":"has-post-thumbnail","6":"product_cat-power-optimizer","7":"product_cat-products","8":"product_shipping_class-campaign-shipping","9":"pa_brands-brc","11":"first","12":"instock","13":"sale","14":"taxable","15":"shipping-taxable","16":"purchasable","17":"product-type-simple"},"_links":{"self":[{"href":"https:\/\/texus.fi\/fi\/wp-json\/wp\/v2\/product\/5800","targetHints":{"allow":["GET"]}}],"collection":[{"href":"https:\/\/texus.fi\/fi\/wp-json\/wp\/v2\/product"}],"about":[{"href":"https:\/\/texus.fi\/fi\/wp-json\/wp\/v2\/types\/product"}],"replies":[{"embeddable":true,"href":"https:\/\/texus.fi\/fi\/wp-json\/wp\/v2\/comments?post=5800"}],"wp:featuredmedia":[{"embeddable":true,"href":"https:\/\/texus.fi\/fi\/wp-json\/wp\/v2\/media\/5804"}],"wp:attachment":[{"href":"https:\/\/texus.fi\/fi\/wp-json\/wp\/v2\/media?parent=5800"}],"wp:term":[{"taxonomy":"product_brand","embeddable":true,"href":"https:\/\/texus.fi\/fi\/wp-json\/wp\/v2\/product_brand?post=5800"},{"taxonomy":"product_cat","embeddable":true,"href":"https:\/\/texus.fi\/fi\/wp-json\/wp\/v2\/product_cat?post=5800"},{"taxonomy":"product_tag","embeddable":true,"href":"https:\/\/texus.fi\/fi\/wp-json\/wp\/v2\/product_tag?post=5800"}],"curies":[{"name":"wp","href":"https:\/\/api.w.org\/{rel}","templated":true}]}}