{"id":5886,"date":"2024-08-10T09:48:59","date_gmt":"2024-08-10T06:48:59","guid":{"rendered":"https:\/\/texus.fi\/?post_type=product&#038;p=5886"},"modified":"2025-12-10T09:58:21","modified_gmt":"2025-12-10T06:58:21","slug":"aiko-neostar-2p-470w","status":"publish","type":"product","link":"https:\/\/texus.fi\/fi\/aiko-neostar-2p-470w\/","title":{"rendered":"AIKO Neostar 2P &#8211; 470W"},"content":{"rendered":"<ul>\n<li>15 vuoden tuotetakuu ja 30 vuoden suorituskykytakuu<\/li>\n<li>Parempi l\u00e4mp\u00f6tilakerroin: -0,26 %\/\u00b0C<\/li>\n<li>Asennuskapasiteetin maksimointi, Osittainen varjostuksen optimointi<\/li>\n<li>Korkea l\u00e4mp\u00f6tilankesto ja suurempi mikrohalkeamien kest\u00e4vyys, v\u00e4hent\u00e4\u00e4 moduulin vikaantuvuutta<\/li>\n<\/ul>\n","protected":false},"excerpt":{"rendered":"<ul>\n<li>15 vuoden tuotetakuu ja 30 vuoden suorituskykytakuu<\/li>\n<li>Parempi l\u00e4mp\u00f6tilakerroin: -0,26 %\/\u00b0C<\/li>\n<li>Asennuskapasiteetin maksimointi, Osittainen varjostuksen optimointi<\/li>\n<li>Korkea l\u00e4mp\u00f6tilankesto ja suurempi mikrohalkeamien kest\u00e4vyys, v\u00e4hent\u00e4\u00e4 moduulin vikaantuvuutta<\/li>\n<\/ul>\n","protected":false},"featured_media":5890,"comment_status":"open","ping_status":"closed","template":"","meta":[],"product_brand":[],"product_cat":[27,29,15],"product_tag":[],"class_list":{"0":"post-5886","1":"product","2":"type-product","3":"status-publish","4":"has-post-thumbnail","6":"product_cat-aurinkopaneelit","7":"product_cat-monofacial","8":"product_cat-products","9":"product_shipping_class-standard-delivery","10":"pa_brands-aiko","12":"first","13":"instock","14":"taxable","15":"shipping-taxable","16":"purchasable","17":"product-type-simple"},"_links":{"self":[{"href":"https:\/\/texus.fi\/fi\/wp-json\/wp\/v2\/product\/5886","targetHints":{"allow":["GET"]}}],"collection":[{"href":"https:\/\/texus.fi\/fi\/wp-json\/wp\/v2\/product"}],"about":[{"href":"https:\/\/texus.fi\/fi\/wp-json\/wp\/v2\/types\/product"}],"replies":[{"embeddable":true,"href":"https:\/\/texus.fi\/fi\/wp-json\/wp\/v2\/comments?post=5886"}],"wp:featuredmedia":[{"embeddable":true,"href":"https:\/\/texus.fi\/fi\/wp-json\/wp\/v2\/media\/5890"}],"wp:attachment":[{"href":"https:\/\/texus.fi\/fi\/wp-json\/wp\/v2\/media?parent=5886"}],"wp:term":[{"taxonomy":"product_brand","embeddable":true,"href":"https:\/\/texus.fi\/fi\/wp-json\/wp\/v2\/product_brand?post=5886"},{"taxonomy":"product_cat","embeddable":true,"href":"https:\/\/texus.fi\/fi\/wp-json\/wp\/v2\/product_cat?post=5886"},{"taxonomy":"product_tag","embeddable":true,"href":"https:\/\/texus.fi\/fi\/wp-json\/wp\/v2\/product_tag?post=5886"}],"curies":[{"name":"wp","href":"https:\/\/api.w.org\/{rel}","templated":true}]}}