{"id":5911,"date":"2025-01-23T13:16:09","date_gmt":"2025-01-23T10:16:09","guid":{"rendered":"https:\/\/texus.fi\/?post_type=product&#038;p=5911"},"modified":"2026-01-23T13:19:20","modified_gmt":"2026-01-23T10:19:20","slug":"ecoflow-500w-alternator-charger","status":"publish","type":"product","link":"https:\/\/texus.fi\/fi\/ecoflow-500w-alternator-charger\/","title":{"rendered":"EcoFlow 500W Alternator Charger"},"content":{"rendered":"<p><strong>EcoFlow Alternator Charger<\/strong>. Alternator Charger 500W tarjoaa jopa viisi kertaa nopeamman latauksen perinteiseen tupakansytytinlaturiin verrattuna. T\u00e4m\u00e4 laturi kytket\u00e4\u00e4n suoraan auton omaan akkuun, jolloin latausteho tulee auton omasta laturista.<\/p>\n<p>Yhteensopiva mm. seuraavien varavirtal\u00e4hteiden kanssa:<\/p>\n<p>EcoFlow River -sarja<br \/>\nEcoFlow Delta -sarja<br \/>\nEcoFlow Delta Pro -sarja<br \/>\nEcoFlow Wave -sarja<br \/>\nEcoFlow Glacier -sarja<\/p>\n<p>Pakkaus sis\u00e4lt\u00e4\u00e4 kaiken asennukseen tarvittavan.<\/p>\n","protected":false},"excerpt":{"rendered":"<p><strong>EcoFlow Alternator Charger<\/strong>. Alternator Charger 500W tarjoaa jopa viisi kertaa nopeamman latauksen perinteiseen tupakansytytinlaturiin verrattuna. T\u00e4m\u00e4 laturi kytket\u00e4\u00e4n suoraan auton omaan akkuun, jolloin latausteho tulee auton omasta laturista.<\/p>\n","protected":false},"featured_media":5912,"comment_status":"open","ping_status":"closed","template":"","meta":[],"product_brand":[],"product_cat":[35,15,34],"product_tag":[],"class_list":{"0":"post-5911","1":"product","2":"type-product","3":"status-publish","4":"has-post-thumbnail","6":"product_cat-ess-ratkaisut","7":"product_cat-products","8":"product_cat-virta-asemat","9":"product_shipping_class-campaign-shipping","10":"pa_brands-ecoflow","12":"first","13":"instock","14":"taxable","15":"shipping-taxable","16":"purchasable","17":"product-type-simple"},"_links":{"self":[{"href":"https:\/\/texus.fi\/fi\/wp-json\/wp\/v2\/product\/5911","targetHints":{"allow":["GET"]}}],"collection":[{"href":"https:\/\/texus.fi\/fi\/wp-json\/wp\/v2\/product"}],"about":[{"href":"https:\/\/texus.fi\/fi\/wp-json\/wp\/v2\/types\/product"}],"replies":[{"embeddable":true,"href":"https:\/\/texus.fi\/fi\/wp-json\/wp\/v2\/comments?post=5911"}],"wp:featuredmedia":[{"embeddable":true,"href":"https:\/\/texus.fi\/fi\/wp-json\/wp\/v2\/media\/5912"}],"wp:attachment":[{"href":"https:\/\/texus.fi\/fi\/wp-json\/wp\/v2\/media?parent=5911"}],"wp:term":[{"taxonomy":"product_brand","embeddable":true,"href":"https:\/\/texus.fi\/fi\/wp-json\/wp\/v2\/product_brand?post=5911"},{"taxonomy":"product_cat","embeddable":true,"href":"https:\/\/texus.fi\/fi\/wp-json\/wp\/v2\/product_cat?post=5911"},{"taxonomy":"product_tag","embeddable":true,"href":"https:\/\/texus.fi\/fi\/wp-json\/wp\/v2\/product_tag?post=5911"}],"curies":[{"name":"wp","href":"https:\/\/api.w.org\/{rel}","templated":true}]}}