{"id":5913,"date":"2024-06-26T10:43:02","date_gmt":"2024-06-26T07:43:02","guid":{"rendered":"https:\/\/texus.fi\/?post_type=product&#038;p=5913"},"modified":"2026-01-30T14:47:57","modified_gmt":"2026-01-30T11:47:57","slug":"ecoflow-delta-3-max-virta-asema","status":"publish","type":"product","link":"https:\/\/texus.fi\/fi\/ecoflow-delta-3-max-virta-asema\/","title":{"rendered":"EcoFlow Delta 3 Max virta-asema"},"content":{"rendered":"<div>EcoFlow DELTA 3 Max tarjoaa luotettavaa virtaa 2048Wh:n kapasiteetilla ja 2400W:n jatkuvalla AC-teholla, tehden siit\u00e4 erinomaisen valinnan kotiin, ty\u00f6maalle tai pidemmille ulkoiluseikkailuille. Laitteesta l\u00f6ytyy eritt\u00e4in nopea UPS-toiminto (alle 10 ms), joka pit\u00e4\u00e4 t\u00e4rke\u00e4t laitteesi k\u00e4ynniss\u00e4 ilman katkoksia. AC-pikalatauksella lataat virtal\u00e4hteen t\u00e4yteen parhaillaan 68 minuutissa.<\/div>\n<div><\/div>\n<div>Laite tarjoaa eritt\u00e4in monipuoliset liit\u00e4nt\u00e4mahdollisuudet: nelj\u00e4 AC-pistorasiaa, kolme USB-C-porttia (jopa 100 W), yksi USB-A-portti sek\u00e4 12V -ulostulot auto- ja retkeilyvarusteille. DELTA 3 Max k\u00e4ytt\u00e4\u00e4 LFP-akkua, joka tarjoaa pitk\u00e4n k\u00e4ytt\u00f6i\u00e4n ja se voidaan ladata verkkovirralla, aurinkopaneeleilla tai suoraan ajoneuvosta.<\/div>\n<div><\/div>\n<div>\n<p>EcoFlow-sovelluksen avulla hallitset energiankulutusta, aikatauluja ja \u00e4lykk\u00e4it\u00e4 k\u00e4ytt\u00f6tiloja helposti. Suuresta kapasiteetistaan huolimatta laite on kuitenkin helposti kuljetettava, sill\u00e4 sen paino on noin 20,3 kg ja mitat noin 494 \u00d7 239 \u00d7 305 mm \u2013 tehokasta virtaa, jonka voit ottaa mukaasi minne tahansa.<\/p>\n<p>Tekniset tiedot:<\/p>\n<div>Akkutyyppi:\u00a0LiFePO (LFP)<\/div>\n<div>Akun kapasiteetti:\u00a02048Wh (ei laajennettavissa lis\u00e4akulla)<\/div>\n<div>Akun k\u00e4ytt\u00f6ik\u00e4:\u00a0jopa 4000 lataussykli\u00e4 (80 % kapasiteettiin)<\/div>\n<div>Invertteri:\u00a0puhdas siniaalto<\/div>\n<div>AC-ulostulo:\u00a04x 230 V<\/div>\n<div>AC-teho:\u00a0korkea jatkuva teho vaativille laitteille<\/div>\n<div>X-Boost-tuki:\u00a0mahdollistaa hetkellisesti suuremman tehon laitteille (3200W)<\/div>\n<div>USB-ulostulot:\u00a01x USB-A ja 3x USB-C (pikalataus)<\/div>\n<div>DC-ulostulot:\u00a012 V (esim. auto- ja j\u00e4\u00e4kaappik\u00e4ytt\u00f6\u00f6n)<\/div>\n<div>Lataustavat:\u00a0Verkkovirta, aurinkopaneeli tai autolataus<\/div>\n<div>Pikalataus:\u00a0EcoFlow X-Stream -teknologia<\/div>\n<div>Aurinkolatauksen tuki:\u00a0kyll\u00e4 (max. 500W)<\/div>\n<div>\u00c4lyk\u00e4s ohjaus:\u00a0EcoFlow-sovellus (Wi-Fi &amp; Bluetooth)<\/div>\n<div>K\u00e4ytt\u00f6melu:\u00a0eritt\u00e4in hiljainen &lt;25dB (alle 600w kuormalla)<\/div>\n<div>Turvallisuus:\u00a0monitasoinen akun ja virran suojaus<\/div>\n<div>K\u00e4ytt\u00f6kohteet:\u00a0koti, m\u00f6kki, varavirta, retkeily, matkailuauto, ty\u00f6maa<\/div>\n<\/div>\n","protected":false},"excerpt":{"rendered":"<div><strong>EcoFlow DELTA 3 Max<\/strong> tarjoaa luotettavaa virtaa 2048Wh:n kapasiteetilla ja 2400W:n jatkuvalla AC-teholla, tehden siit\u00e4 erinomaisen valinnan kotiin, ty\u00f6maalle tai pidemmille ulkoiluseikkailuille. Laitteesta l\u00f6ytyy eritt\u00e4in nopea UPS-toiminto (alle 10 ms), joka pit\u00e4\u00e4 t\u00e4rke\u00e4t laitteesi k\u00e4ynniss\u00e4 ilman katkoksia. AC-pikalatauksella lataat virtal\u00e4hteen t\u00e4yteen parhaillaan 68 minuutissa.<\/div>\n<div><\/div>\n<div>Laite tarjoaa eritt\u00e4in monipuoliset liit\u00e4nt\u00e4mahdollisuudet: nelj\u00e4 AC-pistorasiaa, kolme USB-C-porttia (jopa 100 W), yksi USB-A-portti sek\u00e4 12V -ulostulot auto- ja retkeilyvarusteille. DELTA 3 Max k\u00e4ytt\u00e4\u00e4 LFP-akkua, joka tarjoaa pitk\u00e4n k\u00e4ytt\u00f6i\u00e4n ja se voidaan ladata verkkovirralla, aurinkopaneeleilla tai suoraan ajoneuvosta.<\/div>\n","protected":false},"featured_media":5920,"comment_status":"open","ping_status":"closed","template":"","meta":[],"product_brand":[],"product_cat":[35,121,15,34],"product_tag":[],"class_list":{"0":"post-5913","1":"product","2":"type-product","3":"status-publish","4":"has-post-thumbnail","6":"product_cat-ess-ratkaisut","7":"product_cat-muut-tuotteet","8":"product_cat-products","9":"product_cat-virta-asemat","10":"product_shipping_class-campaign-shipping","11":"pa_brands-ecoflow","13":"first","14":"instock","15":"taxable","16":"shipping-taxable","17":"purchasable","18":"product-type-simple"},"_links":{"self":[{"href":"https:\/\/texus.fi\/fi\/wp-json\/wp\/v2\/product\/5913","targetHints":{"allow":["GET"]}}],"collection":[{"href":"https:\/\/texus.fi\/fi\/wp-json\/wp\/v2\/product"}],"about":[{"href":"https:\/\/texus.fi\/fi\/wp-json\/wp\/v2\/types\/product"}],"replies":[{"embeddable":true,"href":"https:\/\/texus.fi\/fi\/wp-json\/wp\/v2\/comments?post=5913"}],"wp:featuredmedia":[{"embeddable":true,"href":"https:\/\/texus.fi\/fi\/wp-json\/wp\/v2\/media\/5920"}],"wp:attachment":[{"href":"https:\/\/texus.fi\/fi\/wp-json\/wp\/v2\/media?parent=5913"}],"wp:term":[{"taxonomy":"product_brand","embeddable":true,"href":"https:\/\/texus.fi\/fi\/wp-json\/wp\/v2\/product_brand?post=5913"},{"taxonomy":"product_cat","embeddable":true,"href":"https:\/\/texus.fi\/fi\/wp-json\/wp\/v2\/product_cat?post=5913"},{"taxonomy":"product_tag","embeddable":true,"href":"https:\/\/texus.fi\/fi\/wp-json\/wp\/v2\/product_tag?post=5913"}],"curies":[{"name":"wp","href":"https:\/\/api.w.org\/{rel}","templated":true}]}}