{"id":5933,"date":"2024-06-26T11:08:32","date_gmt":"2024-06-26T08:08:32","guid":{"rendered":"https:\/\/texus.fi\/?post_type=product&#038;p=5933"},"modified":"2026-01-30T14:47:33","modified_gmt":"2026-01-30T11:47:33","slug":"ecoflow-delta-3-max-plus-extra-battery","status":"publish","type":"product","link":"https:\/\/texus.fi\/fi\/ecoflow-delta-3-max-plus-extra-battery\/","title":{"rendered":"EcoFlow Delta 3 Max Plus Extra Battery"},"content":{"rendered":"<p class=\"pf0\"><strong><span class=\"cf0\">EcoFlow<\/span><span class=\"cf0\">\u00a0Delta 3 Max Plus Extra\u00a0<\/span><span class=\"cf0\">Battery<\/span><\/strong><span class=\"cf1\">\u00a0on t\u00e4ydellinen lis\u00e4akku, kun haluat kasvattaa\u00a0<\/span><span class=\"cf1\">EcoFlow<\/span><span class=\"cf1\">\u00a0Delta 3 Max Plus -virta-asemasi kapasiteettia. Lis\u00e4akun avulla saat merkitt\u00e4v\u00e4sti pidemm\u00e4n (2048Wh) k\u00e4ytt\u00f6ajan niin kotiin, m\u00f6kille, matkailuun kuin varavirtaratkaisuksi s\u00e4hk\u00f6katkosten varalle.<\/span><\/p>\n<p class=\"pf0\"><span class=\"cf1\">T\u00e4m\u00e4 lis\u00e4akku on suunniteltu saumattomaan yhteensopivuuteen\u00a0<\/span><span class=\"cf1\">EcoFlow<\/span><span class=\"cf1\">\u00a0Delta 3 Max Plus -laitteen kanssa. Kytkent\u00e4 on nopeaa ja vaivatonta\u00a0<\/span><span class=\"cf2\">\u2013 ei monimutkaisia asennuksia tai lis<\/span><span class=\"cf1\">\u00e4asetuksia. Kun tarvitset enemm\u00e4n energiaa, t\u00e4m\u00e4 on fiksu ja skaalautuva ratkaisu.<br \/>\n<\/span><br \/>\n<strong>Tekniset tiedot:<\/strong><\/p>\n<p class=\"pf0\"><span class=\"cf0\">Kapasiteetti:<\/span><span class=\"cf1\">\u00a02048Wh<\/span><\/p>\n<p class=\"pf0\"><span class=\"cf0\">Akkuteknologia:<\/span><span class=\"cf1\">\u00a0LFP<\/span><\/p>\n<p class=\"pf0\"><span class=\"cf0\">Mitat:<\/span><span class=\"cf1\">\u00a0494x196x196mm<\/span><\/p>\n<p class=\"pf0\"><span class=\"cf0\">Paino:<\/span><span class=\"cf1\">\u00a016kg<\/span><\/p>\n<p class=\"pf0\"><span class=\"cf0\">Latausl\u00e4mp\u00f6tila:<\/span><span class=\"cf1\">\u00a00-45 C<\/span><\/p>\n<p class=\"pf0\"><span class=\"cf0\">Purku-\/k\u00e4ytt\u00f6l\u00e4mp\u00f6tila:<\/span><span class=\"cf1\">\u00a0-10-45 C<\/span><\/p>\n<p class=\"pf0\"><span class=\"cf0\">S\u00e4ilytysl\u00e4mp\u00f6tila:<\/span><span class=\"cf1\">\u00a0-10-45 C<\/span><\/p>\n<p class=\"pf0\"><span class=\"cf1\">Pakkauksen sis\u00e4lt\u00f6:\u00a0<\/span><span class=\"cf1\">EcoFlow<\/span><span class=\"cf1\">\u00a0Delta 3 Max Plus Extra\u00a0<\/span><span class=\"cf1\">Battery<\/span><span class=\"cf1\">, Extra\u00a0<\/span><span class=\"cf1\">Battery<\/span><span class=\"cf1\">\u00a0-kaapeli<\/span><span class=\"cf1\">, k\u00e4ytt\u00f6ohjeet ja takuutiedot<\/span><\/p>\n","protected":false},"excerpt":{"rendered":"<p class=\"pf0\"><strong><span class=\"cf0\">EcoFlow<\/span><span class=\"cf0\">\u00a0Delta 3 Max Plus Extra\u00a0<\/span><span class=\"cf0\">Battery<\/span><\/strong><span class=\"cf1\">\u00a0on t\u00e4ydellinen lis\u00e4akku, kun haluat kasvattaa\u00a0<\/span><span class=\"cf1\">EcoFlow<\/span><span class=\"cf1\">\u00a0Delta 3 Max Plus -virta-asemasi kapasiteettia. Lis\u00e4akun avulla saat merkitt\u00e4v\u00e4sti pidemm\u00e4n (2048Wh) k\u00e4ytt\u00f6ajan niin kotiin, m\u00f6kille, matkailuun kuin varavirtaratkaisuksi s\u00e4hk\u00f6katkosten varalle.<\/span><\/p>\n<p class=\"pf0\"><span class=\"cf1\">T\u00e4m\u00e4 lis\u00e4akku on suunniteltu saumattomaan yhteensopivuuteen\u00a0<\/span><span class=\"cf1\">EcoFlow<\/span><span class=\"cf1\">\u00a0Delta 3 Max Plus -laitteen kanssa. Kytkent\u00e4 on nopeaa ja vaivatonta\u00a0<\/span><span class=\"cf2\">\u2013 ei monimutkaisia asennuksia tai lis<\/span><span class=\"cf1\">\u00e4asetuksia. Kun tarvitset enemm\u00e4n energiaa, t\u00e4m\u00e4 on fiksu ja skaalautuva ratkaisu.<\/span><\/p>\n","protected":false},"featured_media":5936,"comment_status":"open","ping_status":"closed","template":"","meta":[],"product_brand":[],"product_cat":[35,121,15,34],"product_tag":[],"class_list":{"0":"post-5933","1":"product","2":"type-product","3":"status-publish","4":"has-post-thumbnail","6":"product_cat-ess-ratkaisut","7":"product_cat-muut-tuotteet","8":"product_cat-products","9":"product_cat-virta-asemat","10":"product_shipping_class-campaign-shipping","11":"pa_brands-ecoflow","13":"first","14":"instock","15":"taxable","16":"shipping-taxable","17":"purchasable","18":"product-type-simple"},"_links":{"self":[{"href":"https:\/\/texus.fi\/fi\/wp-json\/wp\/v2\/product\/5933","targetHints":{"allow":["GET"]}}],"collection":[{"href":"https:\/\/texus.fi\/fi\/wp-json\/wp\/v2\/product"}],"about":[{"href":"https:\/\/texus.fi\/fi\/wp-json\/wp\/v2\/types\/product"}],"replies":[{"embeddable":true,"href":"https:\/\/texus.fi\/fi\/wp-json\/wp\/v2\/comments?post=5933"}],"wp:featuredmedia":[{"embeddable":true,"href":"https:\/\/texus.fi\/fi\/wp-json\/wp\/v2\/media\/5936"}],"wp:attachment":[{"href":"https:\/\/texus.fi\/fi\/wp-json\/wp\/v2\/media?parent=5933"}],"wp:term":[{"taxonomy":"product_brand","embeddable":true,"href":"https:\/\/texus.fi\/fi\/wp-json\/wp\/v2\/product_brand?post=5933"},{"taxonomy":"product_cat","embeddable":true,"href":"https:\/\/texus.fi\/fi\/wp-json\/wp\/v2\/product_cat?post=5933"},{"taxonomy":"product_tag","embeddable":true,"href":"https:\/\/texus.fi\/fi\/wp-json\/wp\/v2\/product_tag?post=5933"}],"curies":[{"name":"wp","href":"https:\/\/api.w.org\/{rel}","templated":true}]}}