{"id":5960,"date":"2025-01-29T17:28:17","date_gmt":"2025-01-29T14:28:17","guid":{"rendered":"https:\/\/texus.fi\/?post_type=product&#038;p=5960"},"modified":"2026-01-29T17:31:50","modified_gmt":"2026-01-29T14:31:50","slug":"malmbergs-tyomaalatausasema-evon-bygg-2x11kw-32a-pistorasiat-type-2-ip54","status":"publish","type":"product","link":"https:\/\/texus.fi\/fi\/malmbergs-tyomaalatausasema-evon-bygg-2x11kw-32a-pistorasiat-type-2-ip54\/","title":{"rendered":"Malmbergs &#8211; Ty\u00f6maalatausasema Evon Bygg, 2x11kW, 32A, pistorasiat, Type 2, IP54"},"content":{"rendered":"<div class=\"tabs-panel panel-smart\">\n<div class=\"tab-content clearfix\">\n<div id=\"tab-description\" class=\"tab-pane active\">\n<div class=\"tabs-panel panel-smart\">\n<div class=\"tab-content clearfix\">\n<div id=\"tab-description\" class=\"tab-pane active\">\n<p>Latausasema EVON DUAL 2x11kW \/ 1x22kW asennettuna kaappiin on suunniteltu erityisesti sujuvaan lataamiseen ty\u00f6maaymp\u00e4rist\u00f6iss\u00e4. Ominaisuuksina kuormanhallinta, kulutuksenseuranta ja paljon muuta. Lataus aloitetaan RFID-kortilla, Evchargo-sovelluksella tai heti, kun latauskaapeli yhdistet\u00e4\u00e4n ajoneuvoon. Sis\u00e4\u00e4nrakennettu tyypin A 30mA henkil\u00f6suoja 6mA tasavirtatunnistuksella. Hallinta WiFi-, 4G-, ethernet- tai Bluetooth-yhteydell\u00e4. Edess\u00e4 oleva merkkivalo osoittaa selv\u00e4sti lataustilan eri v\u00e4reill\u00e4 (punainen, keltainen, vihre\u00e4).<br \/>\nKaappi on polttomaalattua galvanoitua ter\u00e4st\u00e4 ruostumattomasta ter\u00e4ksest\u00e4 valmistetuilla, kokoontaitettavilla jaloilla. Helppo varastoida. Mukana 2 m pistotulpallinen liitoskaapeli 32A pistorasiaan.<\/p>\n<\/div>\n<\/div>\n<\/div>\n<\/div>\n<\/div>\n<\/div>\n","protected":false},"excerpt":{"rendered":"<p>Latausasema EVON DUAL 2x11kW \/ 1x22kW asennettuna kaappiin on suunniteltu erityisesti sujuvaan lataamiseen ty\u00f6maaymp\u00e4rist\u00f6iss\u00e4. Ominaisuuksina kuormanhallinta, kulutuksenseuranta ja paljon muuta. Lataus aloitetaan RFID-kortilla, Evchargo-sovelluksella tai heti, kun latauskaapeli yhdistet\u00e4\u00e4n ajoneuvoon. Sis\u00e4\u00e4nrakennettu tyypin A 30mA henkil\u00f6suoja 6mA tasavirtatunnistuksella. Hallinta WiFi-, 4G-, ethernet- tai Bluetooth-yhteydell\u00e4. Edess\u00e4 oleva merkkivalo osoittaa selv\u00e4sti lataustilan eri v\u00e4reill\u00e4 (punainen, keltainen, vihre\u00e4).<br \/>\nKaappi on polttomaalattua galvanoitua ter\u00e4st\u00e4 ruostumattomasta ter\u00e4ksest\u00e4 valmistetuilla, kokoontaitettavilla jaloilla. Helppo varastoida. Mukana 2 m pistotulpallinen liitoskaapeli 32A pistorasiaan.<\/p>\n","protected":false},"featured_media":5961,"comment_status":"open","ping_status":"closed","template":"","meta":[],"product_brand":[],"product_cat":[165,168,15,164],"product_tag":[],"class_list":{"0":"post-5960","1":"product","2":"type-product","3":"status-publish","4":"has-post-thumbnail","6":"product_cat-latausasemat","7":"product_cat-latausasemat-ac","8":"product_cat-products","9":"product_cat-sahkoajoneuvot","10":"product_shipping_class-campaign-shipping","11":"pa_brands-malmbergs","13":"first","14":"instock","15":"taxable","16":"shipping-taxable","17":"purchasable","18":"product-type-simple"},"_links":{"self":[{"href":"https:\/\/texus.fi\/fi\/wp-json\/wp\/v2\/product\/5960","targetHints":{"allow":["GET"]}}],"collection":[{"href":"https:\/\/texus.fi\/fi\/wp-json\/wp\/v2\/product"}],"about":[{"href":"https:\/\/texus.fi\/fi\/wp-json\/wp\/v2\/types\/product"}],"replies":[{"embeddable":true,"href":"https:\/\/texus.fi\/fi\/wp-json\/wp\/v2\/comments?post=5960"}],"wp:featuredmedia":[{"embeddable":true,"href":"https:\/\/texus.fi\/fi\/wp-json\/wp\/v2\/media\/5961"}],"wp:attachment":[{"href":"https:\/\/texus.fi\/fi\/wp-json\/wp\/v2\/media?parent=5960"}],"wp:term":[{"taxonomy":"product_brand","embeddable":true,"href":"https:\/\/texus.fi\/fi\/wp-json\/wp\/v2\/product_brand?post=5960"},{"taxonomy":"product_cat","embeddable":true,"href":"https:\/\/texus.fi\/fi\/wp-json\/wp\/v2\/product_cat?post=5960"},{"taxonomy":"product_tag","embeddable":true,"href":"https:\/\/texus.fi\/fi\/wp-json\/wp\/v2\/product_tag?post=5960"}],"curies":[{"name":"wp","href":"https:\/\/api.w.org\/{rel}","templated":true}]}}