{"id":5972,"date":"2025-01-30T14:23:19","date_gmt":"2025-01-30T11:23:19","guid":{"rendered":"https:\/\/texus.fi\/?post_type=product&#038;p=5972"},"modified":"2026-01-30T14:25:56","modified_gmt":"2026-01-30T11:25:56","slug":"malmbergs-latausasema-rocket-dc-120kw-300a-kaapelilla-ccs2","status":"publish","type":"product","link":"https:\/\/texus.fi\/fi\/malmbergs-latausasema-rocket-dc-120kw-300a-kaapelilla-ccs2\/","title":{"rendered":"Malmbergs &#8211; Latausasema Rocket DC, 120kW, 300A, Kaapelilla, CCS2"},"content":{"rendered":"<div class=\"tabs-panel panel-smart\">\n<div class=\"tab-content clearfix\">\n<div id=\"tab-description\" class=\"tab-pane active\">\n<div class=\"tabs-panel panel-smart\">\n<div class=\"tab-content clearfix\">\n<div id=\"tab-description\" class=\"tab-pane active\">\n<div class=\"tabs-panel panel-smart\">\n<div class=\"tab-content clearfix\">\n<div id=\"tab-description\" class=\"tab-pane active\">\n<div class=\"tabs-panel panel-smart\">\n<div class=\"tab-content clearfix\">\n<div id=\"tab-description\" class=\"tab-pane active\">\n<div class=\"tabs-panel panel-smart\">\n<div class=\"tab-content clearfix\">\n<div id=\"tab-description\" class=\"tab-pane active\">\n<div class=\"tabs-panel panel-smart\">\n<div class=\"tab-content clearfix\">\n<div id=\"tab-description\" class=\"tab-pane active\">\n<div class=\"tabs-panel panel-smart\">\n<div class=\"tab-content clearfix\">\n<div id=\"tab-description\" class=\"tab-pane active\">\n<div class=\"tabs-panel panel-smart\">\n<div class=\"tab-content clearfix\">\n<div id=\"tab-description\" class=\"tab-pane active\">\n<div class=\"tabs-panel panel-smart\">\n<div class=\"tab-content clearfix\">\n<div id=\"tab-description\" class=\"tab-pane active\">\n<div class=\"tabs-panel panel-smart\">\n<div class=\"tab-content clearfix\">\n<div id=\"tab-description\" class=\"tab-pane active\">\n<div>Rocket DC -latausasema on tarkoitettu niille, jotka haluavat helpon ja tehokkaan pikalatauksen parkkipaikalla tai huoltoasemalla. Se k\u00e4ytt\u00e4\u00e4 40 kW:n vakiotehomoduulia latausajan lyhent\u00e4miseksi suurella virralla. Se jakaa \u00e4lykk\u00e4\u00e4sti tehoa ajoneuvojen erilaisiin lataustarpeisiin turvallisesti ja nopeasti. Latausaseman ohjelmistoa yll\u00e4pidet\u00e4\u00e4n jatkuvasti et\u00e4p\u00e4ivitysten avulla. Lis\u00e4varusteina Payterin Apollo-korttip\u00e4\u00e4te helppoa ja k\u00e4tev\u00e4\u00e4 maksua varten sek\u00e4 k\u00e4tev\u00e4 kaapelin ripustuslaite latauskaapelin k\u00e4sittelyn helpottamiseksi. Vikavirtasuoja tyyppi A. Yhdistet\u00e4\u00e4n WiFi:n, Ethernet-kaapelin tai 4G:n kautta. Etusulake = 1,25 x nimellisvirta.<\/div>\n<\/div>\n<\/div>\n<\/div>\n<div class=\"product-info-box\"><\/div>\n<\/div>\n<\/div>\n<\/div>\n<\/div>\n<\/div>\n<\/div>\n<\/div>\n<\/div>\n<\/div>\n<\/div>\n<\/div>\n<\/div>\n<\/div>\n<\/div>\n<\/div>\n<\/div>\n<\/div>\n<\/div>\n<\/div>\n<\/div>\n<\/div>\n<\/div>\n<\/div>\n<\/div>\n<\/div>\n<\/div>\n<\/div>\n","protected":false},"excerpt":{"rendered":"<div class=\"tabs-panel panel-smart\">\n<div class=\"tab-content clearfix\">\n<div id=\"tab-description\" class=\"tab-pane active\">\n<div class=\"tabs-panel panel-smart\">\n<div class=\"tab-content clearfix\">\n<div id=\"tab-description\" class=\"tab-pane active\">\n<div class=\"tabs-panel panel-smart\">\n<div class=\"tab-content clearfix\">\n<div id=\"tab-description\" class=\"tab-pane active\">\n<div class=\"tabs-panel panel-smart\">\n<div class=\"tab-content clearfix\">\n<div id=\"tab-description\" class=\"tab-pane active\">\n<div class=\"tabs-panel panel-smart\">\n<div class=\"tab-content clearfix\">\n<div id=\"tab-description\" class=\"tab-pane active\">\n<div>Rocket DC -latausasema on tarkoitettu niille, jotka haluavat helpon ja tehokkaan pikalatauksen parkkipaikalla tai huoltoasemalla. Se k\u00e4ytt\u00e4\u00e4 40 kW:n vakiotehomoduulia latausajan lyhent\u00e4miseksi suurella virralla. Se jakaa \u00e4lykk\u00e4\u00e4sti tehoa ajoneuvojen erilaisiin lataustarpeisiin turvallisesti ja nopeasti. Latausaseman ohjelmistoa yll\u00e4pidet\u00e4\u00e4n jatkuvasti et\u00e4p\u00e4ivitysten avulla. Lis\u00e4varusteina Payterin Apollo-korttip\u00e4\u00e4te helppoa ja k\u00e4tev\u00e4\u00e4 maksua varten sek\u00e4 k\u00e4tev\u00e4 kaapelin ripustuslaite latauskaapelin k\u00e4sittelyn helpottamiseksi. Vikavirtasuoja tyyppi A. Yhdistet\u00e4\u00e4n WiFi:n, Ethernet-kaapelin tai 4G:n kautta. Etusulake = 1,25 x nimellisvirta.<\/div>\n<\/div>\n<\/div>\n<\/div>\n<div class=\"product-info-box\"><\/div>\n<\/div>\n<\/div>\n<\/div>\n<\/div>\n<\/div>\n<\/div>\n<\/div>\n<\/div>\n<\/div>\n<\/div>\n<\/div>\n<\/div>\n","protected":false},"featured_media":5973,"comment_status":"open","ping_status":"closed","template":"","meta":[],"product_brand":[],"product_cat":[165,169,15,164],"product_tag":[],"class_list":{"0":"post-5972","1":"product","2":"type-product","3":"status-publish","4":"has-post-thumbnail","6":"product_cat-latausasemat","7":"product_cat-latausasemat-dc","8":"product_cat-products","9":"product_cat-sahkoajoneuvot","10":"product_shipping_class-campaign-shipping","11":"pa_brands-malmbergs","13":"first","14":"outofstock","15":"taxable","16":"shipping-taxable","17":"purchasable","18":"product-type-simple"},"_links":{"self":[{"href":"https:\/\/texus.fi\/fi\/wp-json\/wp\/v2\/product\/5972","targetHints":{"allow":["GET"]}}],"collection":[{"href":"https:\/\/texus.fi\/fi\/wp-json\/wp\/v2\/product"}],"about":[{"href":"https:\/\/texus.fi\/fi\/wp-json\/wp\/v2\/types\/product"}],"replies":[{"embeddable":true,"href":"https:\/\/texus.fi\/fi\/wp-json\/wp\/v2\/comments?post=5972"}],"wp:featuredmedia":[{"embeddable":true,"href":"https:\/\/texus.fi\/fi\/wp-json\/wp\/v2\/media\/5973"}],"wp:attachment":[{"href":"https:\/\/texus.fi\/fi\/wp-json\/wp\/v2\/media?parent=5972"}],"wp:term":[{"taxonomy":"product_brand","embeddable":true,"href":"https:\/\/texus.fi\/fi\/wp-json\/wp\/v2\/product_brand?post=5972"},{"taxonomy":"product_cat","embeddable":true,"href":"https:\/\/texus.fi\/fi\/wp-json\/wp\/v2\/product_cat?post=5972"},{"taxonomy":"product_tag","embeddable":true,"href":"https:\/\/texus.fi\/fi\/wp-json\/wp\/v2\/product_tag?post=5972"}],"curies":[{"name":"wp","href":"https:\/\/api.w.org\/{rel}","templated":true}]}}