{"id":67,"date":"2024-05-31T17:15:16","date_gmt":"2024-05-31T14:15:16","guid":{"rendered":"https:\/\/texus.fi\/?post_type=product&#038;p=67"},"modified":"2025-03-05T14:22:31","modified_gmt":"2025-03-05T11:22:31","slug":"sy120-aurinkopaneelin-seurantalaakeri","status":"publish","type":"product","link":"https:\/\/texus.fi\/fi\/sy120-aurinkopaneelin-seurantalaakeri\/","title":{"rendered":"SY120 Aurinkopaneelin Seurantalaakeri"},"content":{"rendered":"<p>SY120<\/p>\n<p>120&#215;120 profiilin alla olevat laakerit, joissa aurinkoseurantalaite py\u00f6ritt\u00e4\u00e4 olemassa olevaa j\u00e4rjestelm\u00e4\u00e4si, on valmistettu 4 kappaleena erityisest\u00e4 polymeerimateriaalista. N\u00e4in ollen aurinkoseurantaprojektiisi ei tarvita ylim\u00e4\u00e4r\u00e4ist\u00e4 erityist\u00e4 laakerointity\u00f6t\u00e4. Helppok\u00e4ytt\u00f6isyytens\u00e4 ja asennuksen helppouden ansiosta se yhdistet\u00e4\u00e4n ala- ja yl\u00e4profiililaakereihin alustan jalustalle asennuksen j\u00e4lkeen. Viimeisess\u00e4 vaiheessa voidaan liitt\u00e4\u00e4 olemassa olevat pultit ja tehd\u00e4 pukki &#8211; s\u00e4nky -liitokset ja varmistaa, ett\u00e4 koko alustusty\u00f6 saadaan k\u00e4yt\u00e4nn\u00f6llisesti valmiiksi.<\/p>\n<p>Valmistettu eritt\u00e4in lujasta teknisest\u00e4 muovista. Koveran kulmarakenteensa ansiosta se est\u00e4\u00e4 aksiaaliset poikkeamat ja varmistaa koko rivin sujuvan toiminnan. 4-osaisen suunnittelunsa ansiosta sit\u00e4 valmistetaan 120&#215;120 profiilille sopivissa koossa sek\u00e4 helppo asentaa.<\/p>\n","protected":false},"excerpt":{"rendered":"<p>120&#215;120 profiilin alla olevat laakerit, joissa aurinkoseurantalaite py\u00f6ritt\u00e4\u00e4 olemassa olevaa j\u00e4rjestelm\u00e4\u00e4si, on valmistettu 4 kappaleena erityisest\u00e4 polymeerimateriaalista. N\u00e4in ollen aurinkoseurantaprojektiisi ei tarvita ylim\u00e4\u00e4r\u00e4ist\u00e4 erityist\u00e4 laakerointity\u00f6t\u00e4. Helppok\u00e4ytt\u00f6isyytens\u00e4 ja asennuksen helppouden ansiosta se yhdistet\u00e4\u00e4n ala- ja yl\u00e4profiililaakereihin alustan jalustalle asennuksen j\u00e4lkeen. Viimeisess\u00e4 vaiheessa voidaan liitt\u00e4\u00e4 olemassa olevat pultit ja tehd\u00e4 pukki &#8211; s\u00e4nky -liitokset ja varmistaa, ett\u00e4 koko alustusty\u00f6 saadaan k\u00e4yt\u00e4nn\u00f6llisesti valmiiksi.<\/p>\n","protected":false},"featured_media":70,"comment_status":"open","ping_status":"closed","template":"","meta":[],"product_brand":[],"product_cat":[18,20,15],"product_tag":[],"class_list":{"0":"post-67","1":"product","2":"type-product","3":"status-publish","4":"has-post-thumbnail","6":"product_cat-aurinko-seurantalaitteet","7":"product_cat-aurinkopaneelin-seurantalaakeri","8":"product_cat-products","9":"pa_brands-remak","11":"first","12":"outofstock","13":"taxable","14":"shipping-taxable","15":"product-type-simple"},"_links":{"self":[{"href":"https:\/\/texus.fi\/fi\/wp-json\/wp\/v2\/product\/67","targetHints":{"allow":["GET"]}}],"collection":[{"href":"https:\/\/texus.fi\/fi\/wp-json\/wp\/v2\/product"}],"about":[{"href":"https:\/\/texus.fi\/fi\/wp-json\/wp\/v2\/types\/product"}],"replies":[{"embeddable":true,"href":"https:\/\/texus.fi\/fi\/wp-json\/wp\/v2\/comments?post=67"}],"wp:featuredmedia":[{"embeddable":true,"href":"https:\/\/texus.fi\/fi\/wp-json\/wp\/v2\/media\/70"}],"wp:attachment":[{"href":"https:\/\/texus.fi\/fi\/wp-json\/wp\/v2\/media?parent=67"}],"wp:term":[{"taxonomy":"product_brand","embeddable":true,"href":"https:\/\/texus.fi\/fi\/wp-json\/wp\/v2\/product_brand?post=67"},{"taxonomy":"product_cat","embeddable":true,"href":"https:\/\/texus.fi\/fi\/wp-json\/wp\/v2\/product_cat?post=67"},{"taxonomy":"product_tag","embeddable":true,"href":"https:\/\/texus.fi\/fi\/wp-json\/wp\/v2\/product_tag?post=67"}],"curies":[{"name":"wp","href":"https:\/\/api.w.org\/{rel}","templated":true}]}}