{"id":721,"date":"2024-07-25T12:55:57","date_gmt":"2024-07-25T09:55:57","guid":{"rendered":"https:\/\/texus.fi\/?post_type=product&#038;p=721"},"modified":"2025-03-05T14:21:37","modified_gmt":"2025-03-05T11:21:37","slug":"sonnenkraft-power-modules-maxim","status":"publish","type":"product","link":"https:\/\/texus.fi\/fi\/sonnenkraft-power-modules-maxim\/","title":{"rendered":"Sonnenkraft &#8211; POWER-moduulit MAXIM"},"content":{"rendered":"<p><span data-sheets-root=\"1\">POWER-moduulit MAXIM varjostusta varten<\/span><br \/>\n<span data-sheets-root=\"1\">&#8211; Soveltuu alueille, joilla voi esiinty\u00e4 varjostusta, likaantumista tai eri suuntiin suuntautumista.<\/span><br \/>\n<span data-sheets-root=\"1\">&#8211; \u00c4lyk\u00e4s MAXIM-liit\u00e4nt\u00e4rasia kompensoi varjostush\u00e4vi\u00f6it\u00e4 ja lis\u00e4\u00e4 energiantuottoa.<\/span><br \/>\n<span data-sheets-root=\"1\">&#8211; Ei vaadi lis\u00e4komponentteja ja on yhteensopiva kaikkien taajuusmuuttajien kanssa.<\/span><br \/>\n<span data-sheets-root=\"1\">&#8211; Heijastamaton aurinkolasi, jossa on heijastamaton pinnoite<\/span><\/p>\n<p>MAXIM Technology<br \/>\n<span data-sheets-root=\"1\">Jos osa aurinkos\u00e4hk\u00f6moduulista varjostuu, koko moduulin tai s\u00e4ikeen teho pienenee. Integroituja tehooptimointilaitteita voidaan k\u00e4ytt\u00e4\u00e4 n\u00e4iden tehoh\u00e4vi\u00f6iden kompensoimiseksi. MAXIM-moduulissa perinteiset ohitusdiodit on korvattu \u00e4lykk\u00e4ill\u00e4 MAXIM-optimointilaitteilla. Tummennettu kennojono, ohitetaan niin, ettei negatiivista vaikutusta j\u00e4ljelle j\u00e4\u00e4v\u00e4\u00e4n sarjayhteyteen ole ohitettu jopa 10 % enemm\u00e4n tuottoa voidaan tuottaa.<\/span><\/p>\n<ul>\n<li><span data-sheets-root=\"1\">365 Wp HC MAXIM musta, jossa on 120 puolileikattua kappaletta.<\/span><br \/>\n<span data-sheets-root=\"1\">Muotoilu: musta runko ja musta taustalevy<\/span><br \/>\n<span data-sheets-root=\"1\">takalevy (etupuoli: musta, takapuoli: valkoinen)<\/span><\/li>\n<li><span data-sheets-root=\"1\">410 Wp HC MAXIM musta, jossa on 108 puolileikattua kappaletta.<\/span><br \/>\n<span data-sheets-root=\"1\">Muotoilu: musta runko ja musta taustalevy<\/span><br \/>\n<span data-sheets-root=\"1\">takalevy (etupuoli: musta, takapuoli: valkoinen)<\/span><\/li>\n<\/ul>\n<p><strong>Tietolehti:<\/strong> <a href=\"https:\/\/texus.fi\/wp-content\/uploads\/2024\/07\/Datenblatt-fuer-Verschattungen-POWER-HC-MAXIM_365.pdf\">Datenblatt-fuer-Verschattungen-POWER-HC-MAXIM_365<\/a><\/p>\n","protected":false},"excerpt":{"rendered":"<p>POWER-moduulit MAXIM varjostusta varten &#8211; Soveltuu alueille, joilla voi esiinty\u00e4 varjostusta, likaantumista tai eri suuntiin suuntautumista. &#8211; \u00c4lyk\u00e4s MAXIM-liit\u00e4nt\u00e4rasia kompensoi varjostush\u00e4vi\u00f6it\u00e4 ja lis\u00e4\u00e4 energiantuottoa. &#8211; Ei vaadi lis\u00e4komponentteja ja on yhteensopiva kaikkien taajuusmuuttajien kanssa. &#8211; Heijastamaton aurinkolasi, jossa on heijastamaton pinnoite MAXIM Technology Jos osa aurinkos\u00e4hk\u00f6moduulista varjostuu, koko moduulin tai s\u00e4ikeen teho pienenee. Integroituja tehooptimointilaitteita [&hellip;]<\/p>\n","protected":false},"featured_media":724,"comment_status":"open","ping_status":"closed","template":"","meta":[],"product_brand":[],"product_cat":[27,29,15],"product_tag":[],"class_list":{"0":"post-721","1":"product","2":"type-product","3":"status-publish","4":"has-post-thumbnail","6":"product_cat-aurinkopaneelit","7":"product_cat-monofacial","8":"product_cat-products","9":"pa_brands-sonnenkraft","11":"first","12":"onbackorder","13":"taxable","14":"shipping-taxable","15":"product-type-simple"},"_links":{"self":[{"href":"https:\/\/texus.fi\/fi\/wp-json\/wp\/v2\/product\/721","targetHints":{"allow":["GET"]}}],"collection":[{"href":"https:\/\/texus.fi\/fi\/wp-json\/wp\/v2\/product"}],"about":[{"href":"https:\/\/texus.fi\/fi\/wp-json\/wp\/v2\/types\/product"}],"replies":[{"embeddable":true,"href":"https:\/\/texus.fi\/fi\/wp-json\/wp\/v2\/comments?post=721"}],"wp:featuredmedia":[{"embeddable":true,"href":"https:\/\/texus.fi\/fi\/wp-json\/wp\/v2\/media\/724"}],"wp:attachment":[{"href":"https:\/\/texus.fi\/fi\/wp-json\/wp\/v2\/media?parent=721"}],"wp:term":[{"taxonomy":"product_brand","embeddable":true,"href":"https:\/\/texus.fi\/fi\/wp-json\/wp\/v2\/product_brand?post=721"},{"taxonomy":"product_cat","embeddable":true,"href":"https:\/\/texus.fi\/fi\/wp-json\/wp\/v2\/product_cat?post=721"},{"taxonomy":"product_tag","embeddable":true,"href":"https:\/\/texus.fi\/fi\/wp-json\/wp\/v2\/product_tag?post=721"}],"curies":[{"name":"wp","href":"https:\/\/api.w.org\/{rel}","templated":true}]}}