{"id":725,"date":"2024-07-25T12:56:07","date_gmt":"2024-07-25T09:56:07","guid":{"rendered":"https:\/\/texus.fi\/?post_type=product&#038;p=725"},"modified":"2025-03-05T14:21:35","modified_gmt":"2025-03-05T11:21:35","slug":"sonnenkraft-power-modules-alpin","status":"publish","type":"product","link":"https:\/\/texus.fi\/fi\/sonnenkraft-power-modules-alpin\/","title":{"rendered":"Sonnenkraft &#8211; POWER-moduulit ALPIN"},"content":{"rendered":"<p><span data-sheets-root=\"1\">POWER-moduulit ALPIN suuria lumikuormia varten<\/span><\/p>\n<p><span data-sheets-root=\"1\">&#8211; Soveltuu alueille, joilla lumikuormat ovat eritt\u00e4in suuria.<\/span><br \/>\n<span data-sheets-root=\"1\">&#8211; Vahvempi moduulikehys, jossa on enemm\u00e4n joustavuutta<\/span><br \/>\n<span data-sheets-root=\"1\">&#8211; Moduulin parempi j\u00e4ykist\u00e4minen asentamalla moduulin takaosaan valinnaiset takakiskot.<\/span><\/p>\n<p><span data-sheets-root=\"1\">Lumikuormat jopa 8 000 Pa<\/span><br \/>\n<span data-sheets-root=\"1\">Testattu parruankkureilla ja takakiskoilla SPF-testiohjeiden mukaisesti Jotta POWER-MODUL ALPIN 325 Wp j\u00e4ykistet\u00e4\u00e4n asennustilanteen mukaan ja kest\u00e4\u00e4 suurimmat, jopa 8 000 Pa:n kuormat, moduulin takaosaan kiinnitet\u00e4\u00e4n kaksi valinnaista takakiskoa. Moduuli testattiin inhomogeenisen SPF-lumikuormitustestin avulla alam\u00e4kivoimien osalta, ja se t\u00e4ytt\u00e4\u00e4 korkeimmat laatu- ja turvallisuusvaatimukset.<\/span><\/p>\n<ul>\n<li><span data-sheets-root=\"1\">325 Wp ALPIN musta, jossa on 60 t\u00e4ytt\u00e4 kennoa<\/span><br \/>\n<span data-sheets-root=\"1\">Muotoilu: musta runko ja musta takalevy, takakalvo (etuosa: musta, takaosa: valkoinen).<\/span><\/li>\n<li><span data-sheets-root=\"1\">425 Wp HC ALPIN musta (2 x 2 mm), jossa on 108 kaksoispuoliskon leikkausleikkausta<\/span><br \/>\n<span data-sheets-root=\"1\">Muotoilu: musta runko ja l\u00e4pin\u00e4kyv\u00e4 kapselointikelmu ja musta seulapainatus.<\/span><\/li>\n<li><span data-sheets-root=\"1\">400 Wp HC ALPIN terrakotta (2 x 2 mm), jossa on 108 puoliksi leikattua palaa.<\/span><br \/>\n<span data-sheets-root=\"1\">Muotoilu: punainen kehys ja punainen kapselointikalvo erityisesti muistomerkkien s\u00e4ilytt\u00e4mist\u00e4 varten<\/span><\/li>\n<\/ul>\n<p>Tietolehti:<\/p>\n<p><a href=\"https:\/\/texus.fi\/wp-content\/uploads\/2024\/07\/Datenblatt-fuer-hohe-Schneelasten-POWER-ALPIN_325_430.pdf\">Datenblatt-fuer-hohe-Schneelasten-POWER-ALPIN_325_430<\/a><br \/>\n<a href=\"https:\/\/texus.fi\/wp-content\/uploads\/2024\/07\/Datenblatt-fuer-Denkmalgeschuetzte-Gebaeude-TERRACOTTA_400.pdf\">Datenblatt-fuer-Denkmalgeschuetzte-Gebaeude-TERRACOTTA_400<\/a><\/p>\n","protected":false},"excerpt":{"rendered":"<p>POWER-moduulit ALPIN suuria lumikuormia varten &#8211; Soveltuu alueille, joilla lumikuormat ovat eritt\u00e4in suuria. &#8211; Vahvempi moduulikehys, jossa on enemm\u00e4n joustavuutta &#8211; Moduulin parempi j\u00e4ykist\u00e4minen asentamalla moduulin takaosaan valinnaiset takakiskot. Lumikuormat jopa 8 000 Pa Testattu parruankkureilla ja takakiskoilla SPF-testiohjeiden mukaisesti Jotta POWER-MODUL ALPIN 325 Wp j\u00e4ykistet\u00e4\u00e4n asennustilanteen mukaan ja kest\u00e4\u00e4 suurimmat, jopa 8 000 Pa:n [&hellip;]<\/p>\n","protected":false},"featured_media":727,"comment_status":"open","ping_status":"closed","template":"","meta":[],"product_brand":[],"product_cat":[27,28,29,15],"product_tag":[],"class_list":{"0":"post-725","1":"product","2":"type-product","3":"status-publish","4":"has-post-thumbnail","6":"product_cat-aurinkopaneelit","7":"product_cat-bifacial","8":"product_cat-monofacial","9":"product_cat-products","10":"pa_brands-sonnenkraft","12":"first","13":"onbackorder","14":"taxable","15":"shipping-taxable","16":"product-type-simple"},"_links":{"self":[{"href":"https:\/\/texus.fi\/fi\/wp-json\/wp\/v2\/product\/725","targetHints":{"allow":["GET"]}}],"collection":[{"href":"https:\/\/texus.fi\/fi\/wp-json\/wp\/v2\/product"}],"about":[{"href":"https:\/\/texus.fi\/fi\/wp-json\/wp\/v2\/types\/product"}],"replies":[{"embeddable":true,"href":"https:\/\/texus.fi\/fi\/wp-json\/wp\/v2\/comments?post=725"}],"wp:featuredmedia":[{"embeddable":true,"href":"https:\/\/texus.fi\/fi\/wp-json\/wp\/v2\/media\/727"}],"wp:attachment":[{"href":"https:\/\/texus.fi\/fi\/wp-json\/wp\/v2\/media?parent=725"}],"wp:term":[{"taxonomy":"product_brand","embeddable":true,"href":"https:\/\/texus.fi\/fi\/wp-json\/wp\/v2\/product_brand?post=725"},{"taxonomy":"product_cat","embeddable":true,"href":"https:\/\/texus.fi\/fi\/wp-json\/wp\/v2\/product_cat?post=725"},{"taxonomy":"product_tag","embeddable":true,"href":"https:\/\/texus.fi\/fi\/wp-json\/wp\/v2\/product_tag?post=725"}],"curies":[{"name":"wp","href":"https:\/\/api.w.org\/{rel}","templated":true}]}}